{"id":37898,"date":"2025-08-20T09:26:10","date_gmt":"2025-08-20T07:26:10","guid":{"rendered":"https:\/\/nospr.org.pl\/sklep\/produkt\/lapwood-filmowy-glos-organow\/"},"modified":"2025-11-07T12:46:10","modified_gmt":"2025-11-07T11:46:10","slug":"lapwood-filmowy-glos-organow","status":"publish","type":"product","link":"https:\/\/nospr.org.pl\/sklep\/produkt\/lapwood-filmowy-glos-organow\/","title":{"rendered":"Lapwood \/ Filmowy g\u0142os organ\u00f3w"},"content":{"rendered":"<p>Czy mo\u017cna poczu\u0107 emocje kina bez ekranu? Ten koncert udowadnia, \u017ce tak &ndash; organy, cz\u0119sto kojarzone z muzyk\u0105 sakraln\u0105, okazuj\u0105 si\u0119 idealnym no\u015bnikiem filmowego rozmachu. Potrafi\u0105 zast\u0105pi\u0107 ca\u0142\u0105 orkiestr\u0119, ale te\u017c wydoby\u0107 ze znanych kinowych motyw&oacute;w g\u0142\u0119bi\u0119, kt&oacute;rej wcze\u015bniej nie s\u0142yszeli\u015bmy, nada\u0107 im now\u0105 przestrze\u0144 i dramaturgi\u0119. Jak zabrzmi\u0105 w organowych aran\u017cacjach s\u0142ynne tematy z Gwiezdnych wojen, Pirat&oacute;w z Karaib&oacute;w czy Interstellar? Jakie nowe emocje i czu\u0142e struny porusz\u0105 w s\u0142uchaczach? W programie opr&oacute;cz utwor&oacute;w najwi\u0119kszych mistrz&oacute;w muzyki filmowej, takich jak John Williams czy Hans Zimmer, pojawi\u0105 si\u0119 tak\u017ce kompozycje Ludovica Einaudiego i Olivii Belli &ndash; z pogranicza wsp&oacute;\u0142czesnego minimalizmu i muzyki ambientowej. Nie zabraknie te\u017c klasycznego akcentu pod postaci\u0105 wirtuozowskiej Toccaty Eug&egrave;ne&rsquo;a Gigouta, bo tradycja i wsp&oacute;\u0142czesno\u015b\u0107 wcale nie s\u0105 od siebie tak bardzo odleg\u0142e. Przekonamy si\u0119, \u017ce organy nie znaj\u0105 muzycznych ogranicze\u0144 &ndash; nieustannie zaskakuj\u0105 nowym g\u0142osem.&nbsp;<\/p>\n<p><strong>Julia Broniowska&nbsp;\/ NOSPR<\/strong><\/p>\n<p><strong>Czas trwania koncertu (\u0142\u0105cznie z przerw\u0105)<\/strong>: ok. 100 minut<\/p>\n<p><strong>Wszystko, co musisz wiedzie\u0107 przed wizyt\u0105 w NOSPR &ndash; <a href=\"https:\/\/nospr.org.pl\/pl\/aktualnosci\/wszystko-co-musisz-wiedziec-przed-wizyta-w-nospr\" rel=\"noreferrer noopener\" target=\"_blank\">wskaz&oacute;wki dla uczestnik&oacute;w wydarze\u0144<\/a>.&nbsp;<\/strong><span>&nbsp;<\/span><\/p>\n<p>Prosimy o&nbsp;zapoznanie&nbsp;si\u0119 z&nbsp;informacjami dotycz\u0105cymi parking&oacute;w w&nbsp;Strefie Kultury&nbsp;&ndash;&nbsp;<strong><a href=\"https:\/\/nospr.org.pl\/pl\/aktualnosci\/wazne-informacje-o-parkingach\" rel=\"noreferrer noopener\" target=\"_blank\">wa\u017cne informacje o&nbsp;parkingach<\/a>&nbsp;&nbsp;<\/strong><\/p>\n","protected":false},"excerpt":{"rendered":"<p>Czy mo\u017cna poczu\u0107 emocje kina bez ekranu? Ten koncert udowadnia, \u017ce tak &ndash; organy, cz\u0119sto kojarzone z muzyk\u0105 sakraln\u0105, okazuj\u0105 si\u0119 idealnym no\u015bnikiem filmowego rozmachu. Potrafi\u0105 zast\u0105pi\u0107 ca\u0142\u0105 orkiestr\u0119, ale te\u017c wydoby\u0107 ze znanych kinowych motyw&oacute;w g\u0142\u0119bi\u0119, kt&oacute;rej wcze\u015bniej nie s\u0142yszeli\u015bmy, nada\u0107 im now\u0105 przestrze\u0144 i dramaturgi\u0119. Jak zabrzmi\u0105 w organowych aran\u017cacjach s\u0142ynne tematy z [&hellip;]<\/p>\n","protected":false},"featured_media":0,"template":"","meta":{"_acf_changed":false,"inline_featured_image":false},"product_brand":[],"product_cat":[2219,2246],"product_tag":[],"class_list":{"0":"post-37898","1":"product","2":"type-product","3":"status-publish","5":"product_cat-cat_246","6":"product_cat-cat_256","8":"first","9":"instock","10":"virtual","11":"purchasable","12":"product-type-simple"},"acf":[],"_links":{"self":[{"href":"https:\/\/nospr.org.pl\/sklep\/wp-json\/wp\/v2\/product\/37898","targetHints":{"allow":["GET"]}}],"collection":[{"href":"https:\/\/nospr.org.pl\/sklep\/wp-json\/wp\/v2\/product"}],"about":[{"href":"https:\/\/nospr.org.pl\/sklep\/wp-json\/wp\/v2\/types\/product"}],"wp:attachment":[{"href":"https:\/\/nospr.org.pl\/sklep\/wp-json\/wp\/v2\/media?parent=37898"}],"wp:term":[{"taxonomy":"product_brand","embeddable":true,"href":"https:\/\/nospr.org.pl\/sklep\/wp-json\/wp\/v2\/product_brand?post=37898"},{"taxonomy":"product_cat","embeddable":true,"href":"https:\/\/nospr.org.pl\/sklep\/wp-json\/wp\/v2\/product_cat?post=37898"},{"taxonomy":"product_tag","embeddable":true,"href":"https:\/\/nospr.org.pl\/sklep\/wp-json\/wp\/v2\/product_tag?post=37898"}],"curies":[{"name":"wp","href":"https:\/\/api.w.org\/{rel}","templated":true}]}}