{"id":37887,"date":"2025-08-20T09:20:10","date_gmt":"2025-08-20T07:20:10","guid":{"rendered":"https:\/\/nospr.org.pl\/sklep\/produkt\/scena-mlodych-orkiestra-akademii-nospr-szosta-5\/"},"modified":"2026-04-12T15:32:04","modified_gmt":"2026-04-12T13:32:04","slug":"scena-mlodych-orkiestra-akademii-nospr-szosta-5","status":"publish","type":"product","link":"https:\/\/nospr.org.pl\/sklep\/produkt\/scena-mlodych-orkiestra-akademii-nospr-szosta-5\/","title":{"rendered":"Scena M\u0142odych \/ Szosta 5 x Akademia NOSPR"},"content":{"rendered":"<p>W tegorocznym programie Akademii NOSPR znajdzie si\u0119 wyj\u0105tkowa reinterpretacja <em>V Symfonii<\/em> Dymitra Szostakowicza, opracowana na 19-osobowy zesp&oacute;\u0142 kameralny. Koncepcja dyrygenta N&eacute;stora Bayony przekszta\u0142ca to symfoniczne dzie\u0142o w narracyjn\u0105 podr&oacute;\u017c, odzwierciedlaj\u0105c\u0105 emocjonalny i artystyczny rozw&oacute;j muzyka &ndash; od dzieci\u0144stwa po doros\u0142o\u015b\u0107 &ndash; opowiedzian\u0105 ca\u0142kowicie bez s\u0142&oacute;w.&nbsp;<\/p>\n<p>Spektakl \u0142\u0105czy muzyk\u0119 na \u017cywo z elementami teatralnymi, ta\u0144cem, \u015bwiat\u0142em i projekcjami wizualnymi. Na scenie pojawia si\u0119 dwoje aktor&oacute;w wyst\u0119puj\u0105cych w roli dzieci, symbolizuj\u0105cych pocz\u0105tek muzycznej drogi.&nbsp;<\/p>\n<p>Wyst\u0119p stopniowo ewoluuje &ndash; od formy tradycyjnego koncertu do wielozmys\u0142owego do\u015bwiadczenia. Program wzbogac\u0105 wybrane utwory kameralne w orkiestrowych aran\u017cacjach Bayony: <em>Ragtime <\/em>i <em>Cinq doigts<\/em> Igora Strawi\u0144skiego oraz <em>Sonata wiolonczelowa <\/em>Szostakowicza. Ka\u017cda cz\u0119\u015b\u0107 kszta\u0142towana jest nie tylko przez oryginaln\u0105 partytur\u0119, ale r&oacute;wnie\u017c przez elementy improwizacji, przestrzennej gry i emocjonalnych kontrast&oacute;w &ndash; od rado\u015bci po chaos, od zadumy po konfrontacj\u0119.&nbsp;<\/p>\n<p>Zaskakuj\u0105cym momentem jest pojawienie si\u0119 muzyki ameryka\u0144skiego kompozytora Johna Adamsa, kt&oacute;ra z impetem przerywa narracj\u0119, wnosz\u0105c intensywn\u0105 energi\u0119, przed powrotem do intymnego \u015bwiata dzieci\u0144stwa. Fina\u0142 prowadzi do mocnego zako\u0144czenia <em>V Symfonii<\/em> Szostakowicza, w kt&oacute;rym zesp&oacute;\u0142 bezpo\u015brednio zwraca si\u0119 do publiczno\u015bci, stawiaj\u0105c ponadczasowe pytania o sztuk\u0119 i to\u017csamo\u015b\u0107.&nbsp;<\/p>\n<p>&nbsp;<\/p>\n<p><strong>Wszystko, co musisz wiedzie\u0107 przed wizyt\u0105 w NOSPR &ndash; <a href=\"https:\/\/nospr.org.pl\/pl\/aktualnosci\/wszystko-co-musisz-wiedziec-przed-wizyta-w-nospr\" rel=\"noreferrer noopener\" target=\"_blank\">wskaz&oacute;wki dla uczestnik&oacute;w wydarze\u0144<\/a>.&nbsp;<\/strong><span>&nbsp;<\/span><\/p>\n<p>Prosimy o&nbsp;zapoznanie&nbsp;si\u0119 z&nbsp;informacjami dotycz\u0105cymi parking&oacute;w w&nbsp;Strefie Kultury&nbsp;&ndash;&nbsp;<strong><a href=\"https:\/\/nospr.org.pl\/pl\/aktualnosci\/wazne-informacje-o-parkingach\" rel=\"noreferrer noopener\" target=\"_blank\">wa\u017cne informacje o&nbsp;parkingach<\/a>&nbsp;<\/strong><\/p>\n","protected":false},"excerpt":{"rendered":"<p>W tegorocznym programie Akademii NOSPR znajdzie si\u0119 wyj\u0105tkowa reinterpretacja V Symfonii Dymitra Szostakowicza, opracowana na 19-osobowy zesp&oacute;\u0142 kameralny. Koncepcja dyrygenta N&eacute;stora Bayony przekszta\u0142ca to symfoniczne dzie\u0142o w narracyjn\u0105 podr&oacute;\u017c, odzwierciedlaj\u0105c\u0105 emocjonalny i artystyczny rozw&oacute;j muzyka &ndash; od dzieci\u0144stwa po doros\u0142o\u015b\u0107 &ndash; opowiedzian\u0105 ca\u0142kowicie bez s\u0142&oacute;w.&nbsp; Spektakl \u0142\u0105czy muzyk\u0119 na \u017cywo z elementami teatralnymi, ta\u0144cem, \u015bwiat\u0142em [&hellip;]<\/p>\n","protected":false},"featured_media":0,"template":"","meta":{"_acf_changed":false,"inline_featured_image":false},"product_brand":[],"product_cat":[2223],"product_tag":[],"class_list":{"0":"post-37887","1":"product","2":"type-product","3":"status-publish","5":"product_cat-cat_245","7":"first","8":"instock","9":"virtual","10":"purchasable","11":"product-type-simple"},"acf":[],"_links":{"self":[{"href":"https:\/\/nospr.org.pl\/sklep\/wp-json\/wp\/v2\/product\/37887","targetHints":{"allow":["GET"]}}],"collection":[{"href":"https:\/\/nospr.org.pl\/sklep\/wp-json\/wp\/v2\/product"}],"about":[{"href":"https:\/\/nospr.org.pl\/sklep\/wp-json\/wp\/v2\/types\/product"}],"wp:attachment":[{"href":"https:\/\/nospr.org.pl\/sklep\/wp-json\/wp\/v2\/media?parent=37887"}],"wp:term":[{"taxonomy":"product_brand","embeddable":true,"href":"https:\/\/nospr.org.pl\/sklep\/wp-json\/wp\/v2\/product_brand?post=37887"},{"taxonomy":"product_cat","embeddable":true,"href":"https:\/\/nospr.org.pl\/sklep\/wp-json\/wp\/v2\/product_cat?post=37887"},{"taxonomy":"product_tag","embeddable":true,"href":"https:\/\/nospr.org.pl\/sklep\/wp-json\/wp\/v2\/product_tag?post=37887"}],"curies":[{"name":"wp","href":"https:\/\/api.w.org\/{rel}","templated":true}]}}