{"id":37885,"date":"2025-08-20T09:18:08","date_gmt":"2025-08-20T07:18:08","guid":{"rendered":"https:\/\/nospr.org.pl\/sklep\/produkt\/orkiestra-muzyki-nowej-4\/"},"modified":"2026-04-12T15:42:06","modified_gmt":"2026-04-12T13:42:06","slug":"orkiestra-muzyki-nowej-4","status":"publish","type":"product","link":"https:\/\/nospr.org.pl\/sklep\/produkt\/orkiestra-muzyki-nowej-4\/","title":{"rendered":"Orkiestra Muzyki Nowej \/ Deus ex machina"},"content":{"rendered":"<p>Cho\u0107 w wielu kulturach d\u017awi\u0119k bywa uwa\u017cany za prapocz\u0105tek wszechrzeczy (vide: hinduistyczna mantra Om), w codziennym \u017cyciu rzadko dajemy mu prawo do bycia pierwszym, samodzielnym, samoistnym. Jego \u017ar&oacute;d\u0142em musi by\u0107 osoba albo przedmiot. By prze\u0142ama\u0107 ten spos&oacute;b my\u015blenia, Pierre Schaeffer uku\u0142 nawet specjalny termin &bdquo;muzyka akusmatyczna&rdquo;. C&oacute;\u017c z tego &ndash; cho\u0107 od tamtej pory min\u0119\u0142o prawie osiemdziesi\u0105t lat, wci\u0105\u017c wolimy s\u0142ucha\u0107 kogo\u015b albo czego\u015b, ni\u017c po prostu s\u0142ucha\u0107.<\/p>\n<p>Do kogo w takim razie nale\u017c\u0105 d\u017awi\u0119ki w muzyce? Do kompozytora, kt&oacute;ry je sobie wyobrazi\u0142 i zanotowa\u0142? Do dyrygenta decyduj\u0105cego o momencie ich zaistnienia (w <em>Points Ones<\/em> Alexandra Schuberta &ndash; samym gestem, bez po\u015brednictwa zespo\u0142u)? Wykonawcy uwalniaj\u0105cego je z instrumentu (cho\u0107by tak niezwyk\u0142ego, jak quasi-laboratoryjna hybryda skonstruowana specjalnie na potrzeby nowego utworu Marty \u015aniady)? Samego instrumentu, a mo\u017ce obs\u0142uguj\u0105cej go maszyny, jak dzieje si\u0119 to cz\u0119sto u Lisy Streich? Zreszt\u0105 przecie\u017c fortepian i skrzypce te\u017c s\u0105 &ndash; staro\u015bwieckimi i pi\u0119knymi &ndash; maszynami. A ludzie? Mo\u017ce to nie my wprawiamy d\u017awi\u0119ki w ruch, lecz one uruchamiaj\u0105 nas&hellip;<\/p>\n<p><strong>Micha\u0142 Mendyk<\/strong><\/p>\n<p>Ten koncert mo\u017ce by\u0107 cz\u0119\u015bci\u0105 &bdquo;Mojego karnetu&rdquo;. Sprawd\u017a szczeg&oacute;\u0142y i skomponuj &bdquo;M&oacute;j karnet&rdquo; dowolnie, wybieraj\u0105c spo\u015br&oacute;d koncert&oacute;w r&oacute;\u017cnych serii w sali kameralnej i koncertowej &ndash; <a href=\"https:\/\/nospr.org.pl\/pl\/bilety\/karnety\" rel=\"noreferrer noopener\" target=\"_blank\">wi\u0119cej informacji<\/a>.&nbsp;<\/p>\n<p><strong>Wszystko, co musisz wiedzie\u0107 przed wizyt\u0105 w NOSPR &ndash; <a href=\"https:\/\/nospr.org.pl\/pl\/aktualnosci\/wszystko-co-musisz-wiedziec-przed-wizyta-w-nospr\" rel=\"noreferrer noopener\" target=\"_blank\">wskaz&oacute;wki dla uczestnik&oacute;w wydarze\u0144<\/a>.&nbsp;<\/strong><\/p>\n<p>Prosimy o zapoznanie si\u0119 z informacjami dotycz\u0105cymi parking&oacute;w w Strefie Kultury &ndash; <strong><a href=\"https:\/\/nospr.org.pl\/pl\/aktualnosci\/wazne-informacje-o-parkingach\" rel=\"noreferrer noopener\" target=\"_blank\">wa\u017cne informacje o parkingach<\/a>&nbsp;<\/strong><\/p>\n","protected":false},"excerpt":{"rendered":"<p>Cho\u0107 w wielu kulturach d\u017awi\u0119k bywa uwa\u017cany za prapocz\u0105tek wszechrzeczy (vide: hinduistyczna mantra Om), w codziennym \u017cyciu rzadko dajemy mu prawo do bycia pierwszym, samodzielnym, samoistnym. Jego \u017ar&oacute;d\u0142em musi by\u0107 osoba albo przedmiot. By prze\u0142ama\u0107 ten spos&oacute;b my\u015blenia, Pierre Schaeffer uku\u0142 nawet specjalny termin &bdquo;muzyka akusmatyczna&rdquo;. C&oacute;\u017c z tego &ndash; cho\u0107 od tamtej pory min\u0119\u0142o [&hellip;]<\/p>\n","protected":false},"featured_media":0,"template":"","meta":{"_acf_changed":false,"inline_featured_image":false},"product_brand":[],"product_cat":[2246,2220],"product_tag":[],"class_list":{"0":"post-37885","1":"product","2":"type-product","3":"status-publish","5":"product_cat-cat_256","6":"product_cat-cat_239","8":"first","9":"instock","10":"virtual","11":"purchasable","12":"product-type-simple"},"acf":[],"_links":{"self":[{"href":"https:\/\/nospr.org.pl\/sklep\/wp-json\/wp\/v2\/product\/37885","targetHints":{"allow":["GET"]}}],"collection":[{"href":"https:\/\/nospr.org.pl\/sklep\/wp-json\/wp\/v2\/product"}],"about":[{"href":"https:\/\/nospr.org.pl\/sklep\/wp-json\/wp\/v2\/types\/product"}],"wp:attachment":[{"href":"https:\/\/nospr.org.pl\/sklep\/wp-json\/wp\/v2\/media?parent=37885"}],"wp:term":[{"taxonomy":"product_brand","embeddable":true,"href":"https:\/\/nospr.org.pl\/sklep\/wp-json\/wp\/v2\/product_brand?post=37885"},{"taxonomy":"product_cat","embeddable":true,"href":"https:\/\/nospr.org.pl\/sklep\/wp-json\/wp\/v2\/product_cat?post=37885"},{"taxonomy":"product_tag","embeddable":true,"href":"https:\/\/nospr.org.pl\/sklep\/wp-json\/wp\/v2\/product_tag?post=37885"}],"curies":[{"name":"wp","href":"https:\/\/api.w.org\/{rel}","templated":true}]}}