{"id":37884,"date":"2025-08-20T09:18:07","date_gmt":"2025-08-20T07:18:07","guid":{"rendered":"https:\/\/nospr.org.pl\/sklep\/produkt\/aukso-bastarda\/"},"modified":"2026-04-12T15:42:06","modified_gmt":"2026-04-12T13:42:06","slug":"aukso-bastarda","status":"publish","type":"product","link":"https:\/\/nospr.org.pl\/sklep\/produkt\/aukso-bastarda\/","title":{"rendered":"AUKSO x Bastarda \/ Brzmienie klan\u00f3w chasydzkich"},"content":{"rendered":"<p>Nietypowe po\u0142\u0105czenie instrument&oacute;w i nieustanne muzyczne poszukiwania &ndash; brzmienie Bastardy rozpoznaje si\u0119 od pierwszego d\u017awi\u0119ku. Na swoich albumach zesp&oacute;\u0142 \u0142\u0105czy elementy muzyki dawnej i tradycyjnej z nowoczesnymi technikami improwizacyjnymi, tworz\u0105c unikaln\u0105 przestrze\u0144 d\u017awi\u0119kow\u0105. Projekt <em>Nizozot<\/em> to interpretacja tw&oacute;rczo\u015bci trzech klan&oacute;w chasydzkich &ndash; dynastii Modrzyc, Szapiro i Ko\u017anic. Arty\u015bci si\u0119gn\u0119li po rozwijaj\u0105ce si\u0119 w XVIII i XIX wieku niguny &ndash; charakterystyczne pie\u015bni cz\u0119sto wykonywane bez s\u0142&oacute;w, kt&oacute;rych nazwa oznacza dos\u0142ownie &bdquo;nucone melodie&rdquo;.<\/p>\n<p>Koncepcja projektu i trzyp\u0142ytowego albumu odnosi si\u0119 tak\u017ce do znaczenia terminu &bdquo;nizozot&rdquo; okre\u015blaj\u0105cego boski akt tw&oacute;rczy, kt&oacute;ry dzieli si\u0119 na trzy etapy. W pierwszym dochodzi do umieszczenia w szklanym naczyniu iskierek mi\u0142o\u015bci, w drugim naczynie p\u0119ka, a w trzecim nast\u0119puje rozproszenie iskier po ca\u0142ym \u015bwiecie. Id\u0105c tropem tej teorii, przyjmuje si\u0119, \u017ce iskry \u015bwi\u0119to\u015bci zawieraj\u0105 si\u0119 w ka\u017cdym bycie i s\u0105 jego si\u0142\u0105 nap\u0119dow\u0105. Czy te filozoficzne za\u0142o\u017cenia mo\u017cna przekszta\u0142ci\u0107 w d\u017awi\u0119ki? Autorskie utwory Bastardy skomponowane zosta\u0142y tak, by ka\u017cdy klan nastrojem odzwierciedla\u0142 wspomniane trzy etapy. To muzyka niezwykle emocjonalna, nieprzewidywalna, ukazuj\u0105ca pe\u0142n\u0105 palet\u0119 barw ludzkich prze\u017cy\u0107. W NOSPR przekonamy si\u0119, jakie nowe emocje i brzmieniowe przestrzenie przyniesie po\u0142\u0105czenie muzyki tego oryginalnego tria z kolorystyk\u0105 orkiestry smyczkowej.<\/p>\n<p><strong>Julia Broniowska&nbsp;\/ NOSPR<\/strong><\/p>\n<p><strong>Czas trwania koncertu<\/strong>: ok. 90 minut<\/p>\n<p>Ten koncert mo\u017ce by\u0107 cz\u0119\u015bci\u0105 &bdquo;Mojego karnetu&rdquo;. Sprawd\u017a szczeg&oacute;\u0142y i skomponuj &bdquo;M&oacute;j karnet&rdquo; dowolnie, wybieraj\u0105c spo\u015br&oacute;d koncert&oacute;w r&oacute;\u017cnych serii w sali kameralnej i koncertowej &ndash; <a href=\"https:\/\/nospr.org.pl\/pl\/bilety\/karnety\" rel=\"noreferrer noopener\" target=\"_blank\">wi\u0119cej informacji<\/a>.&nbsp;<\/p>\n<p><strong>Wszystko, co musisz wiedzie\u0107 przed wizyt\u0105 w NOSPR &ndash; <a href=\"https:\/\/nospr.org.pl\/pl\/aktualnosci\/wszystko-co-musisz-wiedziec-przed-wizyta-w-nospr\" rel=\"noreferrer noopener\" target=\"_blank\">wskaz&oacute;wki dla uczestnik&oacute;w wydarze\u0144<\/a>.&nbsp;<\/strong><\/p>\n<p>Prosimy o zapoznanie si\u0119 z informacjami dotycz\u0105cymi parking&oacute;w w Strefie Kultury &ndash;<strong> <a href=\"https:\/\/nospr.org.pl\/pl\/aktualnosci\/wazne-informacje-o-parkingach\" rel=\"noreferrer noopener\" target=\"_blank\">wa\u017cne informacje o parkingach<\/a>&nbsp;<\/strong><\/p>\n","protected":false},"excerpt":{"rendered":"<p>Nietypowe po\u0142\u0105czenie instrument&oacute;w i nieustanne muzyczne poszukiwania &ndash; brzmienie Bastardy rozpoznaje si\u0119 od pierwszego d\u017awi\u0119ku. Na swoich albumach zesp&oacute;\u0142 \u0142\u0105czy elementy muzyki dawnej i tradycyjnej z nowoczesnymi technikami improwizacyjnymi, tworz\u0105c unikaln\u0105 przestrze\u0144 d\u017awi\u0119kow\u0105. Projekt Nizozot to interpretacja tw&oacute;rczo\u015bci trzech klan&oacute;w chasydzkich &ndash; dynastii Modrzyc, Szapiro i Ko\u017anic. Arty\u015bci si\u0119gn\u0119li po rozwijaj\u0105ce si\u0119 w XVIII i [&hellip;]<\/p>\n","protected":false},"featured_media":0,"template":"","meta":{"_acf_changed":false,"inline_featured_image":false},"product_brand":[],"product_cat":[2246,2222],"product_tag":[],"class_list":{"0":"post-37884","1":"product","2":"type-product","3":"status-publish","5":"product_cat-cat_256","6":"product_cat-cat_248","8":"first","9":"instock","10":"virtual","11":"purchasable","12":"product-type-simple"},"acf":[],"_links":{"self":[{"href":"https:\/\/nospr.org.pl\/sklep\/wp-json\/wp\/v2\/product\/37884","targetHints":{"allow":["GET"]}}],"collection":[{"href":"https:\/\/nospr.org.pl\/sklep\/wp-json\/wp\/v2\/product"}],"about":[{"href":"https:\/\/nospr.org.pl\/sklep\/wp-json\/wp\/v2\/types\/product"}],"wp:attachment":[{"href":"https:\/\/nospr.org.pl\/sklep\/wp-json\/wp\/v2\/media?parent=37884"}],"wp:term":[{"taxonomy":"product_brand","embeddable":true,"href":"https:\/\/nospr.org.pl\/sklep\/wp-json\/wp\/v2\/product_brand?post=37884"},{"taxonomy":"product_cat","embeddable":true,"href":"https:\/\/nospr.org.pl\/sklep\/wp-json\/wp\/v2\/product_cat?post=37884"},{"taxonomy":"product_tag","embeddable":true,"href":"https:\/\/nospr.org.pl\/sklep\/wp-json\/wp\/v2\/product_tag?post=37884"}],"curies":[{"name":"wp","href":"https:\/\/api.w.org\/{rel}","templated":true}]}}