{"id":37842,"date":"2025-08-19T17:30:13","date_gmt":"2025-08-19T15:30:13","guid":{"rendered":"https:\/\/nospr.org.pl\/sklep\/produkt\/nospr-elts-gerhardt\/"},"modified":"2026-02-27T19:28:04","modified_gmt":"2026-02-27T18:28:04","slug":"nospr-elts-gerhardt","status":"publish","type":"product","link":"https:\/\/nospr.org.pl\/sklep\/produkt\/nospr-elts-gerhardt\/","title":{"rendered":"NOSPR \/ Brahms \/ Penderecki \/ P\u00e4rt \/ Melodyjno\u015b\u0107 dzwon\u00f3w"},"content":{"rendered":"<\/p>\n<p>Przed koncertem, o&nbsp;godz. 18.30, zapraszamy&nbsp;do sali kameralnej&nbsp;na spotkanie z&nbsp;red. Jakubem Puchalskim, kt&oacute;ry&nbsp;om&oacute;wi wykonywane&nbsp;tego wieczoru utwory. Wej\u015bcie na prelekcj\u0119 jest bezp\u0142atne, do uczestnictwa w&nbsp;prelekcji uprawnia okazanie karty abonamentowej lub biletu na koncert.<\/p>\n<p>Program, kt&oacute;rego esencj\u0105 s\u0105 dzwony &ndash; i melodyjno\u015b\u0107. W ka\u017cdym z trzech utwor&oacute;w nale\u017c\u0105cych do szeroko rozumianej muzyki wsp&oacute;\u0142czesnej &ndash; od absolutnego szlagieru, jakim jest <em>Cantus<\/em> Arvo P&auml;rta, jedno z najwcze\u015bniejszych dzie\u0142 w jego magicznym stylu <em>tintinnabuli<\/em>, przez otwieraj\u0105cy wiecz&oacute;r kr&oacute;tki utw&oacute;r innego esto\u0144skiego kompozytora Erkki-Svena T&uuml;&uuml;ra, a\u017c po neoklasyczno-neoromantyczny, bardzo atrakcyjny II Koncert wiolonczelowy Krzysztofa Pendereckiego &ndash; w ka\u017cdym szczeg&oacute;ln\u0105 rol\u0119 odgrywaj\u0105 dzwony lub dzwonki i ka\u017cdy zbudowany jest na mniej lub bardziej wyrazistych tematach. U P&auml;rta jest to \u0142agodnie wy\u015bpiewany kanon, u Pendereckiego w utworze o tradycyjnej budowie praca tematyczna jest sam\u0105 istot\u0105 dzie\u0142a (podczas gdy dzwony odzywaj\u0105 si\u0119 w orkiestrze, wprowadzaj\u0105c do utworu). Najdalej odchodz\u0105 w kierunku czystej gry brzmie\u0144 <em>Melting Bells<\/em> &ndash; rysunek dzwon&oacute;w, d\u017awi\u0119ku towarzysz\u0105cego ludzko\u015bci od tysi\u0119cy lat w najr&oacute;\u017cniejszej postaci i przy najr&oacute;\u017cniejszych okazjach, kt&oacute;re obrazowo przetapiane s\u0105 na pociski, te\u017c jednak ma w\u0142asn\u0105 logik\u0119.&nbsp;<\/p>\n<p>Program prezentuje wi\u0119c r&oacute;\u017cne dzie\u0142a muzyki wsp&oacute;\u0142czesnej, kt&oacute;re znajduj\u0105 wsp&oacute;lny mianownik w postaci komunikatywno\u015bci, podsumuje je natomiast wielka symfonika romantyczna: przesycona najpi\u0119kniejszymi melodiami <em>III Symfonia<\/em> Johannesa Brahmsa. Dla wielu &ndash; ulubiony utw&oacute;r wielkiego kompozytora.&nbsp;<\/p>\n<p><strong>Jakub Puchalski<\/strong>&nbsp;<\/p>\n<p><span><span><span><strong>Czas trwania koncertu&nbsp;(\u0142\u0105cznie z&nbsp;przerw\u0105)<\/strong>: ok. 110&nbsp;minut<\/span><\/span><\/span><\/p>\n<p><strong>Przygotuj si\u0119 przed koncertem. Zapoznaj si\u0119 z&nbsp;cyfrow\u0105 wersj\u0105 ulotki programowej ju\u017c teraz.<\/strong><\/p>\n<p>[EMBED=https:\/\/e.issuu.com\/embed.html?d=ulotka_programowa_27.02.2026&amp;u=polishnationalradiosymphonyorchestra]<\/p>\n<p><span><span><span><strong>Wszystko, co musisz wiedzie\u0107 przed wizyt\u0105 w&nbsp;NOSPR&nbsp;&ndash;&nbsp;<\/strong><a href=\"https:\/\/nospr.org.pl\/pl\/aktualnosci\/wszystko-co-musisz-wiedziec-przed-wizyta-w-nospr\"><strong>wskaz&oacute;wki dla uczestnik&oacute;w wydarze\u0144.<\/strong><\/a><\/span><\/span><\/span><\/p>\n<p><span><span><span>Prosimy o&nbsp;zapoznanie&nbsp;si\u0119 z&nbsp;informacjami dotycz\u0105cymi parking&oacute;w w&nbsp;Strefie Kultury&nbsp;&ndash;&nbsp;<a href=\"https:\/\/nospr.org.pl\/pl\/aktualnosci\/wazne-informacje-o-parkingach\"><strong>wa\u017cne informacje o&nbsp;parkingach<\/strong><\/a><\/span><\/span><\/span><\/p>\n","protected":false},"excerpt":{"rendered":"<p>Przed koncertem, o&nbsp;godz. 18.30, zapraszamy&nbsp;do sali kameralnej&nbsp;na spotkanie z&nbsp;red. Jakubem Puchalskim, kt&oacute;ry&nbsp;om&oacute;wi wykonywane&nbsp;tego wieczoru utwory. Wej\u015bcie na prelekcj\u0119 jest bezp\u0142atne, do uczestnictwa w&nbsp;prelekcji uprawnia okazanie karty abonamentowej lub biletu na koncert. Program, kt&oacute;rego esencj\u0105 s\u0105 dzwony &ndash; i melodyjno\u015b\u0107. W ka\u017cdym z trzech utwor&oacute;w nale\u017c\u0105cych do szeroko rozumianej muzyki wsp&oacute;\u0142czesnej &ndash; od absolutnego szlagieru, jakim [&hellip;]<\/p>\n","protected":false},"featured_media":0,"template":"","meta":{"_acf_changed":false,"inline_featured_image":false},"product_brand":[],"product_cat":[2207],"product_tag":[],"class_list":{"0":"post-37842","1":"product","2":"type-product","3":"status-publish","5":"product_cat-cat_235","7":"first","8":"instock","9":"virtual","10":"purchasable","11":"product-type-simple"},"acf":[],"_links":{"self":[{"href":"https:\/\/nospr.org.pl\/sklep\/wp-json\/wp\/v2\/product\/37842","targetHints":{"allow":["GET"]}}],"collection":[{"href":"https:\/\/nospr.org.pl\/sklep\/wp-json\/wp\/v2\/product"}],"about":[{"href":"https:\/\/nospr.org.pl\/sklep\/wp-json\/wp\/v2\/types\/product"}],"wp:attachment":[{"href":"https:\/\/nospr.org.pl\/sklep\/wp-json\/wp\/v2\/media?parent=37842"}],"wp:term":[{"taxonomy":"product_brand","embeddable":true,"href":"https:\/\/nospr.org.pl\/sklep\/wp-json\/wp\/v2\/product_brand?post=37842"},{"taxonomy":"product_cat","embeddable":true,"href":"https:\/\/nospr.org.pl\/sklep\/wp-json\/wp\/v2\/product_cat?post=37842"},{"taxonomy":"product_tag","embeddable":true,"href":"https:\/\/nospr.org.pl\/sklep\/wp-json\/wp\/v2\/product_tag?post=37842"}],"curies":[{"name":"wp","href":"https:\/\/api.w.org\/{rel}","templated":true}]}}