{"id":37840,"date":"2025-08-19T17:30:11","date_gmt":"2025-08-19T15:30:11","guid":{"rendered":"https:\/\/nospr.org.pl\/sklep\/produkt\/nospr-lyniv-ovcharenko\/"},"modified":"2026-04-12T03:00:04","modified_gmt":"2026-04-12T01:00:04","slug":"nospr-lyniv-ovcharenko","status":"publish","type":"product","link":"https:\/\/nospr.org.pl\/sklep\/produkt\/nospr-lyniv-ovcharenko\/","title":{"rendered":"NOSPR \/ Lyniv \/ Ovcharenko \/ Arcydzie\u0142a przerwane przez los"},"content":{"rendered":"<\/p>\n<p><strong>Przed koncertem, o&nbsp;godz. 18.30, zapraszamy&nbsp;do sali kameralnej&nbsp;na spotkanie z&nbsp;red. Andrzejem Su\u0142kiem (Program 2 Polskiego Radia), kt&oacute;ry&nbsp;om&oacute;wi wykonywane&nbsp;tego wieczoru utwory. Wej\u015bcie na prelekcj\u0119 jest bezp\u0142atne, do uczestnictwa w&nbsp;prelekcji uprawnia okazanie karty abonamentowej lub biletu na koncert.<\/strong><\/p>\n<hr \/>\n<p>Gdy Bruckner pisa\u0142<em> IX Symfoni\u0119<\/em>, towarzyszy\u0142o mu przeczucie rych\u0142ego kresu \u017cycia. Gor\u0105co pragn\u0105\u0142 uko\u0144czy\u0107 swoje dzie\u0142o, z drugiej strony przestrach budzi\u0142o fatum symbolicznej <em>Dziewi\u0105tki<\/em>, kt&oacute;ra&nbsp;przywodzi\u0142a&nbsp;na my\u015bl Beethovena i jego ostatnie dzie\u0142o symfonicznego cyklu. S\u0142abn\u0105ce si\u0142y i podupadaj\u0105ce zdrowie kierowa\u0142y my\u015bli Brucknera w stron\u0119 wieczno\u015bci i &bdquo;ukochanego Boga&rdquo; (&bdquo;dem lieben Gott&rdquo;), kt&oacute;remu zreszt\u0105 tymi w\u0142a\u015bnie s\u0142owami dedykowa\u0142 sw&oacute;j ostatni tw&oacute;rczy wysi\u0142ek. Trwa\u0142 on wyj\u0105tkowo d\u0142ugo &ndash; z ostatni\u0105 symfoni\u0105 zmaga\u0142 si\u0119 Bruckner od 1887 do 1896 roku. Wraz ze \u015bwiadomo\u015bci\u0105 kurcz\u0105cego si\u0119 czasu kompozytorowi coraz silniej towarzyszy\u0142o pragnienie uko\u0144czenia duchowego testamentu, jednak ostatecznie, umieraj\u0105c 11 pa\u017adziernika 1896 roku, pozostawi\u0142 <em>IX Symfoni\u0119<\/em> z czwart\u0105 cz\u0119\u015bci\u0105 w stanie fragmentarycznym. Jak ka\u017cde nieuko\u0144czone dzie\u0142o wielkiego kompozytora, tak i to rodzi pokus\u0119 rekonstrukcji. I cho\u0107 podj\u0119to kilka takich pr&oacute;b (przez Carragana oraz Samale, Mazzuc\u0119, Phillipsa i Cohrsa), to podczas koncertu zabrzmi <em>IX Symfonia<\/em> w kszta\u0142cie opublikowanym przez powojennego redaktora dzie\u0142 Brucknera Leopolda Nowaka &ndash; ko\u0144cz\u0105ca si\u0119 na niebia\u0144skiej cz\u0119\u015bci trzeciej <em>Adagio: Langsam, feierlich<\/em>.&nbsp;<\/p>\n<p>O Brucknerze cz\u0119sto m&oacute;wi si\u0119 w kontek\u015bcie niezrozumienia dla jego tw&oacute;rczo\u015bci, a tak\u017ce ostracyzmu, jakiego do\u015bwiadcza\u0142 ze strony konserwatywnego wiede\u0144skiego \u015brodowiska muzycznego. Podobny los spotka\u0142 urodzonego w 1877 roku w Charkowie Siergieja Bortkiewicza. Dzi\u015b niemal ca\u0142kowicie zapomniany, wymieniany bywa w rozmaitych kompendiach i opracowaniach jako kompozytor rosyjski, kiedy indziej jako pochodz\u0105cy z Rosji pianista i kompozytor austriacki lub te\u017c tw&oacute;rca ukrai\u0144ski. Tymczasem Bortkiewicz przyszed\u0142 na \u015bwiat w szlacheckiej rodzinie polskiego pochodzenia. Wszyscy wi\u0119c si\u0119 po trosze do niego przyznaj\u0105, a jednocze\u015bnie dla ka\u017cdej z tych nacji jest chyba Bortkiewicz za ma\u0142o swojski&hellip; Wiele te\u017c z jego kompozytorskiego dorobku uleg\u0142o rozproszeniu i zagin\u0119\u0142o.&nbsp;<\/p>\n<p>Przez wiele lat poza obiegiem wykonawczym pozostawa\u0142 te\u017c jego niezwyk\u0142y <em>II Koncert fortepianowy c-moll<\/em> na lew\u0105 r\u0119k\u0119 napisany oko\u0142o 1924 roku na zam&oacute;wienie Paula Wittgensteina, tego samego, dla kt&oacute;rego Ravel napisa\u0142 <em>Koncert D-dur<\/em>: pianisty, kt&oacute;ry straci\u0142 prawe rami\u0119 podczas I wojny \u015bwiatowej. Wittgenstein z powodzeniem wielokrotnie wykonywa\u0142 ten koncert i by\u0142 o tej kompozycji jak najlepszego zdania. A \u017ce mia\u0142 wy\u0142\u0105czne prawa wykonawcze, po jego \u015bmierci w 1961 roku utw&oacute;r popad\u0142 w ca\u0142kowite zapomnienie.&nbsp;&nbsp;<\/p>\n<p>Kompozycja Bortkiewicza demonstruje mistrzowskie opanowanie faktury orkiestrowej i pianistycznej przy nietypowym uk\u0142adzie formalnym. Jest jednocz\u0119\u015bciowy, ale dzieli si\u0119 na cztery sekcje: <em>Allegro dramatico &ndash; Allegretto &ndash; Allegro dramatico &ndash; Allegro vivo<\/em>.&nbsp;&nbsp;<\/p>\n<p><strong>Andrzej Su\u0142ek<\/strong>&nbsp;<\/p>\n<p><span><span><span><strong>Czas trwania koncertu&nbsp;(\u0142\u0105cznie z&nbsp;przerw\u0105)<\/strong>: ok. 110&nbsp;minut<\/span><\/span><\/span><\/p>\n<p><span><span><span><strong>Wszystko, co musisz wiedzie\u0107 przed wizyt\u0105 w&nbsp;NOSPR&nbsp;&ndash;&nbsp;<\/strong><a href=\"https:\/\/nospr.org.pl\/pl\/aktualnosci\/wszystko-co-musisz-wiedziec-przed-wizyta-w-nospr\"><strong>wskaz&oacute;wki dla uczestnik&oacute;w wydarze\u0144.<\/strong><\/a><\/span><\/span><\/span><\/p>\n<p><span><span><span>Prosimy o&nbsp;zapoznanie&nbsp;si\u0119 z&nbsp;informacjami dotycz\u0105cymi parking&oacute;w w&nbsp;Strefie Kultury&nbsp;&ndash;&nbsp;<strong><a href=\"https:\/\/nospr.org.pl\/pl\/aktualnosci\/wazne-informacje-o-parkingach\">wa\u017cne informacje o&nbsp;parkingach<\/a>.<\/strong><\/span><\/span><\/span><\/p>\n","protected":false},"excerpt":{"rendered":"<p>Przed koncertem, o&nbsp;godz. 18.30, zapraszamy&nbsp;do sali kameralnej&nbsp;na spotkanie z&nbsp;red. Andrzejem Su\u0142kiem (Program 2 Polskiego Radia), kt&oacute;ry&nbsp;om&oacute;wi wykonywane&nbsp;tego wieczoru utwory. Wej\u015bcie na prelekcj\u0119 jest bezp\u0142atne, do uczestnictwa w&nbsp;prelekcji uprawnia okazanie karty abonamentowej lub biletu na koncert. Gdy Bruckner pisa\u0142 IX Symfoni\u0119, towarzyszy\u0142o mu przeczucie rych\u0142ego kresu \u017cycia. Gor\u0105co pragn\u0105\u0142 uko\u0144czy\u0107 swoje dzie\u0142o, z drugiej strony przestrach [&hellip;]<\/p>\n","protected":false},"featured_media":0,"template":"","meta":{"_acf_changed":false,"inline_featured_image":false},"product_brand":[],"product_cat":[2207],"product_tag":[],"class_list":{"0":"post-37840","1":"product","2":"type-product","3":"status-publish","5":"product_cat-cat_235","7":"first","8":"instock","9":"virtual","10":"purchasable","11":"product-type-simple"},"acf":[],"_links":{"self":[{"href":"https:\/\/nospr.org.pl\/sklep\/wp-json\/wp\/v2\/product\/37840","targetHints":{"allow":["GET"]}}],"collection":[{"href":"https:\/\/nospr.org.pl\/sklep\/wp-json\/wp\/v2\/product"}],"about":[{"href":"https:\/\/nospr.org.pl\/sklep\/wp-json\/wp\/v2\/types\/product"}],"wp:attachment":[{"href":"https:\/\/nospr.org.pl\/sklep\/wp-json\/wp\/v2\/media?parent=37840"}],"wp:term":[{"taxonomy":"product_brand","embeddable":true,"href":"https:\/\/nospr.org.pl\/sklep\/wp-json\/wp\/v2\/product_brand?post=37840"},{"taxonomy":"product_cat","embeddable":true,"href":"https:\/\/nospr.org.pl\/sklep\/wp-json\/wp\/v2\/product_cat?post=37840"},{"taxonomy":"product_tag","embeddable":true,"href":"https:\/\/nospr.org.pl\/sklep\/wp-json\/wp\/v2\/product_tag?post=37840"}],"curies":[{"name":"wp","href":"https:\/\/api.w.org\/{rel}","templated":true}]}}