{"id":37839,"date":"2025-08-19T17:30:10","date_gmt":"2025-08-19T15:30:10","guid":{"rendered":"https:\/\/nospr.org.pl\/sklep\/produkt\/katowice-kultura-natura-2026\/"},"modified":"2026-04-12T17:24:05","modified_gmt":"2026-04-12T15:24:05","slug":"katowice-kultura-natura-2026-nospr-asbury-dalene","status":"publish","type":"product","link":"https:\/\/nospr.org.pl\/sklep\/produkt\/katowice-kultura-natura-2026-nospr-asbury-dalene\/","title":{"rendered":"Festiwal Katowice Kultura Natura \/ Tkaniny z d\u017awi\u0119k\u00f3w i emocji \/ NOSPR \/ Asbury \/ Dalene"},"content":{"rendered":"<\/p>\n<p><strong>Przed koncertem, o&nbsp;godz. 18.30, zapraszamy&nbsp;do sali kameralnej&nbsp;na spotkanie z&nbsp;red. Andrzejem Su\u0142kiem (Program 2 Polskiego Radia), kt&oacute;ry&nbsp;om&oacute;wi wykonywane&nbsp;tego wieczoru utwory. Wej\u015bcie na prelekcj\u0119 jest bezp\u0142atne, do uczestnictwa w&nbsp;prelekcji uprawnia okazanie karty abonamentowej lub biletu na koncert.<\/strong><\/p>\n<hr \/>\n<p>Dwa zamki &ndash; z jednego wyskoczy ksi\u0119\u017cniczka, z drugiego ksi\u0105\u017c\u0119, by po chwili si\u0119 w niej zakocha\u0107. Wr&oacute;\u017cka rozdzieli ich \u015bcian\u0105 lasu i wody. \u017beby zwr&oacute;ci\u0107 uwag\u0119 ksi\u0119\u017cniczki, ksi\u0105\u017c\u0119 zatknie koron\u0119 na kij i otuli go swoj\u0105 opo\u0144cz\u0105. Ksi\u0119\u017cniczka zadurzy si\u0119 w kukle, ksi\u0105\u017c\u0119 wpadnie w rozpacz. Przej\u0119ta wr&oacute;\u017cka sprowadzi ksi\u0119\u017cniczk\u0119 w ramiona prawdziwego ksi\u0119cia. To historia z <em>Drewnianego ksi\u0119cia <\/em>(1917) Bart&oacute;ka, w kt&oacute;rym liryzm ludzkich uczu\u0107 odbija si\u0119 w muzycznym krzywym zwierciadle lalki.<\/p>\n<p>Dwie warstwy rozmijaj\u0105ce si\u0119 w czasie, r&oacute;\u017cni\u0105ce si\u0119 nie tylko materia\u0142em d\u017awi\u0119kowym, lecz i charakterem &ndash; to efekt zastosowany przez Lutos\u0142awskiego w <em>Mi-parti <\/em>(1976), zwiastunie jego dojrza\u0142ych pr&oacute;b z form\u0105 \u0142a\u0144cuchow\u0105. Nazwanym od okre\u015blenia asymetrii barw i kroju w strojach giermk&oacute;w: by\u0107 mo\u017ce z legend o ksi\u0105\u017c\u0119tach z bajki.<\/p>\n<p>Dwie skrajne cz\u0119\u015bci koncertu Ad&egrave;sa <em>Concentric Paths <\/em>(2005) okalaj\u0105ce rozbudowany cz\u0142on \u015brodkowy: swoist\u0105 passacagli\u0119, kulminacj\u0119 narracji zbudowanej z nawracaj\u0105cych koli\u015bcie przebieg&oacute;w, z melodi\u0105 prowadzon\u0105 na tak szerokim oddechu, jakby skrzypcom mia\u0142o wkr&oacute;tce zabrakn\u0105\u0107 tchu. Zupe\u0142nie jak rozta\u0144czonej nad strumykiem ksi\u0119\u017cniczce.<\/p>\n<p>Dwie ostatnie kompozycje Rautavaary, wykonane trzy lata po jego \u015bmierci. Pierwsza <em>S&eacute;r&eacute;nade pour mon amour<\/em>, podobnie jak druga <em>S&eacute;r&eacute;nade pour la vie<\/em>, wykorzystuje materia\u0142 z wcze\u015bniejszych utwor&oacute;w wokalnych &ndash; w warstwie solowej przypomina \u015bpiew zrozpaczonego ksi\u0119cia b\u0142\u0105dz\u0105cego w meandrach akompaniamentu orkiestry.<\/p>\n<p>W ka\u017cdej z tych muzycznych tkanin s\u0105 mi\u0142o\u015b\u0107, smutek i ba\u015b\u0144 utkane z prz\u0119dzy delikatniejszej ni\u017c jedwab.<\/p>\n<p><strong>Dorota Kozi\u0144ska<\/strong><\/p>\n<p><strong>Czas trwania koncertu&nbsp;(\u0142\u0105cznie z&nbsp;przerw\u0105)<\/strong>: ok. 90 minut<\/p>\n<h3>M&oacute;j Karnet Festiwalowy &ndash; Festiwal Katowice Kultura Natura 2026<\/h3>\n<p>Karnet&nbsp;na minimum cztery koncerty zapewnia&nbsp;<strong>25% zni\u017cki<\/strong>&nbsp;od sumy cen bilet&oacute;w dla posiadaczy abonamentu NOSPR i <strong>20%<\/strong> dla os&oacute;b nieposiadaj\u0105cych abonamentu.<\/p>\n<p>Przy zakupie Karnetu na co najmniej sze\u015b\u0107 koncert&oacute;w zni\u017cka wynosi&nbsp;<strong>30%<\/strong> od sumy cen bilet&oacute;w dla posiadaczy abonamentu NOSPR i<strong> 25%<\/strong> dla os&oacute;b nieposiadaj\u0105cych abonamentu.<\/p>\n<p>Karnety dost\u0119pne s\u0105&nbsp;wy\u0142\u0105cznie w&nbsp;kasach NOSPR i&nbsp;poprzez rezerwacj\u0119 telefoniczn\u0105.<\/p>\n<p><span><span><span><strong>Wszystko, co musisz wiedzie\u0107 przed wizyt\u0105 w&nbsp;NOSPR&nbsp;&ndash;&nbsp;<\/strong><a href=\"https:\/\/nospr.org.pl\/pl\/aktualnosci\/wszystko-co-musisz-wiedziec-przed-wizyta-w-nospr\"><strong>wskaz&oacute;wki dla uczestnik&oacute;w wydarze\u0144.<\/strong><\/a><\/span><\/span><\/span><\/p>\n<p><span><span><span>Prosimy o&nbsp;zapoznanie&nbsp;si\u0119 z&nbsp;informacjami dotycz\u0105cymi parking&oacute;w w&nbsp;Strefie Kultury&nbsp;&ndash;&nbsp;<a href=\"https:\/\/nospr.org.pl\/pl\/aktualnosci\/wazne-informacje-o-parkingach\"><strong>wa\u017cne informacje o&nbsp;parkingach<\/strong><\/a><\/span><\/span><\/span><\/p>\n","protected":false},"excerpt":{"rendered":"<p>Przed koncertem, o&nbsp;godz. 18.30, zapraszamy&nbsp;do sali kameralnej&nbsp;na spotkanie z&nbsp;red. Andrzejem Su\u0142kiem (Program 2 Polskiego Radia), kt&oacute;ry&nbsp;om&oacute;wi wykonywane&nbsp;tego wieczoru utwory. Wej\u015bcie na prelekcj\u0119 jest bezp\u0142atne, do uczestnictwa w&nbsp;prelekcji uprawnia okazanie karty abonamentowej lub biletu na koncert. Dwa zamki &ndash; z jednego wyskoczy ksi\u0119\u017cniczka, z drugiego ksi\u0105\u017c\u0119, by po chwili si\u0119 w niej zakocha\u0107. Wr&oacute;\u017cka rozdzieli ich [&hellip;]<\/p>\n","protected":false},"featured_media":0,"template":"","meta":{"_acf_changed":false,"inline_featured_image":false},"product_brand":[],"product_cat":[2264,2266,2207],"product_tag":[],"class_list":{"0":"post-37839","1":"product","2":"type-product","3":"status-publish","5":"product_cat-cat_280","6":"product_cat-cat_282","7":"product_cat-cat_235","9":"first","10":"instock","11":"virtual","12":"purchasable","13":"product-type-simple"},"acf":[],"_links":{"self":[{"href":"https:\/\/nospr.org.pl\/sklep\/wp-json\/wp\/v2\/product\/37839","targetHints":{"allow":["GET"]}}],"collection":[{"href":"https:\/\/nospr.org.pl\/sklep\/wp-json\/wp\/v2\/product"}],"about":[{"href":"https:\/\/nospr.org.pl\/sklep\/wp-json\/wp\/v2\/types\/product"}],"wp:attachment":[{"href":"https:\/\/nospr.org.pl\/sklep\/wp-json\/wp\/v2\/media?parent=37839"}],"wp:term":[{"taxonomy":"product_brand","embeddable":true,"href":"https:\/\/nospr.org.pl\/sklep\/wp-json\/wp\/v2\/product_brand?post=37839"},{"taxonomy":"product_cat","embeddable":true,"href":"https:\/\/nospr.org.pl\/sklep\/wp-json\/wp\/v2\/product_cat?post=37839"},{"taxonomy":"product_tag","embeddable":true,"href":"https:\/\/nospr.org.pl\/sklep\/wp-json\/wp\/v2\/product_tag?post=37839"}],"curies":[{"name":"wp","href":"https:\/\/api.w.org\/{rel}","templated":true}]}}