{"id":37838,"date":"2025-08-19T17:30:09","date_gmt":"2025-08-19T15:30:09","guid":{"rendered":"https:\/\/nospr.org.pl\/sklep\/produkt\/nospr-alsop-pyc-nowak-vondracek\/"},"modified":"2026-04-12T16:02:06","modified_gmt":"2026-04-12T14:02:06","slug":"nospr-alsop-pyc-nowak-vondracek","status":"publish","type":"product","link":"https:\/\/nospr.org.pl\/sklep\/produkt\/nospr-alsop-pyc-nowak-vondracek\/","title":{"rendered":"NOSPR \/ Alsop \/ Pyc \/ Nowak \/ Vondr\u00e1\u010dek \/ W poszukiwaniu idea\u0142u"},"content":{"rendered":"<\/p>\n<p><strong>Przed koncertem, o&nbsp;godz. 18.30, zapraszamy&nbsp;do sali kameralnej&nbsp;na spotkanie z&nbsp;red. Piotrem Matwiejczukiem (Program 2 Polskiego Radia), kt&oacute;ry&nbsp;om&oacute;wi wykonywane&nbsp;tego wieczoru utwory. Wej\u015bcie na prelekcj\u0119 jest bezp\u0142atne, do uczestnictwa w&nbsp;prelekcji uprawnia okazanie karty abonamentowej lub biletu na koncert.<\/strong><\/p>\n<hr \/>\n<p>Cho\u0107 specjalno\u015bci\u0105 Aarona Coplanda by\u0142o portretowanie ameryka\u0144skiej wsi, to jednak zdarza\u0142o mu si\u0119 zajmowa\u0107 r&oacute;wnie\u017c tematyk\u0105 miejsk\u0105. W 1940 roku napisa\u0142 muzyk\u0119 sceniczn\u0105 do sztuki Irwina Shawa <em>Quiet City<\/em> uznawan\u0105 za znakomity d\u017awi\u0119kowy portret typowego ameryka\u0144skiego miejskiego pejza\u017cu. Szkicowany jest on noc\u0105, st\u0105d tytu\u0142 i delikatne brzmienia maj\u0105ce oddawa\u0107 migocz\u0105ce \u015bwiat\u0142a.&nbsp;<\/p>\n<p>Ze \u015bwiata mieszcza\u0144skiego, cho\u0107 zupe\u0142nie innego, wywodzi\u0142 si\u0119 Richard Strauss. W operze <em>Kawaler srebrnej r&oacute;\u017cy<\/em> (1911) Wiede\u0144 czas&oacute;w Mozarta sportretowa\u0142&hellip; stylizacjami walc&oacute;w Johanna Straussa syna. Bogactwo i rozmach tej muzyki dowodz\u0105 s\u0142uszno\u015bci s\u0142&oacute;w Wagnera, kt&oacute;ry nazwa\u0142 jej autora &bdquo;najmuzykalniejsz\u0105 g\u0142ow\u0105, jak\u0105 kiedykolwiek spotka\u0142&rdquo;. Ale maestria instrumentacyjna i narracyjna Straussa ujawni\u0142a si\u0119 du\u017co wcze\u015bniej: w poemacie symfonicznym<em> Don Juan<\/em> (1888), s\u0142usznie uznanym za manifest indywidualnego stylu kompozytora. Tytu\u0142owy bohater jest tu nie tyle libertynem i oszustem, ile bohaterem tragicznym: bezskutecznie szuka kobiety idealnej, a wi\u0119c duchowej i erotycznej doskona\u0142o\u015bci. Gdy za\u015b dochodzi do rozczarowania, wybiera \u015bmier\u0107.&nbsp;&nbsp;<\/p>\n<p>Z kolei Robert Schumann poszukiwa\u0142 muzyki, kt&oacute;ra by\u0142aby jak najdalsza od wszystkiego, co powierzchowne i banalne. Czy mu si\u0119 to uda\u0142o? W <em>Koncercie fortepianowym a-moll<\/em> z pewno\u015bci\u0105 tak. Nie ma w nim niczego efekciarskiego. Potoczysta narracja, przejrzysta instrumentacja, pi\u0119kne linie melodyczne, ekstatyczna rado\u015b\u0107 przedzielona momentami mrocznymi &ndash; wszystko to sprawia, \u017ce do dzi\u015b Koncert nale\u017cy do najch\u0119tniej grywanych dzie\u0142 swojego gatunku.&nbsp;&nbsp;<\/p>\n<p><strong>Piotr Matwiejczuk&nbsp;<\/strong><\/p>\n<p lang=\"PL-PL\" xml:lang=\"PL-PL\"><strong>Czas trwania koncertu (\u0142\u0105cznie z przerw\u0105)<\/strong>: ok. 110 minut&nbsp;<\/p>\n<p><span><span><span><strong>Wszystko, co musisz wiedzie\u0107 przed wizyt\u0105 w&nbsp;NOSPR&nbsp;&ndash;&nbsp;<\/strong><a href=\"https:\/\/nospr.org.pl\/pl\/aktualnosci\/wszystko-co-musisz-wiedziec-przed-wizyta-w-nospr\"><strong>wskaz&oacute;wki dla uczestnik&oacute;w wydarze\u0144.<\/strong><\/a><\/span><\/span><\/span><\/p>\n<p><span><span><span>Prosimy o&nbsp;zapoznanie&nbsp;si\u0119 z&nbsp;informacjami dotycz\u0105cymi parking&oacute;w w&nbsp;Strefie Kultury&nbsp;&ndash;&nbsp;<a href=\"https:\/\/nospr.org.pl\/pl\/aktualnosci\/wazne-informacje-o-parkingach\"><strong>wa\u017cne informacje o&nbsp;parkingach<\/strong><\/a>.<\/span><\/span><\/span><\/p>\n","protected":false},"excerpt":{"rendered":"<p>Przed koncertem, o&nbsp;godz. 18.30, zapraszamy&nbsp;do sali kameralnej&nbsp;na spotkanie z&nbsp;red. Piotrem Matwiejczukiem (Program 2 Polskiego Radia), kt&oacute;ry&nbsp;om&oacute;wi wykonywane&nbsp;tego wieczoru utwory. Wej\u015bcie na prelekcj\u0119 jest bezp\u0142atne, do uczestnictwa w&nbsp;prelekcji uprawnia okazanie karty abonamentowej lub biletu na koncert. Cho\u0107 specjalno\u015bci\u0105 Aarona Coplanda by\u0142o portretowanie ameryka\u0144skiej wsi, to jednak zdarza\u0142o mu si\u0119 zajmowa\u0107 r&oacute;wnie\u017c tematyk\u0105 miejsk\u0105. W 1940 roku [&hellip;]<\/p>\n","protected":false},"featured_media":0,"template":"","meta":{"_acf_changed":false,"inline_featured_image":false},"product_brand":[],"product_cat":[2207],"product_tag":[],"class_list":{"0":"post-37838","1":"product","2":"type-product","3":"status-publish","5":"product_cat-cat_235","7":"first","8":"instock","9":"virtual","10":"purchasable","11":"product-type-simple"},"acf":[],"_links":{"self":[{"href":"https:\/\/nospr.org.pl\/sklep\/wp-json\/wp\/v2\/product\/37838","targetHints":{"allow":["GET"]}}],"collection":[{"href":"https:\/\/nospr.org.pl\/sklep\/wp-json\/wp\/v2\/product"}],"about":[{"href":"https:\/\/nospr.org.pl\/sklep\/wp-json\/wp\/v2\/types\/product"}],"wp:attachment":[{"href":"https:\/\/nospr.org.pl\/sklep\/wp-json\/wp\/v2\/media?parent=37838"}],"wp:term":[{"taxonomy":"product_brand","embeddable":true,"href":"https:\/\/nospr.org.pl\/sklep\/wp-json\/wp\/v2\/product_brand?post=37838"},{"taxonomy":"product_cat","embeddable":true,"href":"https:\/\/nospr.org.pl\/sklep\/wp-json\/wp\/v2\/product_cat?post=37838"},{"taxonomy":"product_tag","embeddable":true,"href":"https:\/\/nospr.org.pl\/sklep\/wp-json\/wp\/v2\/product_tag?post=37838"}],"curies":[{"name":"wp","href":"https:\/\/api.w.org\/{rel}","templated":true}]}}