{"id":37837,"date":"2025-08-19T17:28:08","date_gmt":"2025-08-19T15:28:08","guid":{"rendered":"https:\/\/nospr.org.pl\/sklep\/produkt\/katowice-kultura-natura-2026-1\/"},"modified":"2026-04-12T14:22:05","modified_gmt":"2026-04-12T12:22:05","slug":"katowice-kultura-natura-2026-nospr-alsop-choni","status":"publish","type":"product","link":"https:\/\/nospr.org.pl\/sklep\/produkt\/katowice-kultura-natura-2026-nospr-alsop-choni\/","title":{"rendered":"Festiwal Katowice Kultura Natura \/ Przez ciernie do gwiazd \/ NOSPR \/ Alsop \/ Choni"},"content":{"rendered":"<\/p>\n<p><strong>Przed koncertem, o&nbsp;godz. 18.30, zapraszamy&nbsp;do sali kameralnej&nbsp;na spotkanie z&nbsp;red. Agat\u0105 Kwieci\u0144sk\u0105 (Program 2 Polskiego Radia), kt&oacute;ra&nbsp;om&oacute;wi wykonywane&nbsp;tego wieczoru utwory. Wej\u015bcie na prelekcj\u0119 jest bezp\u0142atne, do uczestnictwa w&nbsp;prelekcji uprawnia okazanie karty abonamentowej lub biletu na koncert.<\/strong><\/p>\n<hr \/>\n<p>&bdquo;\u017bywio\u0142, p\u0119d, si\u0142a!&rdquo; &ndash; pisa\u0142 krytyk po katowickim wykonaniu <em>Toccaty<\/em> Boles\u0142aw Szabelskiego. Efektowny, pi\u0119ciominutowy fajerwerk, skrojony pod\u0142ug najlepszych neoklasycznych wzor&oacute;w, pierwotnie zamyka\u0142 symfoniczn\u0105 <em>Suit\u0119<\/em> (1936), rych\u0142o jednak si\u0119 usamodzielni\u0142. Dotar\u0142 nawet do Ameryki, gdzie sam Leopold Stokowski w\u0142a\u015bnie <em>Toccat\u0105<\/em> zainaugurowa\u0142 dzia\u0142alno\u015b\u0107 dyrygenta Chicago Symphony Orchestra (znane jest nawet nagranie tamtego wykonania!). Pami\u0119tajmy wi\u0119c: Boles\u0142aw Szabelski to nie tylko pedagog Henryka Miko\u0142aja G&oacute;reckiego!<\/p>\n<p>Melancholia i ekstaza to przymioty muzyki kojarzone g\u0142&oacute;wnie z epok\u0105 romantyzmu. W okaza\u0142ej <em>II Symfonii C-dur<\/em> Roberta Schumanna (1846) nut\u0119 t\u0119sknej nostalgii (cho\u0107 mo\u017ce nie melancholii) us\u0142yszymy nade wszystko w natchnionym <em>Adagio espressivo<\/em>. Pami\u0119tajmy jednak, \u017ce to w\u0142a\u015bnie w tym dziele, jak bodaj nigdzie indziej, kompozytor d\u0105\u017cy\u0107 b\u0119dzie do uj\u0119cia romantycznych emocji w maksymalnie klasyczn\u0105 form\u0119 &ndash; i finalnie cel sw&oacute;j osi\u0105gnie. Nie darmo te\u017c <em>Drug\u0105<\/em> nazywa\u0142 Schumann swoj\u0105 &bdquo;symfoni\u0105 Jowiszow\u0105&rdquo;, aczkolwiek &bdquo;nieco Marsow\u0105&rdquo;.<\/p>\n<p>Po znacznie pewniejszym gruncie ni\u017c &bdquo;poetycki&rdquo; Schumann zdaje si\u0119 st\u0105pa\u0107 ledwie dwudziestopi\u0119cioletni Brahms, tworz\u0105c imponuj\u0105cy <em>Koncert fortepianowy d-moll<\/em> (1858) &ndash; wszak nie darmo przyj\u0119\u0142a si\u0119 p&oacute;\u017aniej s\u0142ynna formu\u0142a &bdquo;trzech B&rdquo;: Bach &ndash; Beethoven &ndash; Brahms. Ramy pot\u0119\u017cnej konstrukcji tego dzie\u0142a, b\u0119d\u0105cego <em>de facto<\/em> &bdquo;symfoni\u0105 z parti\u0105 fortepianu <em>obbligato<\/em>&rdquo;, s\u0105 solidne: dramatyczne <em>Maestoso<\/em> o niezwykle rozbudowanej formie i &bdquo;po w\u0119giersku&rdquo; rozigrane fina\u0142owe rondo zwie\u0144czone tryumfaln\u0105 cod\u0105. &bdquo;Sercem&rdquo; dzie\u0142a jest za\u015b \u015brodkowe natchnione, prawdziwie romantyczne <em>Adagio<\/em>, kt&oacute;remu chcia\u0142oby si\u0119 przypisa\u0107 dookre\u015blenie: <em>religioso&hellip;<\/em><\/p>\n<p><strong>Stanis\u0142aw Kosz<\/strong><\/p>\n<p><strong>Czas trwania koncertu<\/strong>: ok. 100 minut<\/p>\n<h3>M&oacute;j Karnet Festiwalowy &ndash; Festiwal Katowice Kultura Natura 2026<\/h3>\n<p>Karnet&nbsp;na minimum cztery koncerty zapewnia&nbsp;<strong>25% zni\u017cki<\/strong>&nbsp;od sumy cen bilet&oacute;w dla posiadaczy abonamentu NOSPR i <strong>20%<\/strong> dla os&oacute;b nieposiadaj\u0105cych abonamentu.<\/p>\n<p>Przy zakupie Karnetu na co najmniej sze\u015b\u0107 koncert&oacute;w zni\u017cka wynosi&nbsp;<strong>30%<\/strong> od sumy cen bilet&oacute;w dla posiadaczy abonamentu NOSPR i<strong> 25%<\/strong> dla os&oacute;b nieposiadaj\u0105cych abonamentu.<\/p>\n<p>Karnety dost\u0119pne s\u0105&nbsp;wy\u0142\u0105cznie w&nbsp;kasach NOSPR i&nbsp;poprzez rezerwacj\u0119 telefoniczn\u0105.<\/p>\n<p><span><span><span><strong>Wszystko, co musisz wiedzie\u0107 przed wizyt\u0105 w&nbsp;NOSPR&nbsp;&ndash;&nbsp;<\/strong><a href=\"https:\/\/nospr.org.pl\/pl\/aktualnosci\/wszystko-co-musisz-wiedziec-przed-wizyta-w-nospr\"><strong>wskaz&oacute;wki dla uczestnik&oacute;w wydarze\u0144.<\/strong><\/a><\/span><\/span><\/span><\/p>\n<p><span><span><span>Prosimy o&nbsp;zapoznanie&nbsp;si\u0119 z&nbsp;informacjami dotycz\u0105cymi parking&oacute;w w&nbsp;Strefie Kultury&nbsp;&ndash;&nbsp;<a href=\"https:\/\/nospr.org.pl\/pl\/aktualnosci\/wazne-informacje-o-parkingach\"><strong>wa\u017cne informacje o&nbsp;parkingach<\/strong><\/a><\/span><\/span><\/span><\/p>\n","protected":false},"excerpt":{"rendered":"<p>Przed koncertem, o&nbsp;godz. 18.30, zapraszamy&nbsp;do sali kameralnej&nbsp;na spotkanie z&nbsp;red. Agat\u0105 Kwieci\u0144sk\u0105 (Program 2 Polskiego Radia), kt&oacute;ra&nbsp;om&oacute;wi wykonywane&nbsp;tego wieczoru utwory. Wej\u015bcie na prelekcj\u0119 jest bezp\u0142atne, do uczestnictwa w&nbsp;prelekcji uprawnia okazanie karty abonamentowej lub biletu na koncert. &bdquo;\u017bywio\u0142, p\u0119d, si\u0142a!&rdquo; &ndash; pisa\u0142 krytyk po katowickim wykonaniu Toccaty Boles\u0142aw Szabelskiego. Efektowny, pi\u0119ciominutowy fajerwerk, skrojony pod\u0142ug najlepszych neoklasycznych wzor&oacute;w, [&hellip;]<\/p>\n","protected":false},"featured_media":0,"template":"","meta":{"_acf_changed":false,"inline_featured_image":false},"product_brand":[],"product_cat":[2264,2206],"product_tag":[],"class_list":{"0":"post-37837","1":"product","2":"type-product","3":"status-publish","5":"product_cat-cat_280","6":"product_cat-cat_234","8":"first","9":"instock","10":"virtual","11":"purchasable","12":"product-type-simple"},"acf":[],"_links":{"self":[{"href":"https:\/\/nospr.org.pl\/sklep\/wp-json\/wp\/v2\/product\/37837","targetHints":{"allow":["GET"]}}],"collection":[{"href":"https:\/\/nospr.org.pl\/sklep\/wp-json\/wp\/v2\/product"}],"about":[{"href":"https:\/\/nospr.org.pl\/sklep\/wp-json\/wp\/v2\/types\/product"}],"wp:attachment":[{"href":"https:\/\/nospr.org.pl\/sklep\/wp-json\/wp\/v2\/media?parent=37837"}],"wp:term":[{"taxonomy":"product_brand","embeddable":true,"href":"https:\/\/nospr.org.pl\/sklep\/wp-json\/wp\/v2\/product_brand?post=37837"},{"taxonomy":"product_cat","embeddable":true,"href":"https:\/\/nospr.org.pl\/sklep\/wp-json\/wp\/v2\/product_cat?post=37837"},{"taxonomy":"product_tag","embeddable":true,"href":"https:\/\/nospr.org.pl\/sklep\/wp-json\/wp\/v2\/product_tag?post=37837"}],"curies":[{"name":"wp","href":"https:\/\/api.w.org\/{rel}","templated":true}]}}