{"id":37835,"date":"2025-08-19T17:26:10","date_gmt":"2025-08-19T15:26:10","guid":{"rendered":"https:\/\/nospr.org.pl\/sklep\/produkt\/nospr-bringuier\/"},"modified":"2026-03-12T19:29:04","modified_gmt":"2026-03-12T18:29:04","slug":"nospr-bringuier","status":"publish","type":"product","link":"https:\/\/nospr.org.pl\/sklep\/produkt\/nospr-bringuier\/","title":{"rendered":"NOSPR \/  Bringuier \/ Beethoven \/ Inspiracje i impresje"},"content":{"rendered":"<\/p>\n<p>Przed koncertem, o&nbsp;godz. 18.30, zapraszamy&nbsp;do sali kameralnej&nbsp;na spotkanie z&nbsp;red. Agat\u0105 Kwieci\u0144sk\u0105, kt&oacute;ra&nbsp;om&oacute;wi wykonywane&nbsp;tego wieczoru utwory. Wej\u015bcie na prelekcj\u0119 jest bezp\u0142atne, do uczestnictwa w&nbsp;prelekcji uprawnia okazanie karty abonamentowej lub biletu na koncert.<\/p>\n<p><em>Masques et bergamasques<\/em> op. 112 to barwna orkiestrowa suita inspirowana cyklem Verlaine&rsquo;a F&ecirc;tes galantes odwo\u0142uj\u0105cym si\u0119 do commedii dell&rsquo;arte. Gabriel Faur&eacute; skomponowa\u0142 j\u0105 na zam&oacute;wienie Raoula Gunsbourga, niezwykle przedsi\u0119biorczego i pomys\u0142owego szefa Opery w Monte Carlo. Wzbogacona o choreografi\u0119 muzyka bi\u0142a rekordy popularno\u015bci i do dzi\u015b urzeka umiej\u0119tnym balansowaniem mi\u0119dzy romantyczn\u0105 tradycj\u0105 a nowoczesn\u0105 harmoni\u0105 XX wieku &ndash; balansowaniem b\u0119d\u0105cym znakiem firmowym Faur&eacute;go.&nbsp;<\/p>\n<p>Albert Roussel dopiero po czterdziestce zaj\u0105\u0142 si\u0119 muzyk\u0105 na powa\u017cnie &ndash; wcze\u015bniej s\u0142u\u017cy\u0142 w marynarce wojennej. Jego pierwszym wi\u0119kszym sukcesem by\u0142 balet <em>Uczta paj\u0105ka<\/em>, wystawiony w Th&eacute;&acirc;tre des Arts w 1913 roku. Libretto opowiada o owadach \u0142api\u0105cych si\u0119 w paj\u0119cz\u0105 sie\u0107. Gdy paj\u0105k zabiera si\u0119 do uczty, ginie pokonany przez modliszk\u0119. J\u0119zyk muzyczny dzie\u0142a wykazuje silne zwi\u0105zki z impresjonizmem, z kt&oacute;rym Roussel po wojnie zerwa\u0142 dla neoklasycyzmu. Urok orkiestrowej partytury jest jednak tak wielki, \u017ce dzi\u015b fragmenty Uczty cz\u0119\u015bciej brzmi\u0105 w filharmoniach ni\u017c teatrach muzycznych.&nbsp;&nbsp;<\/p>\n<p>Do <em>IV Symfonii B-dur<\/em> Ludwiga van Beethovena przylgn\u0119\u0142o okre\u015blenie Roberta Schumanna, kt&oacute;ry nazwa\u0142 j\u0105 &bdquo;smuk\u0142\u0105 Greczynk\u0105 pomi\u0119dzy dwoma nordyckimi olbrzymami&rdquo;, poniewa\u017c s\u0105siaduj\u0105ce z ni\u0105 <em>III <\/em>i <em>V Symfonia<\/em> to dzie\u0142a tytaniczne i dramatyczne. Ta metafora jest nie ca\u0142kiem trafiona, cho\u0107 Schumann s\u0142usznie dostrzeg\u0142 lekki wyraz Czwartej. Wynika\u0142 on jednak nie tyle z wyboru estetycznego, ale z tego, kto dzie\u0142o zam&oacute;wi\u0142 &ndash; by\u0142 to w\u0142a\u015bciciel G\u0142og&oacute;wka na \u015al\u0105sku hrabia Franz Joachim Wenzel von Oppersdorff, meloman utrzymuj\u0105cy solidn\u0105 orkiestr\u0119. P\u0142aci\u0142 dobrze i \u017c\u0105da\u0142 utworu pi\u0119knego, wysmakowanego. Beethoven go dostarczy\u0142 &ndash; ku rozczarowaniu publiczno\u015bci oczekuj\u0105cej kolejnego dramatycznego i prze\u0142omowego dzie\u0142a. O oryginalno\u015bci <em>Czwartej <\/em>decyduj\u0105 wi\u0119c nie gwa\u0142towne porywy, ale wysmakowana instrumentacja, kt&oacute;r\u0105 podziwia\u0142 nawet jej mistrz &ndash; Hector Berlioz.&nbsp;&nbsp;<\/p>\n<p><strong>Mateusz Ciupka \/ Szafa Melomana<\/strong><\/p>\n<p><span><span><span><strong>Czas trwania koncertu&nbsp;(\u0142\u0105cznie z&nbsp;przerw\u0105)<\/strong>: ok. 100&nbsp;minut<\/span><\/span><\/span><\/p>\n<p><strong>Przygotuj si\u0119 przed koncertem. Zapoznaj si\u0119 z&nbsp;cyfrow\u0105 wersj\u0105 ulotki programowej ju\u017c teraz.<\/strong><\/p>\n<p>[EMBED=https:\/\/e.issuu.com\/embed.html?d=ulotka_programowa_12.03&amp;u=polishnationalradiosymphonyorchestra]<\/p>\n<p><span><span><span><strong>Wszystko, co musisz wiedzie\u0107 przed wizyt\u0105 w&nbsp;NOSPR&nbsp;&ndash;&nbsp;<\/strong><a href=\"https:\/\/nospr.org.pl\/pl\/aktualnosci\/wszystko-co-musisz-wiedziec-przed-wizyta-w-nospr\"><strong>wskaz&oacute;wki dla uczestnik&oacute;w wydarze\u0144.<\/strong><\/a><\/span><\/span><\/span><\/p>\n<p><span><span><span>Prosimy o&nbsp;zapoznanie&nbsp;si\u0119 z&nbsp;informacjami dotycz\u0105cymi parking&oacute;w w&nbsp;Strefie Kultury&nbsp;&ndash;&nbsp;<a href=\"https:\/\/nospr.org.pl\/pl\/aktualnosci\/wazne-informacje-o-parkingach\"><strong>wa\u017cne informacje o&nbsp;parkingach<\/strong><\/a><\/span><\/span><\/span><\/p>\n","protected":false},"excerpt":{"rendered":"<p>Przed koncertem, o&nbsp;godz. 18.30, zapraszamy&nbsp;do sali kameralnej&nbsp;na spotkanie z&nbsp;red. Agat\u0105 Kwieci\u0144sk\u0105, kt&oacute;ra&nbsp;om&oacute;wi wykonywane&nbsp;tego wieczoru utwory. Wej\u015bcie na prelekcj\u0119 jest bezp\u0142atne, do uczestnictwa w&nbsp;prelekcji uprawnia okazanie karty abonamentowej lub biletu na koncert. Masques et bergamasques op. 112 to barwna orkiestrowa suita inspirowana cyklem Verlaine&rsquo;a F&ecirc;tes galantes odwo\u0142uj\u0105cym si\u0119 do commedii dell&rsquo;arte. Gabriel Faur&eacute; skomponowa\u0142 j\u0105 na [&hellip;]<\/p>\n","protected":false},"featured_media":0,"template":"","meta":{"_acf_changed":false,"inline_featured_image":false},"product_brand":[],"product_cat":[2206],"product_tag":[],"class_list":{"0":"post-37835","1":"product","2":"type-product","3":"status-publish","5":"product_cat-cat_234","7":"first","8":"instock","9":"virtual","10":"purchasable","11":"product-type-simple"},"acf":[],"_links":{"self":[{"href":"https:\/\/nospr.org.pl\/sklep\/wp-json\/wp\/v2\/product\/37835","targetHints":{"allow":["GET"]}}],"collection":[{"href":"https:\/\/nospr.org.pl\/sklep\/wp-json\/wp\/v2\/product"}],"about":[{"href":"https:\/\/nospr.org.pl\/sklep\/wp-json\/wp\/v2\/types\/product"}],"wp:attachment":[{"href":"https:\/\/nospr.org.pl\/sklep\/wp-json\/wp\/v2\/media?parent=37835"}],"wp:term":[{"taxonomy":"product_brand","embeddable":true,"href":"https:\/\/nospr.org.pl\/sklep\/wp-json\/wp\/v2\/product_brand?post=37835"},{"taxonomy":"product_cat","embeddable":true,"href":"https:\/\/nospr.org.pl\/sklep\/wp-json\/wp\/v2\/product_cat?post=37835"},{"taxonomy":"product_tag","embeddable":true,"href":"https:\/\/nospr.org.pl\/sklep\/wp-json\/wp\/v2\/product_tag?post=37835"}],"curies":[{"name":"wp","href":"https:\/\/api.w.org\/{rel}","templated":true}]}}