{"id":37826,"date":"2025-08-19T17:18:14","date_gmt":"2025-08-19T15:18:14","guid":{"rendered":"https:\/\/nospr.org.pl\/sklep\/produkt\/nospr-salwarowski\/"},"modified":"2026-02-22T11:58:03","modified_gmt":"2026-02-22T10:58:03","slug":"nospr-salwarowski","status":"publish","type":"product","link":"https:\/\/nospr.org.pl\/sklep\/produkt\/nospr-salwarowski\/","title":{"rendered":"NOSPR \/  Salwarowski \/ W cieniu tatrza\u0144skich szczyt\u00f3w"},"content":{"rendered":"<\/p>\n<p>Jak wiele jest literatury w muzyce romantycznej? Samo s\u0142owo <em>roman<\/em> (fr. opowie\u015b\u0107) nie pozostawia z\u0142udze\u0144, \u017ce fascynacja narracj\u0105 by\u0142a ko\u0142em zamachowym epoki. A <em>Manfred <\/em>to jeden z wielu przyk\u0142ad&oacute;w literacko-muzycznych maria\u017cy. Ojciec Roberta Schumanna by\u0142 ksi\u0119garzem, a tak\u017ce t\u0142umaczem literatury pi\u0119knej. Przekaza\u0142 synowi wra\u017cliwo\u015b\u0107 na s\u0142owo pisane, w szczeg&oacute;lno\u015bci na tw&oacute;rczo\u015b\u0107 angielskich romantyk&oacute;w. W 1848 roku kompozytor zaadaptowa\u0142 poemat George&rsquo;a Byrona na potrzeby wykonania scenicznego, skomponowa\u0142 uwertur\u0119 i muzyk\u0119 incydentaln\u0105. Utw&oacute;r symfoniczny powsta\u0142 w jednym z najtrudniejszych okres&oacute;w w \u017cyciu artysty, kt&oacute;ry prawdopodobnie zmaga\u0142 si\u0119 z problemami psychicznymi. Czy znalaz\u0142o to odbicie w muzyce? Dramatyzm i nag\u0142e zmiany dynamiczne oraz introspektywna emocjonalno\u015b\u0107 mog\u0105 wskazywa\u0107 na silne uczucia, kt&oacute;re targa\u0142y kompozytorem.&nbsp;<\/p>\n<p>Mroczne d\u017awi\u0119ki <em>Manfreda<\/em> zostan\u0105 w koncercie zr&oacute;wnowa\u017cone dzie\u0142ami polskich tw&oacute;rc&oacute;w czerpi\u0105cych z rodzimych tradycji muzycznych. Zwiewna <em>Serenada<\/em> Mieczys\u0142awa Kar\u0142owicza, artysty zafascynowanego Tatrami, to dzie\u0142o zaledwie dwudziestojednoletniego kompozytora. Kar\u0142owicz wyra\u017anie nawi\u0105zuje tu do klasycznych form, jednak nasyca je tak typowym dla siebie wyczuciem liryzmu.&nbsp;&nbsp;<\/p>\n<p>Jeszcze wyra\u017aniej do rodzimej kultury nawi\u0105za\u0142 Wojciech Kilar &ndash; jego <em>Krzesany<\/em> to deklaracja mi\u0142o\u015bci do podhala\u0144skiego folkloru. Kompozytor oczarowany skocznym rytmem zdawa\u0142 si\u0119 porzuca\u0107 wraz z tym tatrza\u0144skim ho\u0142dem swoje wcze\u015bniejsze awangardowe poszukiwania. Stylistyczna wolta okaza\u0142a si\u0119 udana &ndash; poemat symfoniczny jest dzi\u015b jednym z najch\u0119tniej wykonywanych utwor&oacute;w Wojciecha Kilara.&nbsp;<\/p>\n<p><strong>Krzysztof Siwo\u0144<\/strong>&nbsp;<\/p>\n<p lang=\"PL-PL\" xml:lang=\"PL-PL\"><strong>Czas trwania koncertu<\/strong>: ok. 70&nbsp;minut&nbsp;<\/p>\n<p lang=\"PL-PL\" xml:lang=\"PL-PL\"><strong><a href=\"https:\/\/nospr.org.pl\/pl\/program\/przystanek-poranek-2025-2026\">Przystanek Poranek<\/a> <\/strong>&mdash;<strong> <\/strong>bezp\u0142atne&nbsp;warsztaty dla dzieci mi\u0119dzy 4. a 6. rokiem \u017cycia, kt&oacute;rych rodzice lub inni opiekunowie przebywaj\u0105 na poranku symfonicznym. <strong>Obowi\u0105zuj\u0105 zapisy.<\/strong><\/p>\n<p><span><span><span><strong>Wszystko, co musisz wiedzie\u0107 przed wizyt\u0105 w&nbsp;NOSPR&nbsp;&ndash;&nbsp;<\/strong><a href=\"https:\/\/nospr.org.pl\/pl\/aktualnosci\/wszystko-co-musisz-wiedziec-przed-wizyta-w-nospr\"><strong>wskaz&oacute;wki dla uczestnik&oacute;w wydarze\u0144.<\/strong><\/a><\/span><\/span><\/span><\/p>\n<p><span><span><span>Prosimy o&nbsp;zapoznanie&nbsp;si\u0119 z&nbsp;informacjami dotycz\u0105cymi parking&oacute;w w&nbsp;Strefie Kultury&nbsp;&ndash;&nbsp;<a href=\"https:\/\/nospr.org.pl\/pl\/aktualnosci\/wazne-informacje-o-parkingach\"><strong>wa\u017cne informacje o&nbsp;parkingach<\/strong><\/a><\/span><\/span><\/span><\/p>\n","protected":false},"excerpt":{"rendered":"<p>Jak wiele jest literatury w muzyce romantycznej? Samo s\u0142owo roman (fr. opowie\u015b\u0107) nie pozostawia z\u0142udze\u0144, \u017ce fascynacja narracj\u0105 by\u0142a ko\u0142em zamachowym epoki. A Manfred to jeden z wielu przyk\u0142ad&oacute;w literacko-muzycznych maria\u017cy. Ojciec Roberta Schumanna by\u0142 ksi\u0119garzem, a tak\u017ce t\u0142umaczem literatury pi\u0119knej. Przekaza\u0142 synowi wra\u017cliwo\u015b\u0107 na s\u0142owo pisane, w szczeg&oacute;lno\u015bci na tw&oacute;rczo\u015b\u0107 angielskich romantyk&oacute;w. W 1848 [&hellip;]<\/p>\n","protected":false},"featured_media":0,"template":"","meta":{"_acf_changed":false,"inline_featured_image":false},"product_brand":[],"product_cat":[2208],"product_tag":[],"class_list":{"0":"post-37826","1":"product","2":"type-product","3":"status-publish","5":"product_cat-cat_236","7":"first","8":"instock","9":"virtual","10":"purchasable","11":"product-type-simple"},"acf":[],"_links":{"self":[{"href":"https:\/\/nospr.org.pl\/sklep\/wp-json\/wp\/v2\/product\/37826","targetHints":{"allow":["GET"]}}],"collection":[{"href":"https:\/\/nospr.org.pl\/sklep\/wp-json\/wp\/v2\/product"}],"about":[{"href":"https:\/\/nospr.org.pl\/sklep\/wp-json\/wp\/v2\/types\/product"}],"wp:attachment":[{"href":"https:\/\/nospr.org.pl\/sklep\/wp-json\/wp\/v2\/media?parent=37826"}],"wp:term":[{"taxonomy":"product_brand","embeddable":true,"href":"https:\/\/nospr.org.pl\/sklep\/wp-json\/wp\/v2\/product_brand?post=37826"},{"taxonomy":"product_cat","embeddable":true,"href":"https:\/\/nospr.org.pl\/sklep\/wp-json\/wp\/v2\/product_cat?post=37826"},{"taxonomy":"product_tag","embeddable":true,"href":"https:\/\/nospr.org.pl\/sklep\/wp-json\/wp\/v2\/product_tag?post=37826"}],"curies":[{"name":"wp","href":"https:\/\/api.w.org\/{rel}","templated":true}]}}