{"id":37825,"date":"2025-08-19T17:18:12","date_gmt":"2025-08-19T15:18:12","guid":{"rendered":"https:\/\/nospr.org.pl\/sklep\/produkt\/nospr-ellis-tarcholik\/"},"modified":"2026-03-07T22:56:04","modified_gmt":"2026-03-07T21:56:04","slug":"nospr-ellis-tarcholik","status":"publish","type":"product","link":"https:\/\/nospr.org.pl\/sklep\/produkt\/nospr-ellis-tarcholik\/","title":{"rendered":"NOSPR \/  Ellis \/ Tarcholik \/ D\u017awi\u0119ki natury"},"content":{"rendered":"<p><span><span><span><span><span>Zygfryd przybywa do jaskini smoka Fafnera i czeka na besti\u0119. Ale to nie ona jest tematem jego rozwa\u017ca\u0144, gdy odpoczywa pod lip\u0105. Szum drzew, \u015bpiew ptak&oacute;w, powiew \u0142agodnego wiatru &ndash; o tym opowiada <em>Szmer lasu<\/em> i Wagner nie potrzebuje s\u0142&oacute;w, \u017ceby odmalowa\u0107 (w\u0142asne <em>nomen omen<\/em>) libretto. Odmienna to kompozytorska wizja od tej, kt&oacute;r\u0105 przedstawi\u0142 w<em> Walkirii<\/em>, ale i ca\u0142y <em>Pier\u015bcie\u0144 Nibelunga<\/em> pe\u0142en jest artystycznych sprzeczno\u015bci.<\/span><\/span><\/span><\/span><\/span><\/p>\n<p><span><span><span><span><span>Znalaz\u0142a ta przyrodnicza koncepcja kontynuatora w osobie Ralpha Vaughana Williamsa, Brytyjczyka pojmuj\u0105cego muzyk\u0119 z jednej strony filozoficznie, z drugiej &ndash; jako rdzenny g\u0142os wyspiarskiego ludu. Skrzypce odgrywaj\u0105 w tej my\u015bli rol\u0119 niepo\u015bledni\u0105 &ndash; to &bdquo;muzyczny wybawca&rdquo; od \u0107wicze\u0144 na fortepianie, do kt&oacute;rych zmuszano kompozytora za m\u0142odu. S\u0142ycha\u0107 t\u0119 wiolinistyczn\u0105 mi\u0142o\u015b\u0107 w ptasim poemacie <em>The Lark Ascending<\/em> inspirowanym poezj\u0105 George&rsquo;a Mereditha o tym samym tytule. Brytyjska ods\u0142ona kontemplacji muzycznej ma zaskakuj\u0105co wiele wsp&oacute;lnego z niemieck\u0105.<\/span><\/span><\/span><\/span><\/span><\/p>\n<p><span><span><span><span><span>A co na to Francja? Po dziewi\u0119tnastowiecznym <em>Zygfrydzie<\/em> i m\u0142odszym o p&oacute;\u0142 wieku <em>Skowronku<\/em> brzmi nad wyraz \u0142agodnie, chocia\u017c suita z baletu <em>Les Animaux mod&egrave;les<\/em> op. 111 Francisa Poulenca to lata wojenne (1940&ndash;1943), a jej bohaterami s\u0105 m.in. lew, nied\u017awied\u017a i \u015bmier\u0107. Muzycznie wyrafinowana interpretacja bajek Jeana de la Fontaine&rsquo;a inspirowana malarstwem braci Le Nain.<\/span><\/span><\/span><\/span><\/span><\/p>\n<p><strong><span><span><span><span><span>Maria Wilczek-Krupa<\/span><\/span><\/span><\/span><\/span><\/strong><\/p>\n<p><span><span><span><strong>Czas trwania koncertu: <\/strong>ok. 70&nbsp;minut<\/span><\/span><\/span><\/p>\n<p><strong><a href=\"https:\/\/nospr.org.pl\/pl\/program\/przystanek-poranek-2025-2026\">Przystanek Poranek<\/a>&nbsp;<\/strong><span><span><span><span><span>&ndash;&nbsp;<\/span><\/span><\/span><\/span><\/span>bezp\u0142atne&nbsp;warsztaty dla dzieci mi\u0119dzy 4. a 6. rokiem \u017cycia, kt&oacute;rych rodzice lub inni opiekunowie przebywaj\u0105 na poranku symfonicznym. <strong>Obowi\u0105zuj\u0105 zapisy.<\/strong><\/p>\n<p><span><span><span><strong>Wszystko, co musisz wiedzie\u0107 przed wizyt\u0105 w&nbsp;NOSPR&nbsp;&ndash;&nbsp;<\/strong><a href=\"https:\/\/nospr.org.pl\/pl\/aktualnosci\/wszystko-co-musisz-wiedziec-przed-wizyta-w-nospr\"><strong>wskaz&oacute;wki dla uczestnik&oacute;w wydarze\u0144.<\/strong><\/a><\/span><\/span><\/span><\/p>\n<p><span><span><span>Prosimy o&nbsp;zapoznanie&nbsp;si\u0119 z&nbsp;informacjami dotycz\u0105cymi parking&oacute;w w&nbsp;Strefie Kultury&nbsp;&ndash;&nbsp;<a href=\"https:\/\/nospr.org.pl\/pl\/aktualnosci\/wazne-informacje-o-parkingach\"><strong>wa\u017cne informacje o&nbsp;parkingach<\/strong><\/a><\/span><\/span><\/span><\/p>\n","protected":false},"excerpt":{"rendered":"<p>Zygfryd przybywa do jaskini smoka Fafnera i czeka na besti\u0119. Ale to nie ona jest tematem jego rozwa\u017ca\u0144, gdy odpoczywa pod lip\u0105. Szum drzew, \u015bpiew ptak&oacute;w, powiew \u0142agodnego wiatru &ndash; o tym opowiada Szmer lasu i Wagner nie potrzebuje s\u0142&oacute;w, \u017ceby odmalowa\u0107 (w\u0142asne nomen omen) libretto. Odmienna to kompozytorska wizja od tej, kt&oacute;r\u0105 przedstawi\u0142 w [&hellip;]<\/p>\n","protected":false},"featured_media":0,"template":"","meta":{"_acf_changed":false,"inline_featured_image":false},"product_brand":[],"product_cat":[2208],"product_tag":[],"class_list":{"0":"post-37825","1":"product","2":"type-product","3":"status-publish","5":"product_cat-cat_236","7":"first","8":"instock","9":"virtual","10":"purchasable","11":"product-type-simple"},"acf":[],"_links":{"self":[{"href":"https:\/\/nospr.org.pl\/sklep\/wp-json\/wp\/v2\/product\/37825","targetHints":{"allow":["GET"]}}],"collection":[{"href":"https:\/\/nospr.org.pl\/sklep\/wp-json\/wp\/v2\/product"}],"about":[{"href":"https:\/\/nospr.org.pl\/sklep\/wp-json\/wp\/v2\/types\/product"}],"wp:attachment":[{"href":"https:\/\/nospr.org.pl\/sklep\/wp-json\/wp\/v2\/media?parent=37825"}],"wp:term":[{"taxonomy":"product_brand","embeddable":true,"href":"https:\/\/nospr.org.pl\/sklep\/wp-json\/wp\/v2\/product_brand?post=37825"},{"taxonomy":"product_cat","embeddable":true,"href":"https:\/\/nospr.org.pl\/sklep\/wp-json\/wp\/v2\/product_cat?post=37825"},{"taxonomy":"product_tag","embeddable":true,"href":"https:\/\/nospr.org.pl\/sklep\/wp-json\/wp\/v2\/product_tag?post=37825"}],"curies":[{"name":"wp","href":"https:\/\/api.w.org\/{rel}","templated":true}]}}