{"id":37822,"date":"2025-08-19T17:18:07","date_gmt":"2025-08-19T15:18:07","guid":{"rendered":"https:\/\/nospr.org.pl\/sklep\/produkt\/nospr-fanshil-gavryluk\/"},"modified":"2026-04-14T14:17:05","modified_gmt":"2026-04-14T12:17:05","slug":"nospr-humala-sham-w-blasku-poludnia","status":"publish","type":"product","link":"https:\/\/nospr.org.pl\/sklep\/produkt\/nospr-humala-sham-w-blasku-poludnia\/","title":{"rendered":"NOSPR \/ Humala \/ Sham \/ W blasku po\u0142udnia"},"content":{"rendered":"<p>Podr&oacute;\u017ce kszta\u0142c\u0105 &ndash; g\u0142osi stara prawda, a trzycz\u0119\u015bciowy <em>Koncert fortepianowy g-moll<\/em> op. 25 Felixa Mendelssohna-Bartholdy&rsquo;ego jest tego transparentnym dowodem. Na prze\u0142omie lat 20. i 30. XIX wieku dwudziestoletni Mendelssohn bawi\u0142 w Wielkiej Brytanii, Szkocji, Weimarze, Pary\u017cu i &ndash; najd\u0142u\u017cej &ndash; we W\u0142oszech (Wenecja, Rzym, Neapol, Mediolan). Echa tych podr&oacute;\u017cy s\u0142ycha\u0107 w jego koncercie: w b\u0142yskotliwym, pe\u0142nym po\u0142udniowego s\u0142o\u0144ca inicjalnym <em>Molto allegro con fuoco<\/em>, w poruszaj\u0105cym, hymnicznym <em>Andante<\/em> i fina\u0142owym, triumfalnym <em>Presto<\/em>. <em>Koncert g-moll<\/em> &ndash; prawykonany przez kompozytora w 1831 roku w Monachium &ndash; podbi\u0142 serca s\u0142uchaczy, cho\u0107 Mendelssohn przyzna\u0142, \u017ce &bdquo;napisa\u0142 go w ci\u0105gu kilku dni i w dodatku niedbale&rdquo;. Hector Berlioz wspomina\u0142, \u017ce po kilkudziesi\u0119ciu wykonaniach tego utworu fortepian Erarda odm&oacute;wi\u0142 wsp&oacute;\u0142pracy &ndash; nie pomog\u0142y naprawy, demonta\u017ce, ani nawet ksi\u0105dz i kropid\u0142o.<\/p>\n<p>Koncertami instrumentalnymi (fortepianowymi oraz skrzypcowymi) Mendelssohn otworzy\u0142 romantyzm, a towarzyszy\u0142 mu w tej inicjacji (a nawet go w niej wyprzedzi\u0142) tw&oacute;rca r&oacute;wnie\u017c urodzony w Niemczech: Carl Maria von Weber. Jego <em>I Symfonia C-dur<\/em> op. 19 z lat 1806&ndash;1807 jest \u015bwiadectwem g\u0142\u0119bokiego przywi\u0105zania do tradycji &ndash; czterocz\u0119\u015bciowy uk\u0142ad cyklu (triumfalne <em>Allegro<\/em>, \u017ca\u0142obne <em>Andante<\/em>, krotochwilne <em>Scherzo <\/em>z triem, szumne fina\u0142owe <em>Presto<\/em>) nawi\u0105zuje do zdobyczy Beethovena, za\u015b lekko\u015b\u0107 brzmienia i szata instrumentacyjna zdradzaj\u0105 powinowactwo (i to nie tylko za po\u015brednictwem Konstancji) z Mozartem.<\/p>\n<p><strong>Maria Wilczek-Krupa<\/strong><\/p>\n<p><strong>Czas trwania koncertu<\/strong>: ok. 60&nbsp;minut<\/p>\n<p><strong><a href=\"https:\/\/nospr.org.pl\/pl\/program\/przystanek-poranek-2025-2026\">Przystanek Poranek<\/a> <\/strong>&mdash;<strong> <\/strong>bezp\u0142atne&nbsp;warsztaty dla dzieci mi\u0119dzy 4. a 6. rokiem \u017cycia, kt&oacute;rych rodzice lub inni opiekunowie przebywaj\u0105 na poranku symfonicznym. <strong>Obowi\u0105zuj\u0105 zapisy<\/strong>,<strong>&nbsp;<\/strong>zg\u0142oszenia prosimy przesy\u0142a\u0107 na adres:&nbsp;<a href=\"mailto:warsztaty@nospr.org.pl\">warsztaty@nospr.org.pl<\/a><\/p>\n<p><span><span><span><strong>Wszystko, co musisz wiedzie\u0107 przed wizyt\u0105 w&nbsp;NOSPR&nbsp;&ndash;&nbsp;<\/strong><a href=\"https:\/\/nospr.org.pl\/pl\/aktualnosci\/wszystko-co-musisz-wiedziec-przed-wizyta-w-nospr\"><strong>wskaz&oacute;wki dla uczestnik&oacute;w wydarze\u0144.<\/strong><\/a><\/span><\/span><\/span><\/p>\n<p><span><span><span>Prosimy o&nbsp;zapoznanie&nbsp;si\u0119 z&nbsp;informacjami dotycz\u0105cymi parking&oacute;w w&nbsp;Strefie Kultury&nbsp;&ndash;&nbsp;<a href=\"https:\/\/nospr.org.pl\/pl\/aktualnosci\/wazne-informacje-o-parkingach\"><strong>wa\u017cne informacje o&nbsp;parkingach<\/strong><\/a>.<\/span><\/span><\/span><\/p>\n","protected":false},"excerpt":{"rendered":"<p>Podr&oacute;\u017ce kszta\u0142c\u0105 &ndash; g\u0142osi stara prawda, a trzycz\u0119\u015bciowy Koncert fortepianowy g-moll op. 25 Felixa Mendelssohna-Bartholdy&rsquo;ego jest tego transparentnym dowodem. Na prze\u0142omie lat 20. i 30. XIX wieku dwudziestoletni Mendelssohn bawi\u0142 w Wielkiej Brytanii, Szkocji, Weimarze, Pary\u017cu i &ndash; najd\u0142u\u017cej &ndash; we W\u0142oszech (Wenecja, Rzym, Neapol, Mediolan). Echa tych podr&oacute;\u017cy s\u0142ycha\u0107 w jego koncercie: w b\u0142yskotliwym, [&hellip;]<\/p>\n","protected":false},"featured_media":0,"template":"","meta":{"_acf_changed":false,"inline_featured_image":false},"product_brand":[],"product_cat":[2208],"product_tag":[],"class_list":{"0":"post-37822","1":"product","2":"type-product","3":"status-publish","5":"product_cat-cat_236","7":"first","8":"instock","9":"virtual","10":"purchasable","11":"product-type-simple"},"acf":[],"_links":{"self":[{"href":"https:\/\/nospr.org.pl\/sklep\/wp-json\/wp\/v2\/product\/37822","targetHints":{"allow":["GET"]}}],"collection":[{"href":"https:\/\/nospr.org.pl\/sklep\/wp-json\/wp\/v2\/product"}],"about":[{"href":"https:\/\/nospr.org.pl\/sklep\/wp-json\/wp\/v2\/types\/product"}],"wp:attachment":[{"href":"https:\/\/nospr.org.pl\/sklep\/wp-json\/wp\/v2\/media?parent=37822"}],"wp:term":[{"taxonomy":"product_brand","embeddable":true,"href":"https:\/\/nospr.org.pl\/sklep\/wp-json\/wp\/v2\/product_brand?post=37822"},{"taxonomy":"product_cat","embeddable":true,"href":"https:\/\/nospr.org.pl\/sklep\/wp-json\/wp\/v2\/product_cat?post=37822"},{"taxonomy":"product_tag","embeddable":true,"href":"https:\/\/nospr.org.pl\/sklep\/wp-json\/wp\/v2\/product_tag?post=37822"}],"curies":[{"name":"wp","href":"https:\/\/api.w.org\/{rel}","templated":true}]}}