{"id":37818,"date":"2025-08-19T16:44:06","date_gmt":"2025-08-19T14:44:06","guid":{"rendered":"https:\/\/nospr.org.pl\/sklep\/produkt\/koncert-familijny-orkiestra-kameralna-akademii-nospr\/"},"modified":"2026-04-12T15:58:03","modified_gmt":"2026-04-12T13:58:03","slug":"koncert-familijny-orkiestra-kameralna-akademii-nospr","status":"publish","type":"product","link":"https:\/\/nospr.org.pl\/sklep\/produkt\/koncert-familijny-orkiestra-kameralna-akademii-nospr\/","title":{"rendered":"Koncert familijny \/ Karnawa\u0142 zwierz\u0105t"},"content":{"rendered":"<p>Ten koncert to zaproszenie do niesamowitego \u015bwiata zwierz\u0105t. \u015awiata troch\u0119 tajemniczego, chwilami gro\u017anego, pe\u0142nego przer&oacute;\u017cnych odg\u0142os&oacute;w, d\u017awi\u0119k&oacute;w, nastroj&oacute;w. Przenios\u0105 nas tam utwory dw&oacute;ch kompozytor&oacute;w, kt&oacute;rzy mimo dziel\u0105cych ich tw&oacute;rczo\u015b\u0107 200 lat, maj\u0105 ze sob\u0105 wiele wsp&oacute;lnego, a szczeg&oacute;lnie t\u0119 niezwyk\u0142\u0105 umiej\u0119tno\u015b\u0107 o\u017cywiania instrument&oacute;w w taki spos&oacute;b, aby dzia\u0142a\u0142y na wyobra\u017ani\u0119 i aby\u015bmy zamiast perkusji, klarnetu, skrzypiec czy fortepianu s\u0142yszeli rycz\u0105cego lwa, tupi\u0105cego s\u0142onia, \u0107wierkaj\u0105ce ptaki czy wolno sun\u0105cego \u017c&oacute;\u0142wia.&nbsp;<\/p>\n<p>&bdquo;ZOO&rdquo; wsp&oacute;\u0142czesnego kompozytora Piotra Mossa nawi\u0105zuje do s\u0142ynnego &bdquo;Karnawa\u0142u zwierz\u0105t&rdquo; francuskiego kompozytora Camilla Saint-Sa&euml;nsa, a zestawienie poszczeg&oacute;lnych cz\u0119\u015bci i muzycznych zwierz\u0119cych charakter&oacute;w i obraz&oacute;w jest niezwykle ciekawym do\u015bwiadczeniem.&nbsp;<\/p>\n<p><strong>Rekomendowany wiek: <\/strong>od 4 lat<\/p>\n<p><strong>Czas trwania koncertu<\/strong>: ok. 60&nbsp;minut&nbsp;<\/p>\n<p><strong>Wszystko, co musisz wiedzie\u0107 przed wizyt\u0105 w&nbsp;NOSPR&nbsp;&ndash;&nbsp;<\/strong><strong><a href=\"https:\/\/nospr.org.pl\/pl\/aktualnosci\/wszystko-co-musisz-wiedziec-przed-wizyta-w-nospr\">wskaz&oacute;wki dla uczestnik&oacute;w wydarze\u0144<\/a>.<\/strong><\/p>\n<p>Prosimy o&nbsp;zapoznanie&nbsp;si\u0119 z&nbsp;informacjami dotycz\u0105cymi parking&oacute;w w&nbsp;Strefie Kultury&nbsp;&ndash;<strong>&nbsp;<\/strong><a href=\"https:\/\/nospr.org.pl\/pl\/aktualnosci\/wazne-informacje-o-parkingach\"><strong>wa\u017cne informacje o&nbsp;parkingach<\/strong><\/a><strong>.<\/strong><\/p>\n","protected":false},"excerpt":{"rendered":"<p>Ten koncert to zaproszenie do niesamowitego \u015bwiata zwierz\u0105t. \u015awiata troch\u0119 tajemniczego, chwilami gro\u017anego, pe\u0142nego przer&oacute;\u017cnych odg\u0142os&oacute;w, d\u017awi\u0119k&oacute;w, nastroj&oacute;w. Przenios\u0105 nas tam utwory dw&oacute;ch kompozytor&oacute;w, kt&oacute;rzy mimo dziel\u0105cych ich tw&oacute;rczo\u015b\u0107 200 lat, maj\u0105 ze sob\u0105 wiele wsp&oacute;lnego, a szczeg&oacute;lnie t\u0119 niezwyk\u0142\u0105 umiej\u0119tno\u015b\u0107 o\u017cywiania instrument&oacute;w w taki spos&oacute;b, aby dzia\u0142a\u0142y na wyobra\u017ani\u0119 i aby\u015bmy zamiast perkusji, klarnetu, [&hellip;]<\/p>\n","protected":false},"featured_media":0,"template":"","meta":{"inline_featured_image":false},"product_brand":[],"product_cat":[2226],"product_tag":[],"class_list":{"0":"post-37818","1":"product","2":"type-product","3":"status-publish","5":"product_cat-cat_254","7":"first","8":"instock","9":"virtual","10":"purchasable","11":"product-type-simple"},"_links":{"self":[{"href":"https:\/\/nospr.org.pl\/sklep\/wp-json\/wp\/v2\/product\/37818","targetHints":{"allow":["GET"]}}],"collection":[{"href":"https:\/\/nospr.org.pl\/sklep\/wp-json\/wp\/v2\/product"}],"about":[{"href":"https:\/\/nospr.org.pl\/sklep\/wp-json\/wp\/v2\/types\/product"}],"wp:attachment":[{"href":"https:\/\/nospr.org.pl\/sklep\/wp-json\/wp\/v2\/media?parent=37818"}],"wp:term":[{"taxonomy":"product_brand","embeddable":true,"href":"https:\/\/nospr.org.pl\/sklep\/wp-json\/wp\/v2\/product_brand?post=37818"},{"taxonomy":"product_cat","embeddable":true,"href":"https:\/\/nospr.org.pl\/sklep\/wp-json\/wp\/v2\/product_cat?post=37818"},{"taxonomy":"product_tag","embeddable":true,"href":"https:\/\/nospr.org.pl\/sklep\/wp-json\/wp\/v2\/product_tag?post=37818"}],"curies":[{"name":"wp","href":"https:\/\/api.w.org\/{rel}","templated":true}]}}