{"id":37817,"date":"2025-08-19T16:42:08","date_gmt":"2025-08-19T14:42:08","guid":{"rendered":"https:\/\/nospr.org.pl\/sklep\/produkt\/organowa-symfonia-kina-general\/"},"modified":"2026-04-07T08:34:04","modified_gmt":"2026-04-07T06:34:04","slug":"organowa-symfonia-kina-general","status":"publish","type":"product","link":"https:\/\/nospr.org.pl\/sklep\/produkt\/organowa-symfonia-kina-general\/","title":{"rendered":"OrgaNOWA symfonia kina \/ \u201eGenera\u0142\u201d \/ Buster Keaton i zwrotnice komedii"},"content":{"rendered":"<\/p>\n<p>M&oacute;wiono o nim, \u017ce by\u0142 najwi\u0119kszym z komik&oacute;w kina niemego nie tyle ze wzgl\u0119du na to, CO zrobi\u0142, ale JAK zrobi\u0142&hellip; A jak? Stworzy\u0142 &bdquo;cz\u0142owieka keatonowskiego&rdquo;, istot\u0119 obdarzon\u0105 najwy\u017csz\u0105 odwag\u0105 i wol\u0105 przetrwania &ndash; wbrew chaosowi \u015bwiata, \u017cywio\u0142om, buntuj\u0105cej si\u0119 materii, maszynom. Jakkolwiek jedna z nich &ndash; kamera filmowa &ndash; okaza\u0142a si\u0119 stworzona dla niego. Najpierw jako aktora wodewilowego, a z czasem tak\u017ce re\u017cysera, scenarzysty i AKTORA we w\u0142asnym filmowym \u015bwiecie. Gdyby szuka\u0107 dominuj\u0105cej cechy tego bohatera o kamiennej twarzy i drobnej sylwetce, by\u0142aby nim w\u0142a\u015bnie odwaga. Ubrana w komediowy kostium, zamaskowana eksploduj\u0105cymi humorem ekranowymi gagami, wstawiona w \u015bwiat &bdquo;na opak&rdquo; &ndash; ale najprawdziwsza odwaga. To ona nap\u0119dza bohatera Keatonowskich film&oacute;w niczym lokomotywa. Dzi\u0119ki niej maj\u0105 przed oczyma CEL i niez\u0142omnie do niego d\u0105\u017c\u0105. Jak bohater genialnego Genera\u0142a, w kt&oacute;rym Keaton sp\u0142aca d\u0142ug swoim mi\u0142o\u015bciom &ndash; po\u015bcigom i poci\u0105gom. Te drugie rozp\u0119dza\u0142y si\u0119 spektakularnie tak\u017ce w Rozkoszach go\u015bcinno\u015bci, w Sherlocku juniorze, ale tu, w arcyfilmie z 1926 roku, tytu\u0142owy Genera\u0142, czyli ukochana przez in\u017cyniera Johnniego Graya maszyna na torach, obecny jest w kadrze non stop. Kiedy lokomotywie zagra\u017ca niebezpiecze\u0144stwo (zostaje wpl\u0105tana w konflikt wojny secesyjnej), skromny maszynista Gray na przek&oacute;r k\u0142odom rzucanym na tory, na przek&oacute;r p\u0142omieniom i wodzie z desperacj\u0105 w oczach p\u0119dzi na ratunek&hellip; Film &ndash; nieustaj\u0105co obecny na \u015bwiatowych ekranach, uwielbiany, doceniany &ndash; mknie nadal.&nbsp;&nbsp;&nbsp;<\/p>\n<p><strong>Anita Skwara<\/strong>&nbsp;<\/p>\n<p><strong>Czas trwania koncertu<\/strong>: ok. 110 minut<\/p>\n<p><a href=\"https:\/\/nospr.org.pl\/pl\/kalendarz\/organowa-symfonia-kina-meczenstwo-joanny-darc\">Sprawd\u017a kolejny koncert z cyklu OrgaNOWA Symfonia Kina<\/a><\/p>\n<p>Ten koncert mo\u017ce by\u0107 cz\u0119\u015bci\u0105 &bdquo;Mojego karnetu&rdquo;. Sprawd\u017a szczeg&oacute;\u0142y i skomponuj &bdquo;M&oacute;j karnet&rdquo; dowolnie, wybieraj\u0105c spo\u015br&oacute;d koncert&oacute;w r&oacute;\u017cnych serii w sali kameralnej i koncertowej &ndash; <a href=\"https:\/\/nospr.org.pl\/pl\/bilety\/karnety\" rel=\"noreferrer noopener\" target=\"_blank\">wi\u0119cej informacji<\/a>.&nbsp;<\/p>\n<p><strong>Wszystko, co musisz wiedzie\u0107 przed wizyt\u0105 w NOSPR &ndash; <a href=\"https:\/\/nospr.org.pl\/pl\/aktualnosci\/wszystko-co-musisz-wiedziec-przed-wizyta-w-nospr\" rel=\"noreferrer noopener\" target=\"_blank\">wskaz&oacute;wki dla uczestnik&oacute;w wydarze\u0144<\/a>.&nbsp;<\/strong><span>&nbsp;<\/span><\/p>\n<p>Prosimy o&nbsp;zapoznanie&nbsp;si\u0119 z&nbsp;informacjami dotycz\u0105cymi parking&oacute;w w&nbsp;Strefie Kultury&nbsp;&ndash;&nbsp;<strong><a href=\"https:\/\/nospr.org.pl\/pl\/aktualnosci\/wazne-informacje-o-parkingach\" rel=\"noreferrer noopener\" target=\"_blank\">wa\u017cne informacje o&nbsp;parkingach<\/a>&nbsp;<\/strong><\/p>\n","protected":false},"excerpt":{"rendered":"<p>M&oacute;wiono o nim, \u017ce by\u0142 najwi\u0119kszym z komik&oacute;w kina niemego nie tyle ze wzgl\u0119du na to, CO zrobi\u0142, ale JAK zrobi\u0142&hellip; A jak? Stworzy\u0142 &bdquo;cz\u0142owieka keatonowskiego&rdquo;, istot\u0119 obdarzon\u0105 najwy\u017csz\u0105 odwag\u0105 i wol\u0105 przetrwania &ndash; wbrew chaosowi \u015bwiata, \u017cywio\u0142om, buntuj\u0105cej si\u0119 materii, maszynom. Jakkolwiek jedna z nich &ndash; kamera filmowa &ndash; okaza\u0142a si\u0119 stworzona dla niego. [&hellip;]<\/p>\n","protected":false},"featured_media":0,"template":"","meta":{"_acf_changed":false,"inline_featured_image":false},"product_brand":[],"product_cat":[2219,2246,2245],"product_tag":[],"class_list":{"0":"post-37817","1":"product","2":"type-product","3":"status-publish","5":"product_cat-cat_246","6":"product_cat-cat_256","7":"product_cat-cat_271","9":"first","10":"instock","11":"virtual","12":"purchasable","13":"product-type-simple"},"acf":[],"_links":{"self":[{"href":"https:\/\/nospr.org.pl\/sklep\/wp-json\/wp\/v2\/product\/37817","targetHints":{"allow":["GET"]}}],"collection":[{"href":"https:\/\/nospr.org.pl\/sklep\/wp-json\/wp\/v2\/product"}],"about":[{"href":"https:\/\/nospr.org.pl\/sklep\/wp-json\/wp\/v2\/types\/product"}],"wp:attachment":[{"href":"https:\/\/nospr.org.pl\/sklep\/wp-json\/wp\/v2\/media?parent=37817"}],"wp:term":[{"taxonomy":"product_brand","embeddable":true,"href":"https:\/\/nospr.org.pl\/sklep\/wp-json\/wp\/v2\/product_brand?post=37817"},{"taxonomy":"product_cat","embeddable":true,"href":"https:\/\/nospr.org.pl\/sklep\/wp-json\/wp\/v2\/product_cat?post=37817"},{"taxonomy":"product_tag","embeddable":true,"href":"https:\/\/nospr.org.pl\/sklep\/wp-json\/wp\/v2\/product_tag?post=37817"}],"curies":[{"name":"wp","href":"https:\/\/api.w.org\/{rel}","templated":true}]}}