{"id":37816,"date":"2025-08-19T16:42:07","date_gmt":"2025-08-19T14:42:07","guid":{"rendered":"https:\/\/nospr.org.pl\/sklep\/produkt\/kwartet-slaski-kopinski-andrysek\/"},"modified":"2026-04-07T19:56:04","modified_gmt":"2026-04-07T17:56:04","slug":"kwartet-slaski-kopinski-andrysek","status":"publish","type":"product","link":"https:\/\/nospr.org.pl\/sklep\/produkt\/kwartet-slaski-kopinski-andrysek\/","title":{"rendered":"Kwartet \u015al\u0105ski i go\u015bcie \/ Czwarty koncert z cyklu: Dziwaczne i osobliwe"},"content":{"rendered":"<p>To ju\u017c 12. sezon w NOSPR, podczas kt&oacute;rego Kwartet \u015al\u0105ski prezentuje autorski cykl koncert&oacute;w. Tym razem arty\u015bci zabior\u0105 nas w r&oacute;\u017cnorodn\u0105 i zaskakuj\u0105c\u0105 muzyczn\u0105 podr&oacute;\u017c pod has\u0142em Dziwaczne i osobliwe. To okazja do zaprezentowania rzadko wykonywanych, niezwykle innych i charakterystycznych utwor&oacute;w muzycznych. Ka\u017cdy z nich pozwoli zapozna\u0107 si\u0119 z now\u0105, cz\u0119sto burzliw\u0105 histori\u0105, nieoczywist\u0105 form\u0105 i brzmieniem. Przed nami cykl pi\u0119ciu spotka\u0144, kt&oacute;re wymykaj\u0105 si\u0119 schematom i odkrywaj\u0105 nieznane oblicza kwartetu smyczkowego, tak\u017ce z udzia\u0142em innych instrument&oacute;w.&nbsp;<\/p>\n<\/p>\n<p>To b\u0119dzie koncert pe\u0142en skrajno\u015bci &ndash; udamy si\u0119 w podr&oacute;\u017c od muzyki klasycznej, przez wojskow\u0105, by dotrze\u0107 w okolice brzmie\u0144 niemal rozrywkowych. Na pocz\u0105tku zabrzmi niezwykle wa\u017cne dzie\u0142o w dorobku Ludwiga van Beethovena, kt&oacute;re do dzi\u015b zaskakuje odwa\u017cnymi rozwi\u0105zaniami harmonicznymi i formalnymi. Mowa o <em>Wielkiej fudze<\/em> z 1825 roku, kt&oacute;ra by\u0142a ostatni\u0105 cz\u0119\u015bci\u0105 <em>Kwartetu smyczkowego B-dur<\/em> op. 130, na pro\u015bb\u0119 wydawcy wydzielon\u0105 przez kompozytora jako op. 133. Ze wzgl\u0119du na liczne kontrasty, dysonanse i niekonwencjonalne potraktowanie motyw&oacute;w dzie\u0142o od samego pocz\u0105tku by\u0142o sporym wyzwaniem dla wykonawc&oacute;w. Bywa sporym zaskoczeniem tak\u017ce dla s\u0142uchaczy dzisiejszych sal koncertowych, zw\u0142aszcza je\u015bli przywykli oni do tradycyjnej formy kwartetu smyczkowego.&nbsp;<\/p>\n<p>Utw&oacute;r Beethovena b\u0119dzie jednak tylko \u0142agodnym wst\u0119pem do dalszych zaskocze\u0144 tego wieczoru. Koncert Kwartetu \u015al\u0105skiego pozwoli nam r&oacute;wnie\u017c pozna\u0107 poczucie humoru wielkiego niemieckiego neoklasyka Paula Hindemitha. Kompozytor nie stroni\u0142 od \u017cadnego rodzaju muzyki i w ci\u0105gu zaledwie dw&oacute;ch lipcowych dni 1923 roku postanowi\u0142 stworzy\u0107 sze\u015bciocz\u0119\u015bciowe dzie\u0142o nawi\u0105zuj\u0105ce do muzyki wojskowej. Kwartet smyczkowy imituje tu d\u017awi\u0119ki instrument&oacute;w d\u0119tych, a fragmenty marszowe przeplataj\u0105 si\u0119 z rzewnymi melodiami. Hindemith zdaje si\u0119 puszcza\u0107 oko do s\u0142uchacza &ndash; tu nic nie jest do ko\u0144ca na powa\u017cnie. Atmosfera tanecznej zabawy rozwinie si\u0119 w pe\u0142ni w ostatnim utworze. <em>Rosen aus dem S&uuml;den<\/em> &ndash; kompilacja walc&oacute;w Johanna Straussa w aran\u017cacji Arnolda Sch&ouml;nberga &ndash; poka\u017ce, \u017ce mistrz dodekafonii tak\u017ce nie zawsze zachowywa\u0142 pe\u0142n\u0105 powag\u0119. Klasyczne brzmienie kwartetu smyczkowego uzupe\u0142ni\u0105 fortepian i akordeon.&nbsp;<\/p>\n<p><strong>Julia Broniowska&nbsp;\/ NOSPR<\/strong><\/p>\n<p><strong>Czas trwania koncertu<\/strong>: ok. 80&nbsp;minut&nbsp;<\/p>\n<p>Zapraszamy na <a href=\"https:\/\/nospr.org.pl\/pl\/kalendarz\/kwartet-slaski-4\">kolejny koncert z cyklu: Dziwaczne i osobliwe<\/a><\/p>\n<p>Ten koncert mo\u017ce by\u0107 cz\u0119\u015bci\u0105 &bdquo;Mojego karnetu&rdquo;. Sprawd\u017a szczeg&oacute;\u0142y i skomponuj &bdquo;M&oacute;j karnet&rdquo; dowolnie, wybieraj\u0105c spo\u015br&oacute;d koncert&oacute;w r&oacute;\u017cnych serii w sali kameralnej i koncertowej &ndash; <a href=\"https:\/\/nospr.org.pl\/pl\/bilety\/karnety\" rel=\"noreferrer noopener\" target=\"_blank\">wi\u0119cej informacji<\/a>.&nbsp;<\/p>\n<p><strong>Wszystko, co musisz wiedzie\u0107 przed wizyt\u0105 w NOSPR &ndash; <a href=\"https:\/\/nospr.org.pl\/pl\/aktualnosci\/wszystko-co-musisz-wiedziec-przed-wizyta-w-nospr\" rel=\"noreferrer noopener\" target=\"_blank\">wskaz&oacute;wki dla uczestnik&oacute;w wydarze\u0144<\/a>.&nbsp;<\/strong><span>&nbsp;<\/span><\/p>\n<p>Prosimy o&nbsp;zapoznanie&nbsp;si\u0119 z&nbsp;informacjami dotycz\u0105cymi parking&oacute;w w&nbsp;Strefie Kultury&nbsp;&ndash;<strong>&nbsp;<a href=\"https:\/\/nospr.org.pl\/pl\/aktualnosci\/wazne-informacje-o-parkingach\" rel=\"noreferrer noopener\" target=\"_blank\">wa\u017cne informacje o&nbsp;parkingach<\/a>&nbsp;<\/strong><\/p>\n","protected":false},"excerpt":{"rendered":"<p>To ju\u017c 12. sezon w NOSPR, podczas kt&oacute;rego Kwartet \u015al\u0105ski prezentuje autorski cykl koncert&oacute;w. Tym razem arty\u015bci zabior\u0105 nas w r&oacute;\u017cnorodn\u0105 i zaskakuj\u0105c\u0105 muzyczn\u0105 podr&oacute;\u017c pod has\u0142em Dziwaczne i osobliwe. To okazja do zaprezentowania rzadko wykonywanych, niezwykle innych i charakterystycznych utwor&oacute;w muzycznych. Ka\u017cdy z nich pozwoli zapozna\u0107 si\u0119 z now\u0105, cz\u0119sto burzliw\u0105 histori\u0105, nieoczywist\u0105 form\u0105 [&hellip;]<\/p>\n","protected":false},"featured_media":0,"template":"","meta":{"_acf_changed":false,"inline_featured_image":false},"product_brand":[],"product_cat":[2217,2246],"product_tag":[],"class_list":{"0":"post-37816","1":"product","2":"type-product","3":"status-publish","5":"product_cat-cat_241","6":"product_cat-cat_256","8":"first","9":"instock","10":"virtual","11":"purchasable","12":"product-type-simple"},"acf":[],"_links":{"self":[{"href":"https:\/\/nospr.org.pl\/sklep\/wp-json\/wp\/v2\/product\/37816","targetHints":{"allow":["GET"]}}],"collection":[{"href":"https:\/\/nospr.org.pl\/sklep\/wp-json\/wp\/v2\/product"}],"about":[{"href":"https:\/\/nospr.org.pl\/sklep\/wp-json\/wp\/v2\/types\/product"}],"wp:attachment":[{"href":"https:\/\/nospr.org.pl\/sklep\/wp-json\/wp\/v2\/media?parent=37816"}],"wp:term":[{"taxonomy":"product_brand","embeddable":true,"href":"https:\/\/nospr.org.pl\/sklep\/wp-json\/wp\/v2\/product_brand?post=37816"},{"taxonomy":"product_cat","embeddable":true,"href":"https:\/\/nospr.org.pl\/sklep\/wp-json\/wp\/v2\/product_cat?post=37816"},{"taxonomy":"product_tag","embeddable":true,"href":"https:\/\/nospr.org.pl\/sklep\/wp-json\/wp\/v2\/product_tag?post=37816"}],"curies":[{"name":"wp","href":"https:\/\/api.w.org\/{rel}","templated":true}]}}