{"id":37814,"date":"2025-08-19T16:40:07","date_gmt":"2025-08-19T14:40:07","guid":{"rendered":"https:\/\/nospr.org.pl\/sklep\/produkt\/muzyka-swiata-kameralisci-nospr\/"},"modified":"2026-03-26T19:29:03","modified_gmt":"2026-03-26T18:29:03","slug":"muzyka-swiata-kameralisci-nospr","status":"publish","type":"product","link":"https:\/\/nospr.org.pl\/sklep\/produkt\/muzyka-swiata-kameralisci-nospr\/","title":{"rendered":"Kamerali\u015bci NOSPR \/ Bili\u0144ska \/ Nieko\u0144cz\u0105ce si\u0119 odcienie jidysz"},"content":{"rendered":"<p>Poza utworami tradycyjnymi i przedwojennymi, wokalistka zaprezentuje premierowe kompozycje swojego autorstwa do wierszy poetek j\u0119zyka jidysz z antologii &bdquo;Moja Dzika Koza&quot;. Utwory nowego programu kr\u0105\u017c\u0105 wok&oacute;\u0142 temat&oacute;w: cia\u0142o, kobieta, pami\u0119\u0107. Obok instrument&oacute;w klasycznych w aran\u017cacjach pojawi\u0105 si\u0119 tak\u017ce instrumenty elektroniczne oraz wschodnie, u\u017cywane mi\u0119dzy innymi przy medytacji. Na scenie NOSPR spotkaj\u0105 si\u0119 zatem r&oacute;\u017cne \u015bwiaty i epoki: przesz\u0142o\u015b\u0107 i wsp&oacute;\u0142czesno\u015b\u0107, wsch&oacute;d i zach&oacute;d, muzyka klasyczna, aktualna i etniczna.&nbsp;<\/p>\n<hr \/>\n<p>&bdquo;Zahipnotyzowa\u0142a mnie jasno\u015b\u0107 i \u015bwie\u017co\u015b\u0107. Tego nie s\u0142ysza\u0142em. \u017beby dzi\u015b kto\u015b? Tak jasno i bezpretensjonalnie piosenki po \u017cydowsku \u015bpiewa\u0142?&rdquo; &ndash;<strong> <\/strong>zachwyca\u0142 si\u0119 Ol\u0105 Bili\u0144sk\u0105 ju\u017c ponad dekad\u0119 temu Miko\u0142aj Trzaska, jeden z g\u0142&oacute;wnych polskich ambasador&oacute;w nowej muzyki \u017cydowskiej. Nagrywali wtedy wsp&oacute;lnie ko\u0142ysanki w jidysz. Ale to by\u0142 dopiero pocz\u0105tek, bo po onirycznych <em>Berjozkele<\/em> przysz\u0142y impresyjno-kameralistyczne pie\u015bni mi\u0142osne (<em>Libelid<\/em>) oraz niemal postrockowy projekt <em>Nachum <\/em>ze znanymi na ca\u0142ym \u015bwiecie szlagierami przedwojennego poety Nachuma Sternheima.<\/p>\n<p>Od tamtej pory jedna z najbardziej wszechstronnych i empatycznych polskich wokalistek nagrywa\u0142a z powodzeniem tak\u017ce piosenki bigbitowe, psychodeliczne i avantfolkowe, by wreszcie &ndash; na zaproszenie kameralist&oacute;w Narodowej Orkiestry Symfonicznej Polskiego Radia &ndash; powr&oacute;ci\u0107 do magicznego \u015bwiata jidysz. Sk\u0142ad nowego zespo\u0142u pozwala spodziewa\u0107 si\u0119 po raz kolejny aran\u017cacji na wskro\u015b oryginalnych i rzucaj\u0105cych nowe \u015bwiat\u0142o na zapomniany nieco repertuar.<\/p>\n<p><strong>Micha\u0142 Mendyk<\/strong><\/p>\n<p><strong>Czas trwania koncertu<\/strong>: ok. 70 minut<\/p>\n<p>Ten koncert mo\u017ce by\u0107 cz\u0119\u015bci\u0105 &bdquo;Mojego karnetu&rdquo;. Sprawd\u017a szczeg&oacute;\u0142y i skomponuj &bdquo;M&oacute;j karnet&rdquo; dowolnie, wybieraj\u0105c spo\u015br&oacute;d koncert&oacute;w r&oacute;\u017cnych serii w sali kameralnej i koncertowej &ndash; <a href=\"https:\/\/nospr.org.pl\/pl\/bilety\/karnety\" rel=\"noreferrer noopener\" target=\"_blank\">wi\u0119cej informacji<\/a>.<\/p>\n<\/p>\n<p data-delay=\"0\" data-scroll=\"fadeUp\"><strong>Wszystko, co musisz wiedzie\u0107 przed wizyt\u0105 w&nbsp;NOSPR&nbsp;&ndash;&nbsp;<\/strong><strong><a data-saferedirecturl=\"https:\/\/www.google.com\/url?q=https:\/\/nospr.org.pl\/pl\/aktualnosci\/wszystko-co-musisz-wiedziec-przed-wizyta-w-nospr&amp;source=gmail&amp;ust=1723197131387000&amp;usg=AOvVaw0kMCs8oxFkm9XaUCfC6DH5\" href=\"https:\/\/nospr.org.pl\/pl\/aktualnosci\/wszystko-co-musisz-wiedziec-przed-wizyta-w-nospr\" id=\"m_1070481786903339264OWAe5e18766-eadf-e987-1d68-0e1e53dd4c36\" rel=\"noopener noreferrer\" target=\"_blank\">wskaz&oacute;wki dla uczestnik&oacute;w wydarze\u0144<\/a><\/strong><strong>.<\/strong><\/p>\n<p data-delay=\"0\" data-scroll=\"fadeUp\">Prosimy o&nbsp;zapoznanie&nbsp;si\u0119 z&nbsp;informacjami dotycz\u0105cymi parking&oacute;w w&nbsp;Strefie Kultury &ndash;<strong>&nbsp;<\/strong><strong><a data-saferedirecturl=\"https:\/\/www.google.com\/url?q=https:\/\/nospr.org.pl\/pl\/aktualnosci\/wazne-informacje-o-parkingach&amp;source=gmail&amp;ust=1723197131387000&amp;usg=AOvVaw1yPiY3uULhY_GTIGE_VJSo\" href=\"https:\/\/nospr.org.pl\/pl\/aktualnosci\/wazne-informacje-o-parkingach\" id=\"m_1070481786903339264OWA583604c9-0f4f-ad5b-11a4-dd99db6c3bd6\" rel=\"noopener noreferrer\" target=\"_blank\">wa\u017cne informacje o&nbsp;parkingach<\/a><\/strong><\/p>\n","protected":false},"excerpt":{"rendered":"<p>Poza utworami tradycyjnymi i przedwojennymi, wokalistka zaprezentuje premierowe kompozycje swojego autorstwa do wierszy poetek j\u0119zyka jidysz z antologii &bdquo;Moja Dzika Koza&quot;. Utwory nowego programu kr\u0105\u017c\u0105 wok&oacute;\u0142 temat&oacute;w: cia\u0142o, kobieta, pami\u0119\u0107. Obok instrument&oacute;w klasycznych w aran\u017cacjach pojawi\u0105 si\u0119 tak\u017ce instrumenty elektroniczne oraz wschodnie, u\u017cywane mi\u0119dzy innymi przy medytacji. Na scenie NOSPR spotkaj\u0105 si\u0119 zatem r&oacute;\u017cne \u015bwiaty [&hellip;]<\/p>\n","protected":false},"featured_media":0,"template":"","meta":{"_acf_changed":false,"inline_featured_image":false},"product_brand":[],"product_cat":[2217,2246,2239],"product_tag":[],"class_list":{"0":"post-37814","1":"product","2":"type-product","3":"status-publish","5":"product_cat-cat_241","6":"product_cat-cat_256","7":"product_cat-cat_253","9":"first","10":"instock","11":"virtual","12":"purchasable","13":"product-type-simple"},"acf":[],"_links":{"self":[{"href":"https:\/\/nospr.org.pl\/sklep\/wp-json\/wp\/v2\/product\/37814","targetHints":{"allow":["GET"]}}],"collection":[{"href":"https:\/\/nospr.org.pl\/sklep\/wp-json\/wp\/v2\/product"}],"about":[{"href":"https:\/\/nospr.org.pl\/sklep\/wp-json\/wp\/v2\/types\/product"}],"wp:attachment":[{"href":"https:\/\/nospr.org.pl\/sklep\/wp-json\/wp\/v2\/media?parent=37814"}],"wp:term":[{"taxonomy":"product_brand","embeddable":true,"href":"https:\/\/nospr.org.pl\/sklep\/wp-json\/wp\/v2\/product_brand?post=37814"},{"taxonomy":"product_cat","embeddable":true,"href":"https:\/\/nospr.org.pl\/sklep\/wp-json\/wp\/v2\/product_cat?post=37814"},{"taxonomy":"product_tag","embeddable":true,"href":"https:\/\/nospr.org.pl\/sklep\/wp-json\/wp\/v2\/product_tag?post=37814"}],"curies":[{"name":"wp","href":"https:\/\/api.w.org\/{rel}","templated":true}]}}