{"id":37811,"date":"2025-08-19T16:38:05","date_gmt":"2025-08-19T14:38:05","guid":{"rendered":"https:\/\/nospr.org.pl\/sklep\/produkt\/koncert-familijny-13\/"},"modified":"2026-03-15T15:59:04","modified_gmt":"2026-03-15T14:59:04","slug":"koncert-familijny-13","status":"publish","type":"product","link":"https:\/\/nospr.org.pl\/sklep\/produkt\/koncert-familijny-13\/","title":{"rendered":"Koncert familijny \/ Zielono mi &#8211; muzyczna podr\u00f3\u017c po Irlandii"},"content":{"rendered":"<p>Czy Irlandia naprawd\u0119 jest zielona? Dlaczego przy irlandzkich piosenkach a\u017c chce si\u0119 podskakiwa\u0107?&nbsp;<\/p>\n<p>Zapraszamy na koncert &bdquo;Zielono mi&rdquo; &ndash; pe\u0142n\u0105 energii i u\u015bmiechu podr&oacute;\u017c do \u015bwiata muzyki, zielonych krajobraz&oacute;w i fascynuj\u0105cych irlandzkich opowie\u015bci!&nbsp;<\/p>\n<p>M\u0142odzi skrzypkowie zabior\u0105 Was na Zielon\u0105 Wysp\u0119, gdzie tradycyjne melodie ta\u0144cz\u0105 na wzg&oacute;rzach, a d\u017awi\u0119ki natury przeplataj\u0105 si\u0119 z legendami. To nie tylko koncert, to prawdziwa przygoda, kt&oacute;ra porwie zar&oacute;wno dzieci, jak i doros\u0142ych.&nbsp;<\/p>\n<p>Przygotujcie si\u0119 na muzyk\u0119, kt&oacute;ra rozgrzeje serca i rozbudzi wyobra\u017ani\u0119, bo &bdquo;Zielono mi&rdquo; to rado\u015b\u0107 grania i s\u0142uchania!&nbsp;<\/p>\n<p><strong>Rekomendowany wiek: <\/strong>od 4 lat<\/p>\n<p><strong>Czas trwania: <\/strong>ok. 60 minut<\/p>\n<p><strong>Wszystko, co musisz wiedzie\u0107 przed wizyt\u0105 w&nbsp;NOSPR&nbsp;&ndash;&nbsp;<\/strong><a href=\"https:\/\/nospr.org.pl\/pl\/aktualnosci\/wszystko-co-musisz-wiedziec-przed-wizyta-w-nospr\"><strong>wskaz&oacute;wki dla uczestnik&oacute;w wydarze\u0144.<\/strong><\/a><\/p>\n<p>Prosimy o&nbsp;zapoznanie&nbsp;si\u0119 z&nbsp;informacjami dotycz\u0105cymi parking&oacute;w w&nbsp;Strefie Kultury&nbsp;&ndash;<strong>&nbsp;<\/strong><a href=\"https:\/\/nospr.org.pl\/pl\/aktualnosci\/wazne-informacje-o-parkingach\"><strong>wa\u017cne informacje o&nbsp;parkingach<\/strong><\/a><strong>.<\/strong><\/p>\n","protected":false},"excerpt":{"rendered":"<p>Czy Irlandia naprawd\u0119 jest zielona? Dlaczego przy irlandzkich piosenkach a\u017c chce si\u0119 podskakiwa\u0107?&nbsp; Zapraszamy na koncert &bdquo;Zielono mi&rdquo; &ndash; pe\u0142n\u0105 energii i u\u015bmiechu podr&oacute;\u017c do \u015bwiata muzyki, zielonych krajobraz&oacute;w i fascynuj\u0105cych irlandzkich opowie\u015bci!&nbsp; M\u0142odzi skrzypkowie zabior\u0105 Was na Zielon\u0105 Wysp\u0119, gdzie tradycyjne melodie ta\u0144cz\u0105 na wzg&oacute;rzach, a d\u017awi\u0119ki natury przeplataj\u0105 si\u0119 z legendami. To nie [&hellip;]<\/p>\n","protected":false},"featured_media":0,"template":"","meta":{"_acf_changed":false,"inline_featured_image":false},"product_brand":[],"product_cat":[2226],"product_tag":[],"class_list":{"0":"post-37811","1":"product","2":"type-product","3":"status-publish","5":"product_cat-cat_254","7":"first","8":"instock","9":"virtual","10":"purchasable","11":"product-type-simple"},"acf":[],"_links":{"self":[{"href":"https:\/\/nospr.org.pl\/sklep\/wp-json\/wp\/v2\/product\/37811","targetHints":{"allow":["GET"]}}],"collection":[{"href":"https:\/\/nospr.org.pl\/sklep\/wp-json\/wp\/v2\/product"}],"about":[{"href":"https:\/\/nospr.org.pl\/sklep\/wp-json\/wp\/v2\/types\/product"}],"wp:attachment":[{"href":"https:\/\/nospr.org.pl\/sklep\/wp-json\/wp\/v2\/media?parent=37811"}],"wp:term":[{"taxonomy":"product_brand","embeddable":true,"href":"https:\/\/nospr.org.pl\/sklep\/wp-json\/wp\/v2\/product_brand?post=37811"},{"taxonomy":"product_cat","embeddable":true,"href":"https:\/\/nospr.org.pl\/sklep\/wp-json\/wp\/v2\/product_cat?post=37811"},{"taxonomy":"product_tag","embeddable":true,"href":"https:\/\/nospr.org.pl\/sklep\/wp-json\/wp\/v2\/product_tag?post=37811"}],"curies":[{"name":"wp","href":"https:\/\/api.w.org\/{rel}","templated":true}]}}