{"id":37810,"date":"2025-08-19T16:36:07","date_gmt":"2025-08-19T14:36:07","guid":{"rendered":"https:\/\/nospr.org.pl\/sklep\/produkt\/kameralisci-nospr-2\/"},"modified":"2026-02-19T19:29:03","modified_gmt":"2026-02-19T18:29:03","slug":"kameralisci-nospr-namietny-romantyzm-nowa-data","status":"publish","type":"product","link":"https:\/\/nospr.org.pl\/sklep\/produkt\/kameralisci-nospr-namietny-romantyzm-nowa-data\/","title":{"rendered":"Kamerali\u015bci NOSPR \/ Nami\u0119tny romantyzm (nowa data)"},"content":{"rendered":"<p><strong>Data koncertu zosta\u0142a zmieniona z <a href=\"https:\/\/nospr.org.pl\/pl\/kalendarz\/kameralisci-nospr-2\">5.03.2026<\/a> na 19.02.2026.<\/strong><\/p>\n<p>Carl Fr&uuml;hling pochodzi\u0142 ze stolicy austriackiej Galicji &ndash; Lwowa, wi\u0119ksz\u0105 cz\u0119\u015b\u0107 \u017cycia sp\u0119dzi\u0142 jednak w Wiedniu, gdzie pracowa\u0142 jako nauczyciel, pianista i akompaniator takich s\u0142aw jak Pablo de Sarasate czy Bronis\u0142aw Huberman. <em>Kwintet fortepianowy fis-moll<\/em> napisa\u0142 w roku 1892, nied\u0142ugo po uko\u0144czeniu studi&oacute;w. Mimo publikacji dzie\u0142o po I wojnie \u015bwiatowej znikn\u0119\u0142o z praktyki wykonawczej, do kt&oacute;rej przywr&oacute;cono je w latach dziewi\u0119\u0107dziesi\u0105tych XX wieku. To g\u0119sta, solidna, brahmsowska z ducha kameralistyka, zas\u0142uguj\u0105ca na granie i s\u0142uchanie.&nbsp;<\/p>\n<p><em>Kwartet fortepianowy c-moll<\/em> op. 15 Gabriela Faur&eacute;go powsta\u0142 kilkana\u015bcie lat wcze\u015bniej, ale mo\u017cna go opisa\u0107 podobnie. Doda\u0107 jednak nale\u017cy pewniejsz\u0105 r\u0119k\u0119, s\u0142odycz melodii i wyrafinowanie harmonii &ndash; cho\u0107 Kwartet jest r&oacute;wnie\u017c dzie\u0142em stosunkowo m\u0142odego artysty, zdradza talent najlepszego francuskiego kompozytora pokolenia urodzonego w latach czterdziestych XIX wieku.&nbsp;&nbsp;<\/p>\n<p><strong>Adam Suprynowicz<\/strong><\/p>\n<p><strong>Czas trwania koncertu<\/strong>: ok. 80&nbsp;minut&nbsp;<\/p>\n<p>Ten koncert mo\u017ce by\u0107 cz\u0119\u015bci\u0105 &bdquo;Mojego karnetu&rdquo;. Sprawd\u017a szczeg&oacute;\u0142y i skomponuj &bdquo;M&oacute;j karnet&rdquo; dowolnie, wybieraj\u0105c spo\u015br&oacute;d koncert&oacute;w r&oacute;\u017cnych serii w sali kameralnej i koncertowej &ndash; <a href=\"https:\/\/nospr.org.pl\/pl\/bilety\/karnety\" rel=\"noreferrer noopener\" target=\"_blank\">wi\u0119cej informacji<\/a>.&nbsp;<\/p>\n<p><strong>Wszystko, co musisz wiedzie\u0107 przed wizyt\u0105 w NOSPR &ndash; <a href=\"https:\/\/nospr.org.pl\/pl\/aktualnosci\/wszystko-co-musisz-wiedziec-przed-wizyta-w-nospr\" rel=\"noreferrer noopener\" target=\"_blank\">wskaz&oacute;wki dla uczestnik&oacute;w wydarze\u0144<\/a>.&nbsp;<\/strong>&nbsp;<\/p>\n<p>Prosimy o&nbsp;zapoznanie&nbsp;si\u0119 z&nbsp;informacjami dotycz\u0105cymi parking&oacute;w w&nbsp;Strefie Kultury&nbsp;&ndash;&nbsp;<strong><a href=\"https:\/\/nospr.org.pl\/pl\/aktualnosci\/wazne-informacje-o-parkingach\" rel=\"noreferrer noopener\" target=\"_blank\">wa\u017cne informacje o&nbsp;parkingach<\/a>&nbsp;<\/strong><\/p>\n","protected":false},"excerpt":{"rendered":"<p>Data koncertu zosta\u0142a zmieniona z 5.03.2026 na 19.02.2026. Carl Fr&uuml;hling pochodzi\u0142 ze stolicy austriackiej Galicji &ndash; Lwowa, wi\u0119ksz\u0105 cz\u0119\u015b\u0107 \u017cycia sp\u0119dzi\u0142 jednak w Wiedniu, gdzie pracowa\u0142 jako nauczyciel, pianista i akompaniator takich s\u0142aw jak Pablo de Sarasate czy Bronis\u0142aw Huberman. Kwintet fortepianowy fis-moll napisa\u0142 w roku 1892, nied\u0142ugo po uko\u0144czeniu studi&oacute;w. Mimo publikacji dzie\u0142o po [&hellip;]<\/p>\n","protected":false},"featured_media":0,"template":"","meta":{"_acf_changed":false,"inline_featured_image":false},"product_brand":[],"product_cat":[2217,2246],"product_tag":[],"class_list":{"0":"post-37810","1":"product","2":"type-product","3":"status-publish","5":"product_cat-cat_241","6":"product_cat-cat_256","8":"first","9":"instock","10":"virtual","11":"purchasable","12":"product-type-simple"},"acf":[],"_links":{"self":[{"href":"https:\/\/nospr.org.pl\/sklep\/wp-json\/wp\/v2\/product\/37810","targetHints":{"allow":["GET"]}}],"collection":[{"href":"https:\/\/nospr.org.pl\/sklep\/wp-json\/wp\/v2\/product"}],"about":[{"href":"https:\/\/nospr.org.pl\/sklep\/wp-json\/wp\/v2\/types\/product"}],"wp:attachment":[{"href":"https:\/\/nospr.org.pl\/sklep\/wp-json\/wp\/v2\/media?parent=37810"}],"wp:term":[{"taxonomy":"product_brand","embeddable":true,"href":"https:\/\/nospr.org.pl\/sklep\/wp-json\/wp\/v2\/product_brand?post=37810"},{"taxonomy":"product_cat","embeddable":true,"href":"https:\/\/nospr.org.pl\/sklep\/wp-json\/wp\/v2\/product_cat?post=37810"},{"taxonomy":"product_tag","embeddable":true,"href":"https:\/\/nospr.org.pl\/sklep\/wp-json\/wp\/v2\/product_tag?post=37810"}],"curies":[{"name":"wp","href":"https:\/\/api.w.org\/{rel}","templated":true}]}}