{"id":37808,"date":"2025-08-19T16:34:05","date_gmt":"2025-08-19T14:34:05","guid":{"rendered":"https:\/\/nospr.org.pl\/sklep\/produkt\/jazzklub-rudi-mahalls-almost-danish-quartet\/"},"modified":"2026-03-03T19:28:04","modified_gmt":"2026-03-03T18:28:04","slug":"jazzklub-rudi-mahalls-almost-danish-quartet","status":"publish","type":"product","link":"https:\/\/nospr.org.pl\/sklep\/produkt\/jazzklub-rudi-mahalls-almost-danish-quartet\/","title":{"rendered":"JazzKLUB \/ Rudi Mahall\u2019s Almost Danish Quartet \/ Standardy z przymru\u017ceniem oka"},"content":{"rendered":"<p class=\"MsoBodyText\"><span><span>Co by si\u0119 sta\u0142o, gdyby jeden z odwa\u017cniejszych freejazzowych artyst&oacute;w na warsztat wzi\u0105\u0142 jazzowe standardy? Ten koncert b\u0119dzie okazj\u0105, by si\u0119 o tym przekona\u0107. Rudi Mahall to berli\u0144ski klarnecista basowy znany z oryginalnego i odwa\u017cnego podej\u015bcia do instrumentu i bardzo indywidualnego brzmienia. Mia\u0142 zosta\u0107 muzykiem klasycznym, szybko jednak zainteresowa\u0142 si\u0119 muzyk\u0105 wsp&oacute;\u0142czesn\u0105 i improwizacj\u0105, <\/span><\/span>staj\u0105c si\u0119 jednym z najwa\u017cniejszych wirtuoz&oacute;w swojego instrumentu<span><span>. Ju\u017c w latach dziewi\u0119\u0107dziesi\u0105tych zas\u0142yn\u0105\u0142 z odwa\u017cnego, ale i pe\u0142nego humoru scenicznego stylu. Wraz ze swoim nie do ko\u0144ca du\u0144skim kwartetem (z polskim pianist\u0105 Arturem Tu\u017anikiem) wchodzi w \u015bwiat jazzowych standard&oacute;w jak do sklepu z zabawkami. Bawi si\u0119 nimi z nieskr\u0119powan\u0105 wyobra\u017ani\u0105, odrzucaj\u0105c wszelkie wzorce i schematy, wykorzystuj\u0105c za to niesamowity temperament i poczucie humoru.<\/span><\/span><\/p>\n<p class=\"MsoBodyText\"><strong><span><span>Mery Zimny<\/span><\/span><\/strong><\/p>\n<p class=\"MsoBodyText\"><strong>Czas trwania koncertu<\/strong>: ok. 90 minut<\/p>\n<p><a href=\"https:\/\/nospr.org.pl\/pl\/program\/jazzklub-2025-2026\">Sprawd\u017a najbli\u017csze koncerty w tym cyklu<\/a><\/p>\n<p>Ten koncert mo\u017ce by\u0107 cz\u0119\u015bci\u0105 &bdquo;Mojego karnetu&rdquo;. Sprawd\u017a szczeg&oacute;\u0142y i skomponuj &bdquo;M&oacute;j karnet&rdquo; dowolnie, wybieraj\u0105c spo\u015br&oacute;d koncert&oacute;w r&oacute;\u017cnych serii w sali kameralnej i koncertowej &ndash; <a href=\"https:\/\/nospr.org.pl\/pl\/bilety\/karnety\" rel=\"noreferrer noopener\" target=\"_blank\">wi\u0119cej informacji<\/a>.&nbsp;<\/p>\n<p><strong>Wszystko, co musisz wiedzie\u0107 przed wizyt\u0105 w NOSPR &ndash; <a href=\"https:\/\/nospr.org.pl\/pl\/aktualnosci\/wszystko-co-musisz-wiedziec-przed-wizyta-w-nospr\" rel=\"noreferrer noopener\" target=\"_blank\">wskaz&oacute;wki dla uczestnik&oacute;w wydarze\u0144<\/a>.&nbsp;<\/strong><\/p>\n<p>Prosimy o zapoznanie si\u0119 z informacjami dotycz\u0105cymi parking&oacute;w w Strefie Kultury &ndash;<strong> <a href=\"https:\/\/nospr.org.pl\/pl\/aktualnosci\/wazne-informacje-o-parkingach\" rel=\"noreferrer noopener\" target=\"_blank\">wa\u017cne informacje o parkingach<\/a><\/strong>&nbsp;<\/p>\n","protected":false},"excerpt":{"rendered":"<p>Co by si\u0119 sta\u0142o, gdyby jeden z odwa\u017cniejszych freejazzowych artyst&oacute;w na warsztat wzi\u0105\u0142 jazzowe standardy? Ten koncert b\u0119dzie okazj\u0105, by si\u0119 o tym przekona\u0107. Rudi Mahall to berli\u0144ski klarnecista basowy znany z oryginalnego i odwa\u017cnego podej\u015bcia do instrumentu i bardzo indywidualnego brzmienia. Mia\u0142 zosta\u0107 muzykiem klasycznym, szybko jednak zainteresowa\u0142 si\u0119 muzyk\u0105 wsp&oacute;\u0142czesn\u0105 i improwizacj\u0105, staj\u0105c [&hellip;]<\/p>\n","protected":false},"featured_media":0,"template":"","meta":{"_acf_changed":false,"inline_featured_image":false},"product_brand":[],"product_cat":[2218,2246],"product_tag":[],"class_list":{"0":"post-37808","1":"product","2":"type-product","3":"status-publish","5":"product_cat-cat_242","6":"product_cat-cat_256","8":"first","9":"instock","10":"virtual","11":"purchasable","12":"product-type-simple"},"acf":[],"_links":{"self":[{"href":"https:\/\/nospr.org.pl\/sklep\/wp-json\/wp\/v2\/product\/37808","targetHints":{"allow":["GET"]}}],"collection":[{"href":"https:\/\/nospr.org.pl\/sklep\/wp-json\/wp\/v2\/product"}],"about":[{"href":"https:\/\/nospr.org.pl\/sklep\/wp-json\/wp\/v2\/types\/product"}],"wp:attachment":[{"href":"https:\/\/nospr.org.pl\/sklep\/wp-json\/wp\/v2\/media?parent=37808"}],"wp:term":[{"taxonomy":"product_brand","embeddable":true,"href":"https:\/\/nospr.org.pl\/sklep\/wp-json\/wp\/v2\/product_brand?post=37808"},{"taxonomy":"product_cat","embeddable":true,"href":"https:\/\/nospr.org.pl\/sklep\/wp-json\/wp\/v2\/product_cat?post=37808"},{"taxonomy":"product_tag","embeddable":true,"href":"https:\/\/nospr.org.pl\/sklep\/wp-json\/wp\/v2\/product_tag?post=37808"}],"curies":[{"name":"wp","href":"https:\/\/api.w.org\/{rel}","templated":true}]}}