{"id":37807,"date":"2025-08-19T16:32:07","date_gmt":"2025-08-19T14:32:07","guid":{"rendered":"https:\/\/nospr.org.pl\/sklep\/produkt\/festiwal-echo-rising-stars-3\/"},"modified":"2026-03-01T14:58:07","modified_gmt":"2026-03-01T13:58:07","slug":"festiwal-echo-rising-stars-horvath-cymbaly-nie-cymbalki","status":"publish","type":"product","link":"https:\/\/nospr.org.pl\/sklep\/produkt\/festiwal-echo-rising-stars-horvath-cymbaly-nie-cymbalki\/","title":{"rendered":"Festiwal ECHO Rising Stars \/ Horv\u00e1th \/ Cymba\u0142y, nie cymba\u0142ki"},"content":{"rendered":"<p>Posiadacze bilet&oacute;w na Festiwal&nbsp;<strong>ECHO Rising Stars<\/strong>&nbsp;mog\u0105 skorzysta\u0107 z&nbsp;<strong>10% zni\u017cki na posi\u0142ek<\/strong>&nbsp;w restauracji&nbsp;<strong>Ogrody by Famila w NOSPR<\/strong>&nbsp;(po okazaniu biletu).<br \/>\nPrzy rezerwacji stolika&nbsp;<strong>co najmniej dzie\u0144 wcze\u015bniej<\/strong>&nbsp;&ndash;&nbsp;<strong>10% zni\u017cki na posi\u0142ek oraz nap&oacute;j powitalny gratis.<\/strong><\/p>\n<hr \/>\n<p>To instrument fascynuj\u0105cy. Pa\u0142eczki uderzaj\u0105ce w struny uruchamiaj\u0105 naturalne brz\u0119czenie i rezonans pozosta\u0142ych strun, delikatnej melodii towarzyszy wi\u0119c aura harmoniczna niepodobna do niczego innego. Znamy je w Polsce, ale szczeg&oacute;lne miejsce zajmuje&nbsp;<em>cimbalom <\/em>w kulturze w\u0119gierskiej. Nic wi\u0119c dziwnego, \u017ce w\u0119gierski m\u0142ody wirtuoz tego instrumentu, cho\u0107 zacznie od Bacha i przedstawi szereg kompozycji pokazuj\u0105cych mo\u017cliwo\u015bci cymba\u0142&oacute;w, w centrum swojego recitalu postawi\u0142 muzyk\u0119 genialnego rodaka, kt&oacute;rego setne urodziny obchodzili\u015bmy w lutym.&nbsp;<\/p>\n<p>Muzyka Gy&ouml;rgya Kurt&aacute;ga to mi\u0119dzy innymi zachwycaj\u0105ce pi\u0119kno\u015bci\u0105 drobiazgi. Pisa\u0142 ich wiele &ndash; zbiera je dziesi\u0119ciotomowy cykl <em>J&aacute;t&eacute;kok <\/em>(<em>Gry<\/em>). Dedykowa\u0142 te miniatury przyjacio\u0142om i znajomym &ndash; us\u0142yszymy mi\u0119dzy innymi napisan\u0105 dla Witolda Lutos\u0142awskiego <em>Ga\u0142\u0105zk\u0119 wrzosu<\/em>. To tak, jakby zatrzyma\u0107 w czasie zachwyt nad kilkoma d\u017awi\u0119kami. Muzyczne haiku.<\/p>\n<p><strong>Adam Suprynowicz&nbsp;<\/strong><\/p>\n<p><strong>Czas trwania koncertu<\/strong>: ok. 80&nbsp;minut&nbsp;<\/p>\n<p>[PLIK=337]<\/p>\n<p><img decoding=\"async\" src=\"\/serdelia\/public\/ckeditor\/plugins\/uho_video\/icons\/uho_video.png\" \/><\/p>\n<p>NOSPR jako jedyna polska sala koncertowa nale\u017cy do presti\u017cowej organizacji European Concert Hall Organisation (ECHO) skupiaj\u0105cej najwa\u017cniejsze sale w Europie i promuj\u0105cej m\u0142odych artyst&oacute;w. Efektem tej wyj\u0105tkowej wsp&oacute;\u0142pracy jest&nbsp;<a href=\"https:\/\/nospr.org.pl\/pl\/program\/echo-rising-stars-2025-2026\"><strong>Festiwal ECHO Rising Stars<\/strong><\/a>, kt&oacute;ry odb\u0119dzie si\u0119 w NOSPR w dniach&nbsp;<strong>28 lutego&ndash;1 marca<\/strong>. Podczas dw&oacute;ch dni m\u0142ode talenty z ca\u0142ego kontynentu zaprezentuj\u0105 autorskie projekty kameralne, w kt&oacute;rych arcydzie\u0142a literatury muzycznej po\u0142\u0105cz\u0105 si\u0119 z nowymi kompozycjami i subiektywnymi spojrzeniami artyst&oacute;w na wsp&oacute;\u0142czesny rynek kultury.<\/p>\n<p><a href=\"https:\/\/nospr.org.pl\/sklep\/produkt\/echo-rising-stars\/\"><strong>Zach\u0119camy do zakupu karnetu na to dwudniowe wydarzenie!<\/strong><\/a><\/p>\n<p>Karnet dwudniowy obejmuje cztery koncerty. <a href=\"https:\/\/nospr.org.pl\/pl\/kalendarz\/festiwal-echo-rising-stars-gigashvili-nutsubidze\">Sprawd\u017a kolejny!<\/a><\/p>\n<p><strong>Wszystko, co musisz wiedzie\u0107 przed wizyt\u0105 w NOSPR &ndash; <a href=\"https:\/\/nospr.org.pl\/pl\/aktualnosci\/wszystko-co-musisz-wiedziec-przed-wizyta-w-nospr\" rel=\"noreferrer noopener\" target=\"_blank\">wskaz&oacute;wki dla uczestnik&oacute;w wydarze\u0144<\/a>.&nbsp;<\/strong><span>&nbsp;<\/span><\/p>\n<p>Prosimy o&nbsp;zapoznanie&nbsp;si\u0119 z&nbsp;informacjami dotycz\u0105cymi parking&oacute;w w&nbsp;Strefie Kultury&nbsp;&ndash;&nbsp;<strong><a href=\"https:\/\/nospr.org.pl\/pl\/aktualnosci\/wazne-informacje-o-parkingach\" rel=\"noreferrer noopener\" target=\"_blank\">wa\u017cne informacje o&nbsp;parkingach<\/a>&nbsp;<\/strong><\/p>\n","protected":false},"excerpt":{"rendered":"<p>Posiadacze bilet&oacute;w na Festiwal&nbsp;ECHO Rising Stars&nbsp;mog\u0105 skorzysta\u0107 z&nbsp;10% zni\u017cki na posi\u0142ek&nbsp;w restauracji&nbsp;Ogrody by Famila w NOSPR&nbsp;(po okazaniu biletu). Przy rezerwacji stolika&nbsp;co najmniej dzie\u0144 wcze\u015bniej&nbsp;&ndash;&nbsp;10% zni\u017cki na posi\u0142ek oraz nap&oacute;j powitalny gratis. To instrument fascynuj\u0105cy. Pa\u0142eczki uderzaj\u0105ce w struny uruchamiaj\u0105 naturalne brz\u0119czenie i rezonans pozosta\u0142ych strun, delikatnej melodii towarzyszy wi\u0119c aura harmoniczna niepodobna do niczego innego. [&hellip;]<\/p>\n","protected":false},"featured_media":0,"template":"","meta":{"_acf_changed":false,"inline_featured_image":false},"product_brand":[],"product_cat":[2257,2217,2246],"product_tag":[],"class_list":{"0":"post-37807","1":"product","2":"type-product","3":"status-publish","5":"product_cat-cat_277","6":"product_cat-cat_241","7":"product_cat-cat_256","9":"first","10":"instock","11":"virtual","12":"purchasable","13":"product-type-simple"},"acf":[],"_links":{"self":[{"href":"https:\/\/nospr.org.pl\/sklep\/wp-json\/wp\/v2\/product\/37807","targetHints":{"allow":["GET"]}}],"collection":[{"href":"https:\/\/nospr.org.pl\/sklep\/wp-json\/wp\/v2\/product"}],"about":[{"href":"https:\/\/nospr.org.pl\/sklep\/wp-json\/wp\/v2\/types\/product"}],"wp:attachment":[{"href":"https:\/\/nospr.org.pl\/sklep\/wp-json\/wp\/v2\/media?parent=37807"}],"wp:term":[{"taxonomy":"product_brand","embeddable":true,"href":"https:\/\/nospr.org.pl\/sklep\/wp-json\/wp\/v2\/product_brand?post=37807"},{"taxonomy":"product_cat","embeddable":true,"href":"https:\/\/nospr.org.pl\/sklep\/wp-json\/wp\/v2\/product_cat?post=37807"},{"taxonomy":"product_tag","embeddable":true,"href":"https:\/\/nospr.org.pl\/sklep\/wp-json\/wp\/v2\/product_tag?post=37807"}],"curies":[{"name":"wp","href":"https:\/\/api.w.org\/{rel}","templated":true}]}}