{"id":37806,"date":"2025-08-19T16:32:06","date_gmt":"2025-08-19T14:32:06","guid":{"rendered":"https:\/\/nospr.org.pl\/sklep\/produkt\/rso-wien-alsop-liu\/"},"modified":"2026-03-03T19:28:04","modified_gmt":"2026-03-03T18:28:04","slug":"rso-wien-alsop-liu","status":"publish","type":"product","link":"https:\/\/nospr.org.pl\/sklep\/produkt\/rso-wien-alsop-liu\/","title":{"rendered":"RSO Wien \/ Alsop \/ Liu \/ Od Chopina do Bernsteina"},"content":{"rendered":"<\/p>\n<p>Niech was nie zdziwi, \u017ce podczas koncertu serii &bdquo;Orkiestry go\u015bcinne&rdquo; za pulpitem pojawi si\u0119 doskonale znana posta\u0107. Marin Alsop jest wszak nie tylko dyrektork\u0105 artystyczn\u0105 NOSPR, ale r&oacute;wnie\u017c honorow\u0105 dyrygentk\u0105 Wiede\u0144skiej Radiowej Orkiestry Symfonicznej.<\/p>\n<p>Katowicki debiut wiede\u0144skiej orkiestry rozpocznie uwertura do operetki <em>Kandyd<\/em> s\u0142ynnego mentora Marin Alsop &ndash; Leonarda Bernsteina. Wolterowska powiastka pe\u0142na jest szale\u0144czych, nieprawdopodobnych wr\u0119cz przyg&oacute;d, kt&oacute;re przenika duch filozoficznej ironii. Nastr&oacute;j ten doskonale oddaje b\u0142yskotliwa i skrz\u0105ca si\u0119 humorem uwertura, kt&oacute;ra z miejsca rozbudza ciekawo\u015b\u0107 poznania dalszego rozwoju akcji.<\/p>\n<p>Swoj\u0105 brawurow\u0105 interpretacj\u0105 <em>Koncertu e-moll<\/em> Bruce Liu w zasadzie nie pozostawi\u0142 z\u0142udze\u0144 co do tego, komu przypadnie najwy\u017csza nagroda w XVIII Konkursie Chopinowskim. Jak mo\u017cna si\u0119 domy\u015bla\u0107, od tego czasu utw&oacute;r gra praktycznie co chwil\u0119 w towarzystwie orkiestr z ca\u0142ego \u015bwiata. Co ciekawe, krytycy cz\u0119sto podkre\u015blaj\u0105, \u017ce jego interpretacje s\u0105 niezwykle \u017cywe i wyra\u017anie inspirowane wsp&oacute;\u0142prac\u0105 z partneruj\u0105c\u0105 mu aktualnie orkiestr\u0105. Je\u015bli macie zatem w uszach jego pami\u0119tny koncert z NOSPR, zach\u0119camy do odkrycia innego oblicza <em>Koncertu e-moll<\/em>, kt&oacute;re Bruce wykreuje wsp&oacute;lnie z wiede\u0144skimi muzykami.<\/p>\n<p>W pocz\u0105tkowych szkicach baletu Prokofiewa historia kochank&oacute;w z Werony mia\u0142a znale\u017a\u0107 szcz\u0119\u015bliwy fina\u0142. Jednak w Rosji decyzje o tym, komu nale\u017cy si\u0119 szcz\u0119\u015bliwe zako\u0144czenie, nie zawsze pozostawione s\u0105 autorom opowie\u015bci. Kiedy kompozytor przyst\u0119powa\u0142 do pracy nad utworem, wci\u0105\u017c intensywnie podr&oacute;\u017cowa\u0142, dziel\u0105c czas mi\u0119dzy Pary\u017c i Moskw\u0119. Wkr&oacute;tce po zako\u0144czeniu prac osiad\u0142 w Moskwie, by ju\u017c nigdy wi\u0119cej nie opu\u015bci\u0107 Zwi\u0105zku Radzieckiego, a optymizm, kt&oacute;ry cechowa\u0142 go w pocz\u0105tkach pracy nad utworem, zosta\u0142 zweryfikowany przez sowieck\u0105 rzeczywisto\u015b\u0107. W\u0142adze moskiewskiego Teatru Bolszoj, kt&oacute;ry zam&oacute;wi\u0142 utw&oacute;r, uzna\u0142y bowiem pierwotnie muzyk\u0119 Prokofiewa za nienadaj\u0105c\u0105 si\u0119 do ta\u0144czenia. Kompozytor stworzy\u0142 wi\u0119c dwie suity z muzyk\u0105 z baletu, kt&oacute;re \u0142atwiej by\u0142o wykona\u0107 w warunkach koncertowych, a kt&oacute;re mia\u0142y wzm&oacute;c zainteresowanie dzie\u0142em w wersji scenicznej.<\/p>\n<p><strong>Szymon Maliszewski<\/strong><\/p>\n<p><strong>Czas trwania koncertu (\u0142\u0105cznie z przerw\u0105)<\/strong>: ok. 100&nbsp;minut<\/p>\n<p><strong>Przygotuj si\u0119 przed koncertem. Zapoznaj si\u0119 z&nbsp;cyfrow\u0105 wersj\u0105 ulotki programowej ju\u017c teraz.<\/strong><\/p>\n<p>[EMBED=https:\/\/e.issuu.com\/embed.html?d=ulotka_abonamentowa_3.03.2026&amp;u=polishnationalradiosymphonyorchestra]<\/p>\n<p data-delay=\"0\" data-scroll=\"fadeUp\"><strong>Wszystko, co musisz wiedzie\u0107 przed wizyt\u0105 w&nbsp;NOSPR&nbsp;&ndash;&nbsp;<a href=\"https:\/\/nospr.org.pl\/pl\/aktualnosci\/wszystko-co-musisz-wiedziec-przed-wizyta-w-nospr\">wskaz&oacute;wki dla uczestnik&oacute;w wydarze\u0144<\/a>.<\/strong><\/p>\n<p data-delay=\"0\" data-scroll=\"fadeUp\">Prosimy o&nbsp;zapoznanie&nbsp;si\u0119 z&nbsp;informacjami dotycz\u0105cymi parking&oacute;w w&nbsp;Strefie Kultury&nbsp;&ndash;<strong>&nbsp;<a href=\"https:\/\/nospr.org.pl\/pl\/aktualnosci\/wazne-informacje-o-parkingach\">wa\u017cne informacje o&nbsp;parkingach<\/a><\/strong><\/p>\n","protected":false},"excerpt":{"rendered":"<p>Niech was nie zdziwi, \u017ce podczas koncertu serii &bdquo;Orkiestry go\u015bcinne&rdquo; za pulpitem pojawi si\u0119 doskonale znana posta\u0107. Marin Alsop jest wszak nie tylko dyrektork\u0105 artystyczn\u0105 NOSPR, ale r&oacute;wnie\u017c honorow\u0105 dyrygentk\u0105 Wiede\u0144skiej Radiowej Orkiestry Symfonicznej. Katowicki debiut wiede\u0144skiej orkiestry rozpocznie uwertura do operetki Kandyd s\u0142ynnego mentora Marin Alsop &ndash; Leonarda Bernsteina. Wolterowska powiastka pe\u0142na jest szale\u0144czych, [&hellip;]<\/p>\n","protected":false},"featured_media":0,"template":"","meta":{"_acf_changed":false,"inline_featured_image":false},"product_brand":[],"product_cat":[2222],"product_tag":[],"class_list":{"0":"post-37806","1":"product","2":"type-product","3":"status-publish","5":"product_cat-cat_248","7":"first","8":"instock","9":"virtual","10":"purchasable","11":"product-type-simple"},"acf":[],"_links":{"self":[{"href":"https:\/\/nospr.org.pl\/sklep\/wp-json\/wp\/v2\/product\/37806","targetHints":{"allow":["GET"]}}],"collection":[{"href":"https:\/\/nospr.org.pl\/sklep\/wp-json\/wp\/v2\/product"}],"about":[{"href":"https:\/\/nospr.org.pl\/sklep\/wp-json\/wp\/v2\/types\/product"}],"wp:attachment":[{"href":"https:\/\/nospr.org.pl\/sklep\/wp-json\/wp\/v2\/media?parent=37806"}],"wp:term":[{"taxonomy":"product_brand","embeddable":true,"href":"https:\/\/nospr.org.pl\/sklep\/wp-json\/wp\/v2\/product_brand?post=37806"},{"taxonomy":"product_cat","embeddable":true,"href":"https:\/\/nospr.org.pl\/sklep\/wp-json\/wp\/v2\/product_cat?post=37806"},{"taxonomy":"product_tag","embeddable":true,"href":"https:\/\/nospr.org.pl\/sklep\/wp-json\/wp\/v2\/product_tag?post=37806"}],"curies":[{"name":"wp","href":"https:\/\/api.w.org\/{rel}","templated":true}]}}