{"id":37805,"date":"2025-08-19T16:30:09","date_gmt":"2025-08-19T14:30:09","guid":{"rendered":"https:\/\/nospr.org.pl\/sklep\/produkt\/jazzklub-radek-wosko-chamber-trio\/"},"modified":"2026-02-17T19:29:03","modified_gmt":"2026-02-17T18:29:03","slug":"jazzklub-radek-wosko-chamber-trio","status":"publish","type":"product","link":"https:\/\/nospr.org.pl\/sklep\/produkt\/jazzklub-radek-wosko-chamber-trio\/","title":{"rendered":"JazzKLUB \/ Radek Wo\u015bko Chamber Trio \/ Trzy indywidualno\u015bci, jedna wizja muzyki"},"content":{"rendered":"<p class=\"MsoBodyText\">Radek Wo\u015bko, lider Chamber Trio, na pomys\u0142 muzycznych poszukiwa\u0144 w tym formacie instrumentalnym wpad\u0142 jeszcze podczas mieszkania w Danii i do\u015bwiadczania tamtejszej edukacji. To tam zacz\u0105\u0142 kszta\u0142towa\u0107 indywidualny j\u0119zyk, odwa\u017cnie poszukiwa\u0107 granic tradycyjnie poj\u0119tego jazzu &ndash; i je przekracza\u0107. Ka\u017cdy z muzyk&oacute;w, kt&oacute;rzy zagraj\u0105 w tej formacji, to indywidualno\u015b\u0107 tworz\u0105ca autorsk\u0105 muzyk\u0119 we w\u0142asnych sk\u0142adach. Tutaj jednak oddadz\u0105 si\u0119 wizji perkusisty i jego kompozytorskiemu zamys\u0142owi. Po wielu eksperymentach z r&oacute;\u017cnym materia\u0142em, Radek Wo\u015bko ostatecznie postawi\u0142 na w\u0142asn\u0105 muzyk\u0119, dla kt&oacute;rej punktem wyj\u015bcia sta\u0142a si\u0119 zar&oacute;wno wymagaj\u0105ca formu\u0142a tria bez basu, jak te\u017c kameralistyka XX wieku. W efekcie powsta\u0142a muzyka \u0142ami\u0105ca konwenanse, nowoczesna, ambitna, acz zachwycaj\u0105ca lekko\u015bci\u0105 wyrazu, w subtelny spos&oacute;b dope\u0142niona elektronik\u0105. Czu\u0107 w niej tak\u017ce rado\u015b\u0107 p\u0142yn\u0105c\u0105 ze wsp&oacute;lnej gry.<\/p>\n<p class=\"MsoBodyText\">\n<p class=\"MsoBodyText\"><strong>Mery Zimny&nbsp;<\/strong><\/p>\n<p class=\"MsoBodyText\"><strong>Czas trwania koncertu<\/strong>: ok. 90 minut<\/p>\n<p><a href=\"https:\/\/nospr.org.pl\/pl\/program\/jazzklub-2025-2026\">Sprawd\u017a najbli\u017csze koncerty w tym cyklu<\/a><\/p>\n<p class=\"MsoBodyText\"><img decoding=\"async\" src=\"\/serdelia\/public\/ckeditor\/plugins\/uho_video\/icons\/uho_video.png\" \/><\/p>\n<p>Ten koncert mo\u017ce by\u0107 cz\u0119\u015bci\u0105 &bdquo;Mojego karnetu&rdquo;. Sprawd\u017a szczeg&oacute;\u0142y i skomponuj &bdquo;M&oacute;j karnet&rdquo; dowolnie, wybieraj\u0105c spo\u015br&oacute;d koncert&oacute;w r&oacute;\u017cnych serii w sali kameralnej i koncertowej &ndash; <a href=\"https:\/\/nospr.org.pl\/pl\/bilety\/karnety\" rel=\"noreferrer noopener\" target=\"_blank\">wi\u0119cej informacji<\/a>.&nbsp;<\/p>\n<p><strong>Wszystko, co musisz wiedzie\u0107 przed wizyt\u0105 w NOSPR &ndash; <a href=\"https:\/\/nospr.org.pl\/pl\/aktualnosci\/wszystko-co-musisz-wiedziec-przed-wizyta-w-nospr\" rel=\"noreferrer noopener\" target=\"_blank\">wskaz&oacute;wki dla uczestnik&oacute;w wydarze\u0144<\/a>.&nbsp;<\/strong><\/p>\n<p>Prosimy o zapoznanie si\u0119 z informacjami dotycz\u0105cymi parking&oacute;w w Strefie Kultury &ndash; <strong><a href=\"https:\/\/nospr.org.pl\/pl\/aktualnosci\/wazne-informacje-o-parkingach\" rel=\"noreferrer noopener\" target=\"_blank\">wa\u017cne informacje o parkingach<\/a>&nbsp;<\/strong><\/p>\n<p>&nbsp;<\/p>\n","protected":false},"excerpt":{"rendered":"<p>Radek Wo\u015bko, lider Chamber Trio, na pomys\u0142 muzycznych poszukiwa\u0144 w tym formacie instrumentalnym wpad\u0142 jeszcze podczas mieszkania w Danii i do\u015bwiadczania tamtejszej edukacji. To tam zacz\u0105\u0142 kszta\u0142towa\u0107 indywidualny j\u0119zyk, odwa\u017cnie poszukiwa\u0107 granic tradycyjnie poj\u0119tego jazzu &ndash; i je przekracza\u0107. Ka\u017cdy z muzyk&oacute;w, kt&oacute;rzy zagraj\u0105 w tej formacji, to indywidualno\u015b\u0107 tworz\u0105ca autorsk\u0105 muzyk\u0119 we w\u0142asnych sk\u0142adach. [&hellip;]<\/p>\n","protected":false},"featured_media":0,"template":"","meta":{"_acf_changed":false,"inline_featured_image":false},"product_brand":[],"product_cat":[2218,2246],"product_tag":[],"class_list":{"0":"post-37805","1":"product","2":"type-product","3":"status-publish","5":"product_cat-cat_242","6":"product_cat-cat_256","8":"first","9":"instock","10":"virtual","11":"purchasable","12":"product-type-simple"},"acf":[],"_links":{"self":[{"href":"https:\/\/nospr.org.pl\/sklep\/wp-json\/wp\/v2\/product\/37805","targetHints":{"allow":["GET"]}}],"collection":[{"href":"https:\/\/nospr.org.pl\/sklep\/wp-json\/wp\/v2\/product"}],"about":[{"href":"https:\/\/nospr.org.pl\/sklep\/wp-json\/wp\/v2\/types\/product"}],"wp:attachment":[{"href":"https:\/\/nospr.org.pl\/sklep\/wp-json\/wp\/v2\/media?parent=37805"}],"wp:term":[{"taxonomy":"product_brand","embeddable":true,"href":"https:\/\/nospr.org.pl\/sklep\/wp-json\/wp\/v2\/product_brand?post=37805"},{"taxonomy":"product_cat","embeddable":true,"href":"https:\/\/nospr.org.pl\/sklep\/wp-json\/wp\/v2\/product_cat?post=37805"},{"taxonomy":"product_tag","embeddable":true,"href":"https:\/\/nospr.org.pl\/sklep\/wp-json\/wp\/v2\/product_tag?post=37805"}],"curies":[{"name":"wp","href":"https:\/\/api.w.org\/{rel}","templated":true}]}}