{"id":37804,"date":"2025-08-19T16:30:08","date_gmt":"2025-08-19T14:30:08","guid":{"rendered":"https:\/\/nospr.org.pl\/sklep\/produkt\/festiwal-echo-rising-stars-gigashvili-nutsubidze\/"},"modified":"2026-03-01T17:58:03","modified_gmt":"2026-03-01T16:58:03","slug":"festiwal-echo-rising-stars-gigashvili-nutsubidze","status":"publish","type":"product","link":"https:\/\/nospr.org.pl\/sklep\/produkt\/festiwal-echo-rising-stars-gigashvili-nutsubidze\/","title":{"rendered":"Festiwal ECHO Rising Stars \/ Gigashvili \/ Nutsubidze \/ Georgian on My Mind"},"content":{"rendered":"<p>Posiadacze bilet&oacute;w na Festiwal&nbsp;<strong>ECHO Rising Stars<\/strong>&nbsp;mog\u0105 skorzysta\u0107 z&nbsp;<strong>10% zni\u017cki na posi\u0142ek<\/strong>&nbsp;w restauracji&nbsp;<strong>Ogrody by Famila w NOSPR<\/strong>&nbsp;(po okazaniu biletu).<br \/>\nPrzy rezerwacji stolika&nbsp;<strong>co najmniej dzie\u0144 wcze\u015bniej<\/strong>&nbsp;&ndash;&nbsp;<strong>10% zni\u017cki na posi\u0142ek oraz nap&oacute;j powitalny gratis.<\/strong><\/p>\n<hr \/>\n<p>Nini Nutsubidze \u015bpiewa delikatnie, intymnie, jakby nuc\u0105c sobie we wsp&oacute;lnym muzykowaniu z pianist\u0105 Giorgim Gigashvilim. Ona jest did\u017cejk\u0105, tw&oacute;rczyni\u0105 muzyki elektronicznej. On &ndash; klasycznym pianist\u0105, laureatem mi\u0119dzynarodowych konkurs&oacute;w nagrywaj\u0105cym dla presti\u017cowej wytw&oacute;rni Alpha Classics. W programie Georgian on My Mind odkryj\u0105 przed nami bogactwo klasyki gruzi\u0144skiej piosenki oraz muzyki ludowej w nowych uj\u0119ciach.&nbsp;<\/p>\n<p>Tamtejsze przeboje nie s\u0105 cz\u0119sto znane poza Gruzj\u0105, cho\u0107 s\u0105 dzie\u0142ami najwa\u017cniejszych tw&oacute;rc&oacute;w i tw&oacute;rczy\u0144 muzyki popularnej w tym kraju. Stylistycznie przywodz\u0105 na my\u015bl piosenk\u0119 francusk\u0105, ameryka\u0144sk\u0105 ballad\u0119 czy polsk\u0105 klasyk\u0119 gatunku. M\u0142odzi arty\u015bci \u0142\u0105cz\u0105 te utwory w zaskakuj\u0105co sp&oacute;jn\u0105 ca\u0142o\u015b\u0107 z klasycznymi i romantycznymi miniaturami fortepianowymi, wskazuj\u0105c na umowno\u015b\u0107 wszelkich granic w muzyce.&nbsp;<\/p>\n<p><strong>Adam Suprynowicz<\/strong><\/p>\n<p><strong>Czas trwania koncertu<\/strong>: ok. 80&nbsp;minut&nbsp;<\/p>\n<p>[PLIK=337]<\/p>\n<p>NOSPR jako jedyna polska sala koncertowa nale\u017cy do presti\u017cowej organizacji European Concert Hall Organisation (ECHO) skupiaj\u0105cej najwa\u017cniejsze sale w Europie i promuj\u0105cej m\u0142odych artyst&oacute;w. Efektem tej wyj\u0105tkowej wsp&oacute;\u0142pracy jest&nbsp;<a href=\"https:\/\/nospr.org.pl\/pl\/program\/echo-rising-stars-2025-2026\"><strong>Festiwal ECHO Rising Stars<\/strong><\/a>, kt&oacute;ry odb\u0119dzie si\u0119 w NOSPR w dniach&nbsp;<strong>28 lutego&ndash;1 marca<\/strong>. Podczas dw&oacute;ch dni m\u0142ode talenty z ca\u0142ego kontynentu zaprezentuj\u0105 autorskie projekty kameralne, w kt&oacute;rych arcydzie\u0142a literatury muzycznej po\u0142\u0105cz\u0105 si\u0119 z nowymi kompozycjami i subiektywnymi spojrzeniami artyst&oacute;w na wsp&oacute;\u0142czesny rynek kultury.<\/p>\n<p><strong><a href=\"https:\/\/nospr.org.pl\/sklep\/produkt\/echo-rising-stars\/\">Zach\u0119camy do zakupu karnetu na to dwudniowe wydarzenie!<\/a><\/strong><\/p>\n<p>Karnet dwudniowy obejmuje cztery koncerty.&nbsp;<a href=\"https:\/\/nospr.org.pl\/pl\/program\/echo-rising-stars-2025-2026\">Sprawd\u017a pozosta\u0142e!<\/a><\/p>\n<p><strong>Wszystko, co musisz wiedzie\u0107 przed wizyt\u0105 w NOSPR &ndash; <a href=\"https:\/\/nospr.org.pl\/pl\/aktualnosci\/wszystko-co-musisz-wiedziec-przed-wizyta-w-nospr\" rel=\"noreferrer noopener\" target=\"_blank\">wskaz&oacute;wki dla uczestnik&oacute;w wydarze\u0144<\/a>.&nbsp;<\/strong><span>&nbsp;<\/span><\/p>\n<p>Prosimy o&nbsp;zapoznanie&nbsp;si\u0119 z&nbsp;informacjami dotycz\u0105cymi parking&oacute;w w&nbsp;Strefie Kultury&nbsp;&ndash;&nbsp;<strong><a href=\"https:\/\/nospr.org.pl\/pl\/aktualnosci\/wazne-informacje-o-parkingach\" rel=\"noreferrer noopener\" target=\"_blank\">wa\u017cne informacje o&nbsp;parkingach<\/a>&nbsp;&nbsp;<\/strong><\/p>\n","protected":false},"excerpt":{"rendered":"<p>Posiadacze bilet&oacute;w na Festiwal&nbsp;ECHO Rising Stars&nbsp;mog\u0105 skorzysta\u0107 z&nbsp;10% zni\u017cki na posi\u0142ek&nbsp;w restauracji&nbsp;Ogrody by Famila w NOSPR&nbsp;(po okazaniu biletu). Przy rezerwacji stolika&nbsp;co najmniej dzie\u0144 wcze\u015bniej&nbsp;&ndash;&nbsp;10% zni\u017cki na posi\u0142ek oraz nap&oacute;j powitalny gratis. Nini Nutsubidze \u015bpiewa delikatnie, intymnie, jakby nuc\u0105c sobie we wsp&oacute;lnym muzykowaniu z pianist\u0105 Giorgim Gigashvilim. Ona jest did\u017cejk\u0105, tw&oacute;rczyni\u0105 muzyki elektronicznej. On &ndash; klasycznym [&hellip;]<\/p>\n","protected":false},"featured_media":0,"template":"","meta":{"_acf_changed":false,"inline_featured_image":false},"product_brand":[],"product_cat":[2257,2217,2246],"product_tag":[],"class_list":{"0":"post-37804","1":"product","2":"type-product","3":"status-publish","5":"product_cat-cat_277","6":"product_cat-cat_241","7":"product_cat-cat_256","9":"first","10":"instock","11":"virtual","12":"purchasable","13":"product-type-simple"},"acf":[],"_links":{"self":[{"href":"https:\/\/nospr.org.pl\/sklep\/wp-json\/wp\/v2\/product\/37804","targetHints":{"allow":["GET"]}}],"collection":[{"href":"https:\/\/nospr.org.pl\/sklep\/wp-json\/wp\/v2\/product"}],"about":[{"href":"https:\/\/nospr.org.pl\/sklep\/wp-json\/wp\/v2\/types\/product"}],"wp:attachment":[{"href":"https:\/\/nospr.org.pl\/sklep\/wp-json\/wp\/v2\/media?parent=37804"}],"wp:term":[{"taxonomy":"product_brand","embeddable":true,"href":"https:\/\/nospr.org.pl\/sklep\/wp-json\/wp\/v2\/product_brand?post=37804"},{"taxonomy":"product_cat","embeddable":true,"href":"https:\/\/nospr.org.pl\/sklep\/wp-json\/wp\/v2\/product_cat?post=37804"},{"taxonomy":"product_tag","embeddable":true,"href":"https:\/\/nospr.org.pl\/sklep\/wp-json\/wp\/v2\/product_tag?post=37804"}],"curies":[{"name":"wp","href":"https:\/\/api.w.org\/{rel}","templated":true}]}}