{"id":37801,"date":"2025-08-19T16:22:03","date_gmt":"2025-08-19T14:22:03","guid":{"rendered":"https:\/\/nospr.org.pl\/sklep\/produkt\/camerata-silesia-szostak\/"},"modified":"2026-02-21T19:28:03","modified_gmt":"2026-02-21T18:28:03","slug":"camerata-silesia-szostak","status":"publish","type":"product","link":"https:\/\/nospr.org.pl\/sklep\/produkt\/camerata-silesia-szostak\/","title":{"rendered":"Camerata Silesia \/ Baroque Sonus \/ Szostak \/ XVIII-wieczna niespodzianka"},"content":{"rendered":"<p>\u015awi\u0119tuj\u0105ca 35. urodziny Camerata Silesia zaprasza na pe\u0142en niespodzianek koncert z XVIII-wieczn\u0105 muzyk\u0105 ch&oacute;raln\u0105. Nikogo nie trzeba przekonywa\u0107 o geniuszu kompozytorskim Wolfganga Amadeusa Mozarta, kt&oacute;rego <em>Missa brevis G-dur<\/em> oraz dwa kr&oacute;tkie utwory ch&oacute;ralne wype\u0142ni\u0105 pierwsz\u0105 cz\u0119\u015b\u0107 koncertu. Mo\u017cliwe jednak, \u017ce dotychczas mieli\u015bcie niewiele okazji, by odkry\u0107 muzyk\u0119 Artema Wedela i J&oacute;zefa Zeidlera. Repertuar koncertu Cameraty pokazuje, \u017ce nie tylko w kr\u0119gach wiede\u0144skich znale\u017a\u0107 mo\u017cna mistrz&oacute;w stylu klasycznego.<\/p>\n<p>Artem Wedel to r&oacute;wie\u015bnik Beethovena, kt&oacute;ry urodzi\u0142 si\u0119 i zmar\u0142 w Kijowie. Jego bujny \u017cyciorys prowadzi\u0142 przez s\u0142u\u017cb\u0119 w moskiewskich kapelach wojskowych, nauczanie muzyki i organizacj\u0119 \u017cycia muzycznego w Charkowie, nim w ko\u0144cu artysta powr&oacute;ci\u0142 do rodzinnego domu, gdzie po\u015bwi\u0119ci\u0142 si\u0119 tworzeniu muzyki na Bo\u017c\u0105 chwa\u0142\u0119, by nast\u0119pnie zosta\u0107 oskar\u017conym o spisek i trafi\u0107 do szpitalu dla umys\u0142owo chorych. W jego kompozycjach ch&oacute;ralnych wspania\u0142a wirtuozeria wokalna \u0142\u0105czy si\u0119 z \u017carliw\u0105 pobo\u017cno\u015bci\u0105. O J&oacute;zefie Zeidlerze wci\u0105\u017c wiadomo stosunkowo niewiele, co nie dziwi, zwa\u017cywszy na to, \u017ce jego muzyka zosta\u0142a odkryta zaledwie 20 lat temu, po dw&oacute;ch stuleciach zapomnienia. Nie wiemy prawie nic o jego pochodzeniu ani o tym, gdzie zdobywa\u0142 wykszta\u0142cenie muzyczne. Dzisiejszy renesans muzyki &bdquo;polskiego Mozarta&rdquo; wci\u0105\u017c spowity jest aur\u0105 tajemnicy &ndash; inspiruje nie tylko badaczy, ale i meloman&oacute;w do odkrywania nieznanych kart historii polskiej muzyki.<\/p>\n<p><strong>Szymon&nbsp;Maliszewski<\/strong><\/p>\n<p><strong>Czas trwania koncertu<\/strong>: ok. 50&nbsp;minut&nbsp;<\/p>\n<p>Ten koncert mo\u017ce by\u0107 cz\u0119\u015bci\u0105 &bdquo;Mojego karnetu&rdquo;. Sprawd\u017a szczeg&oacute;\u0142y i skomponuj &bdquo;M&oacute;j karnet&rdquo; dowolnie, wybieraj\u0105c spo\u015br&oacute;d koncert&oacute;w r&oacute;\u017cnych serii w sali kameralnej i koncertowej &ndash; <a href=\"https:\/\/nospr.org.pl\/pl\/bilety\/karnety\" rel=\"noreferrer noopener\" target=\"_blank\">wi\u0119cej informacji<\/a>.&nbsp;<\/p>\n<\/p>\n<p data-delay=\"0\" data-scroll=\"fadeUp\"><strong>Wszystko, co musisz wiedzie\u0107 przed wizyt\u0105 w&nbsp;NOSPR&nbsp;&ndash;&nbsp;<\/strong><strong><a data-saferedirecturl=\"https:\/\/www.google.com\/url?q=https:\/\/nospr.org.pl\/pl\/aktualnosci\/wszystko-co-musisz-wiedziec-przed-wizyta-w-nospr&amp;source=gmail&amp;ust=1723197131387000&amp;usg=AOvVaw0kMCs8oxFkm9XaUCfC6DH5\" href=\"https:\/\/nospr.org.pl\/pl\/aktualnosci\/wszystko-co-musisz-wiedziec-przed-wizyta-w-nospr\" id=\"m_1070481786903339264OWAe5e18766-eadf-e987-1d68-0e1e53dd4c36\" rel=\"noopener noreferrer\" target=\"_blank\">wskaz&oacute;wki dla uczestnik&oacute;w wydarze\u0144<\/a><\/strong><strong>.<\/strong><\/p>\n<p data-delay=\"0\" data-scroll=\"fadeUp\">Prosimy o&nbsp;zapoznanie&nbsp;si\u0119 z&nbsp;informacjami dotycz\u0105cymi parking&oacute;w w&nbsp;Strefie Kultury &ndash;<strong>&nbsp;<\/strong><strong><a data-saferedirecturl=\"https:\/\/www.google.com\/url?q=https:\/\/nospr.org.pl\/pl\/aktualnosci\/wazne-informacje-o-parkingach&amp;source=gmail&amp;ust=1723197131387000&amp;usg=AOvVaw1yPiY3uULhY_GTIGE_VJSo\" href=\"https:\/\/nospr.org.pl\/pl\/aktualnosci\/wazne-informacje-o-parkingach\" id=\"m_1070481786903339264OWA583604c9-0f4f-ad5b-11a4-dd99db6c3bd6\" rel=\"noopener noreferrer\" target=\"_blank\">wa\u017cne informacje o&nbsp;parkingach<\/a><\/strong><\/p>\n","protected":false},"excerpt":{"rendered":"<p>\u015awi\u0119tuj\u0105ca 35. urodziny Camerata Silesia zaprasza na pe\u0142en niespodzianek koncert z XVIII-wieczn\u0105 muzyk\u0105 ch&oacute;raln\u0105. Nikogo nie trzeba przekonywa\u0107 o geniuszu kompozytorskim Wolfganga Amadeusa Mozarta, kt&oacute;rego Missa brevis G-dur oraz dwa kr&oacute;tkie utwory ch&oacute;ralne wype\u0142ni\u0105 pierwsz\u0105 cz\u0119\u015b\u0107 koncertu. Mo\u017cliwe jednak, \u017ce dotychczas mieli\u015bcie niewiele okazji, by odkry\u0107 muzyk\u0119 Artema Wedela i J&oacute;zefa Zeidlera. Repertuar koncertu Cameraty [&hellip;]<\/p>\n","protected":false},"featured_media":0,"template":"","meta":{"_acf_changed":false,"inline_featured_image":false},"product_brand":[],"product_cat":[2246,2212],"product_tag":[],"class_list":{"0":"post-37801","1":"product","2":"type-product","3":"status-publish","5":"product_cat-cat_256","6":"product_cat-cat_244","8":"first","9":"instock","10":"virtual","11":"purchasable","12":"product-type-simple"},"acf":[],"_links":{"self":[{"href":"https:\/\/nospr.org.pl\/sklep\/wp-json\/wp\/v2\/product\/37801","targetHints":{"allow":["GET"]}}],"collection":[{"href":"https:\/\/nospr.org.pl\/sklep\/wp-json\/wp\/v2\/product"}],"about":[{"href":"https:\/\/nospr.org.pl\/sklep\/wp-json\/wp\/v2\/types\/product"}],"wp:attachment":[{"href":"https:\/\/nospr.org.pl\/sklep\/wp-json\/wp\/v2\/media?parent=37801"}],"wp:term":[{"taxonomy":"product_brand","embeddable":true,"href":"https:\/\/nospr.org.pl\/sklep\/wp-json\/wp\/v2\/product_brand?post=37801"},{"taxonomy":"product_cat","embeddable":true,"href":"https:\/\/nospr.org.pl\/sklep\/wp-json\/wp\/v2\/product_cat?post=37801"},{"taxonomy":"product_tag","embeddable":true,"href":"https:\/\/nospr.org.pl\/sklep\/wp-json\/wp\/v2\/product_tag?post=37801"}],"curies":[{"name":"wp","href":"https:\/\/api.w.org\/{rel}","templated":true}]}}