{"id":37800,"date":"2025-08-19T16:22:02","date_gmt":"2025-08-19T14:22:02","guid":{"rendered":"https:\/\/nospr.org.pl\/sklep\/produkt\/festiwal-echo-rising-stars-lahiry\/"},"modified":"2026-02-28T17:58:04","modified_gmt":"2026-02-28T16:58:04","slug":"festiwal-echo-rising-stars-lahiry","status":"publish","type":"product","link":"https:\/\/nospr.org.pl\/sklep\/produkt\/festiwal-echo-rising-stars-lahiry\/","title":{"rendered":"Festiwal ECHO Rising Stars \/ Gu\u00f0mundsd\u00f3ttir \/ Lahiry \/ Mocny g\u0142os kobiet"},"content":{"rendered":"<p>Posiadacze bilet&oacute;w na Festiwal&nbsp;<strong>ECHO Rising Stars<\/strong>&nbsp;mog\u0105 skorzysta\u0107 z&nbsp;<strong>10% zni\u017cki na posi\u0142ek<\/strong>&nbsp;w restauracji&nbsp;<strong>Ogrody by Famila w NOSPR<\/strong>&nbsp;(po okazaniu biletu).<br \/>\nPrzy rezerwacji stolika&nbsp;<strong>co najmniej dzie\u0144 wcze\u015bniej<\/strong>&nbsp;&ndash;&nbsp;<strong>10% zni\u017cki na posi\u0142ek oraz nap&oacute;j powitalny gratis.<\/strong><\/p>\n<hr \/>\n<p>Charyzmatyczna sopranistka &Aacute;lfhei&eth;ur Erla Gu&eth;mundsd&oacute;ttir przyje\u017cd\u017ca do nas z P&oacute;\u0142nocy, wioz\u0105c wyobra\u017cenie o p&oacute;\u0142nocnych krainach, jakie znamy z muzyki Jeana Sibeliusa. To temu arty\u015bcie przydarzy\u0142o si\u0119 kiedy\u015b spotkanie ze stadem szesnastu \u0142ab\u0119dzi kr\u0105\u017c\u0105cych nad jego g\u0142ow\u0105. Spotkanie, kt&oacute;re zaowocowa\u0142o jedn\u0105 z symfonii. \u0141ab\u0119dzie jako symbol \u0142agodno\u015bci, pi\u0119kna, szlachetno\u015bci przewijaj\u0105 si\u0119 przez pie\u015bni wybrane na nasz koncert. &nbsp;<\/p>\n<p>W\u0105tkiem najsilniej reprezentowanym jest g\u0142os kobiet: Judith Weir, kt&oacute;ra s\u0142owami tradycyjnego poematu ludu Joruba m&oacute;wi o \u015bwiecie pe\u0142nym wojen i \u015bmierci, Lyry Pramuk, tworz\u0105cej w duchu futurystycznego folku, czy Errollyn Wallen, kt&oacute;rej swoboda sensownego poruszania si\u0119 mi\u0119dzy estetyk\u0105 klasyczn\u0105 a ludow\u0105 i jazzow\u0105 jest tyle\u017c naturalna, co zdumiewaj\u0105ca. I g\u0142os wielu innych tw&oacute;rczy\u0144 z przesz\u0142o\u015bci, kt&oacute;rych pie\u015bni by\u0107 mo\u017ce jeszcze nie mieli\u015bmy okazji s\u0142ucha\u0107 w NOSPR.&nbsp;<\/p>\n<p><strong>Adam Suprynowicz<\/strong><\/p>\n<p>NOSPR jako jedyna polska sala koncertowa nale\u017cy do presti\u017cowej organizacji European Concert Hall Organisation (ECHO) skupiaj\u0105cej najwa\u017cniejsze sale w Europie i promuj\u0105cej m\u0142odych artyst&oacute;w. Efektem tej wyj\u0105tkowej wsp&oacute;\u0142pracy jest&nbsp;<a href=\"https:\/\/nospr.org.pl\/pl\/program\/echo-rising-stars-2025-2026\"><strong>Festiwal ECHO Rising Stars<\/strong><\/a>, kt&oacute;ry odb\u0119dzie si\u0119 w NOSPR w dniach&nbsp;<strong>28 lutego&ndash;1 marca<\/strong>. Podczas dw&oacute;ch dni m\u0142ode talenty z ca\u0142ego kontynentu zaprezentuj\u0105 autorskie projekty kameralne, w kt&oacute;rych arcydzie\u0142a literatury muzycznej po\u0142\u0105cz\u0105 si\u0119 z nowymi kompozycjami i subiektywnymi spojrzeniami artyst&oacute;w na wsp&oacute;\u0142czesny rynek kultury.<\/p>\n<p><a href=\"https:\/\/nospr.org.pl\/sklep\/produkt\/echo-rising-stars\/\"><strong>Zach\u0119camy do zakupu karnetu na to dwudniowe wydarzenie!<\/strong><\/a><\/p>\n<p>Karnet dwudniowy obejmuje cztery koncerty. <a href=\"https:\/\/nospr.org.pl\/pl\/kalendarz\/festiwal-echo-rising-stars-horvath-cymbaly-nie-cymbalki\">Sprawd\u017a kolejny!<\/a><\/p>\n<p><strong>Czas trwania koncertu<\/strong>: ok.&nbsp;80 minut<\/p>\n<p>[PLIK=337]<\/p>\n<p><strong>Wszystko, co musisz wiedzie\u0107 przed wizyt\u0105 w NOSPR &ndash; <a href=\"https:\/\/nospr.org.pl\/pl\/aktualnosci\/wszystko-co-musisz-wiedziec-przed-wizyta-w-nospr\" rel=\"noreferrer noopener\" target=\"_blank\">wskaz&oacute;wki dla uczestnik&oacute;w wydarze\u0144<\/a>.&nbsp;<\/strong><span>&nbsp;<\/span><\/p>\n<p>Prosimy o&nbsp;zapoznanie&nbsp;si\u0119 z&nbsp;informacjami dotycz\u0105cymi parking&oacute;w w&nbsp;Strefie Kultury&nbsp;&ndash;&nbsp;<strong><a href=\"https:\/\/nospr.org.pl\/pl\/aktualnosci\/wazne-informacje-o-parkingach\" rel=\"noreferrer noopener\" target=\"_blank\">wa\u017cne informacje o&nbsp;parkingach<\/a>&nbsp;&nbsp;<\/strong><\/p>\n","protected":false},"excerpt":{"rendered":"<p>Posiadacze bilet&oacute;w na Festiwal&nbsp;ECHO Rising Stars&nbsp;mog\u0105 skorzysta\u0107 z&nbsp;10% zni\u017cki na posi\u0142ek&nbsp;w restauracji&nbsp;Ogrody by Famila w NOSPR&nbsp;(po okazaniu biletu). Przy rezerwacji stolika&nbsp;co najmniej dzie\u0144 wcze\u015bniej&nbsp;&ndash;&nbsp;10% zni\u017cki na posi\u0142ek oraz nap&oacute;j powitalny gratis. Charyzmatyczna sopranistka &Aacute;lfhei&eth;ur Erla Gu&eth;mundsd&oacute;ttir przyje\u017cd\u017ca do nas z P&oacute;\u0142nocy, wioz\u0105c wyobra\u017cenie o p&oacute;\u0142nocnych krainach, jakie znamy z muzyki Jeana Sibeliusa. To temu arty\u015bcie [&hellip;]<\/p>\n","protected":false},"featured_media":0,"template":"","meta":{"_acf_changed":false,"inline_featured_image":false},"product_brand":[],"product_cat":[2257,2217,2246],"product_tag":[],"class_list":{"0":"post-37800","1":"product","2":"type-product","3":"status-publish","5":"product_cat-cat_277","6":"product_cat-cat_241","7":"product_cat-cat_256","9":"first","10":"instock","11":"virtual","12":"purchasable","13":"product-type-simple"},"acf":[],"_links":{"self":[{"href":"https:\/\/nospr.org.pl\/sklep\/wp-json\/wp\/v2\/product\/37800","targetHints":{"allow":["GET"]}}],"collection":[{"href":"https:\/\/nospr.org.pl\/sklep\/wp-json\/wp\/v2\/product"}],"about":[{"href":"https:\/\/nospr.org.pl\/sklep\/wp-json\/wp\/v2\/types\/product"}],"wp:attachment":[{"href":"https:\/\/nospr.org.pl\/sklep\/wp-json\/wp\/v2\/media?parent=37800"}],"wp:term":[{"taxonomy":"product_brand","embeddable":true,"href":"https:\/\/nospr.org.pl\/sklep\/wp-json\/wp\/v2\/product_brand?post=37800"},{"taxonomy":"product_cat","embeddable":true,"href":"https:\/\/nospr.org.pl\/sklep\/wp-json\/wp\/v2\/product_cat?post=37800"},{"taxonomy":"product_tag","embeddable":true,"href":"https:\/\/nospr.org.pl\/sklep\/wp-json\/wp\/v2\/product_tag?post=37800"}],"curies":[{"name":"wp","href":"https:\/\/api.w.org\/{rel}","templated":true}]}}