{"id":37799,"date":"2025-08-19T16:20:06","date_gmt":"2025-08-19T14:20:06","guid":{"rendered":"https:\/\/nospr.org.pl\/sklep\/produkt\/kameralisci-nospr\/"},"modified":"2026-03-05T19:28:04","modified_gmt":"2026-03-05T18:28:04","slug":"kameralisci-nospr-klasyczny-blask","status":"publish","type":"product","link":"https:\/\/nospr.org.pl\/sklep\/produkt\/kameralisci-nospr-klasyczny-blask\/","title":{"rendered":"Kamerali\u015bci NOSPR \/ Klasyczny blask (nowa data)"},"content":{"rendered":"<p><strong>Koncert zosta\u0142 przeniesiony z dnia <a href=\"https:\/\/nospr.org.pl\/pl\/kalendarz\/kameralisci-nospr\">19.02.2026<\/a> na 5.03.2026.<\/strong><\/p>\n<p>W 1932 roku, kiedy Gra\u017cyna Bacewicz pisa\u0142a Kwintet na instrumenty d\u0119te, ma\u0142o kto wierzy\u0142, \u017ce jako kobieta mo\u017ce kiedykolwiek odnie\u015b\u0107 \u015bwiatowy sukces. Nasze czasy to wielki fonograficzny boom na jej muzyk\u0119 i warto z tej perspektywy przyjrze\u0107 si\u0119 istotno\u015bci i oryginalno\u015bci jej utworu, kt&oacute;ry biografka Bacewicz&oacute;wny Ma\u0142gorzata G\u0105siorowska uwa\u017ca za pierwszy miarodajny przejaw indywidualnego stylu 23-letniej kompozytorki. &nbsp;<\/p>\n<p>Muzyka Bacewicz zabrzmi w naturalnym dla niej kontek\u015bcie neoklasycznej, lekkiej i s\u0142onecznej muzyki Jacques&rsquo;a Iberta, ale te\u017c tw&oacute;rczo\u015bci J&oacute;zefa Haydna, kt&oacute;ra dla tych rzeczowych, cho\u0107 wyrafinowanych kompozycji stanowi\u0142a pierwszy model. Lekko\u015bci\u0105 i gracj\u0105 ujmowa\u0107 b\u0119d\u0105 urokliwe opracowania szant pi&oacute;ra sir Malcolma Arnolda, a cykl ta\u0144c&oacute;w w\u0119gierskich z XVII wieku w dwudziestowiecznej rekompozycji Ferenca Farkasa ka\u017ce my\u015ble\u0107 o wszechobecnym w muzyce nomen omen klasycznej zakorzenieniu w tradycji.&nbsp;<\/p>\n<p><strong>Adam Suprynowicz<\/strong><\/p>\n<p><strong>Czas trwania koncertu<\/strong>: ok. 70&nbsp;minut<\/p>\n<p>Ten koncert mo\u017ce by\u0107 cz\u0119\u015bci\u0105 &bdquo;Mojego karnetu&rdquo;. Sprawd\u017a szczeg&oacute;\u0142y i skomponuj &bdquo;M&oacute;j karnet&rdquo; dowolnie, wybieraj\u0105c spo\u015br&oacute;d koncert&oacute;w r&oacute;\u017cnych serii w sali kameralnej i koncertowej &ndash; <a href=\"https:\/\/nospr.org.pl\/pl\/bilety\/karnety\" rel=\"noreferrer noopener\" target=\"_blank\">wi\u0119cej informacji<\/a>.&nbsp;<\/p>\n<p><strong>Wszystko, co musisz wiedzie\u0107 przed wizyt\u0105 w NOSPR &ndash; <a href=\"https:\/\/nospr.org.pl\/pl\/aktualnosci\/wszystko-co-musisz-wiedziec-przed-wizyta-w-nospr\" rel=\"noreferrer noopener\" target=\"_blank\">wskaz&oacute;wki dla uczestnik&oacute;w wydarze\u0144<\/a>.&nbsp;<\/strong>&nbsp;<\/p>\n<p>Prosimy o&nbsp;zapoznanie&nbsp;si\u0119 z&nbsp;informacjami dotycz\u0105cymi parking&oacute;w w&nbsp;Strefie Kultury&nbsp;&ndash;&nbsp;<strong><a href=\"https:\/\/nospr.org.pl\/pl\/aktualnosci\/wazne-informacje-o-parkingach\" rel=\"noreferrer noopener\" target=\"_blank\">wa\u017cne informacje o&nbsp;parkingach<\/a>&nbsp;&nbsp;<\/strong><\/p>\n","protected":false},"excerpt":{"rendered":"<p>Koncert zosta\u0142 przeniesiony z dnia 19.02.2026 na 5.03.2026. W 1932 roku, kiedy Gra\u017cyna Bacewicz pisa\u0142a Kwintet na instrumenty d\u0119te, ma\u0142o kto wierzy\u0142, \u017ce jako kobieta mo\u017ce kiedykolwiek odnie\u015b\u0107 \u015bwiatowy sukces. Nasze czasy to wielki fonograficzny boom na jej muzyk\u0119 i warto z tej perspektywy przyjrze\u0107 si\u0119 istotno\u015bci i oryginalno\u015bci jej utworu, kt&oacute;ry biografka Bacewicz&oacute;wny Ma\u0142gorzata [&hellip;]<\/p>\n","protected":false},"featured_media":0,"template":"","meta":{"_acf_changed":false,"inline_featured_image":false},"product_brand":[],"product_cat":[2217,2246],"product_tag":[],"class_list":{"0":"post-37799","1":"product","2":"type-product","3":"status-publish","5":"product_cat-cat_241","6":"product_cat-cat_256","8":"first","9":"instock","10":"virtual","11":"purchasable","12":"product-type-simple"},"acf":[],"_links":{"self":[{"href":"https:\/\/nospr.org.pl\/sklep\/wp-json\/wp\/v2\/product\/37799","targetHints":{"allow":["GET"]}}],"collection":[{"href":"https:\/\/nospr.org.pl\/sklep\/wp-json\/wp\/v2\/product"}],"about":[{"href":"https:\/\/nospr.org.pl\/sklep\/wp-json\/wp\/v2\/types\/product"}],"wp:attachment":[{"href":"https:\/\/nospr.org.pl\/sklep\/wp-json\/wp\/v2\/media?parent=37799"}],"wp:term":[{"taxonomy":"product_brand","embeddable":true,"href":"https:\/\/nospr.org.pl\/sklep\/wp-json\/wp\/v2\/product_brand?post=37799"},{"taxonomy":"product_cat","embeddable":true,"href":"https:\/\/nospr.org.pl\/sklep\/wp-json\/wp\/v2\/product_cat?post=37799"},{"taxonomy":"product_tag","embeddable":true,"href":"https:\/\/nospr.org.pl\/sklep\/wp-json\/wp\/v2\/product_tag?post=37799"}],"curies":[{"name":"wp","href":"https:\/\/api.w.org\/{rel}","templated":true}]}}