{"id":37797,"date":"2025-08-19T16:16:06","date_gmt":"2025-08-19T14:16:06","guid":{"rendered":"https:\/\/nospr.org.pl\/sklep\/produkt\/familijne-kino-organowe-presseisen\/"},"modified":"2026-02-08T15:58:04","modified_gmt":"2026-02-08T14:58:04","slug":"familijne-kino-organowe-presseisen","status":"publish","type":"product","link":"https:\/\/nospr.org.pl\/sklep\/produkt\/familijne-kino-organowe-presseisen\/","title":{"rendered":"Koncert familijny \/ Familijne kino organowe \/Podr\u00f3\u017c do krainy ba\u015bni"},"content":{"rendered":"<p>Wyruszmy razem we wsp&oacute;ln\u0105 podr&oacute;\u017c &ndash; do krainy ba\u015bni i&nbsp;do pocz\u0105tk&oacute;w historii filmu animowanego. W&nbsp;krainie tej spotkaj\u0105 si\u0119 d\u017awi\u0119ki wspania\u0142ych organ&oacute;w NOSPR i&nbsp;animacje niemieckiej re\u017cyserki Lotte Reiniger, tw&oacute;rczyni, kt&oacute;ra wyprzedzi\u0142a epok\u0119 i&nbsp;kt&oacute;rej dzie\u0142a sta\u0142y si\u0119 inspiracj\u0105 dla samego Walta Disneya. Realizuj\u0105c swoje filmy, Lotte wykorzystywa\u0142a tzw. technik\u0119 wycinankow\u0105 oraz w\u0142asny wynalazek: wielop\u0142aszczyznow\u0105 kamer\u0119 &ndash; pierwsze tego typu rozwi\u0105zanie w&nbsp;historii kina, kt&oacute;re umo\u017cliwi\u0142o dalszy rozw&oacute;j techniki animacji. Nieco dzi\u015b zapomniana re\u017cyserka z&nbsp;niezwyk\u0142\u0105 wra\u017cliwo\u015bci\u0105 wybiera\u0142a historie do swoich film&oacute;w, si\u0119gaj\u0105c zawsze po uniwersalne i&nbsp;ponadczasowe opowie\u015bci, kt&oacute;rych przes\u0142anie niesie ze sob\u0105 nadziej\u0119, poczucie wzajemnego dobra, solidarno\u015bci i&nbsp;wsparcia. Trudno dzi\u015b chyba o&nbsp;bardziej aktualne tematy.&nbsp; Zapraszamy na wsp&oacute;lny rodzinny seans. Na organach b\u0119dzie improwizowa\u0142 znakomity organista Filip Presseisen. &nbsp;&nbsp;<\/p>\n<p><strong>Rekomendowany wiek: <\/strong>od 4 lat<\/p>\n<p><strong>Czas trwania koncertu<\/strong>: ok. 60 minut<\/p>\n","protected":false},"excerpt":{"rendered":"<p>Wyruszmy razem we wsp&oacute;ln\u0105 podr&oacute;\u017c &ndash; do krainy ba\u015bni i&nbsp;do pocz\u0105tk&oacute;w historii filmu animowanego. W&nbsp;krainie tej spotkaj\u0105 si\u0119 d\u017awi\u0119ki wspania\u0142ych organ&oacute;w NOSPR i&nbsp;animacje niemieckiej re\u017cyserki Lotte Reiniger, tw&oacute;rczyni, kt&oacute;ra wyprzedzi\u0142a epok\u0119 i&nbsp;kt&oacute;rej dzie\u0142a sta\u0142y si\u0119 inspiracj\u0105 dla samego Walta Disneya. Realizuj\u0105c swoje filmy, Lotte wykorzystywa\u0142a tzw. technik\u0119 wycinankow\u0105 oraz w\u0142asny wynalazek: wielop\u0142aszczyznow\u0105 kamer\u0119 &ndash; pierwsze [&hellip;]<\/p>\n","protected":false},"featured_media":0,"template":"","meta":{"inline_featured_image":false},"product_brand":[],"product_cat":[2226],"product_tag":[],"class_list":{"0":"post-37797","1":"product","2":"type-product","3":"status-publish","5":"product_cat-cat_254","7":"first","8":"instock","9":"virtual","10":"purchasable","11":"product-type-simple"},"_links":{"self":[{"href":"https:\/\/nospr.org.pl\/sklep\/wp-json\/wp\/v2\/product\/37797","targetHints":{"allow":["GET"]}}],"collection":[{"href":"https:\/\/nospr.org.pl\/sklep\/wp-json\/wp\/v2\/product"}],"about":[{"href":"https:\/\/nospr.org.pl\/sklep\/wp-json\/wp\/v2\/types\/product"}],"wp:attachment":[{"href":"https:\/\/nospr.org.pl\/sklep\/wp-json\/wp\/v2\/media?parent=37797"}],"wp:term":[{"taxonomy":"product_brand","embeddable":true,"href":"https:\/\/nospr.org.pl\/sklep\/wp-json\/wp\/v2\/product_brand?post=37797"},{"taxonomy":"product_cat","embeddable":true,"href":"https:\/\/nospr.org.pl\/sklep\/wp-json\/wp\/v2\/product_cat?post=37797"},{"taxonomy":"product_tag","embeddable":true,"href":"https:\/\/nospr.org.pl\/sklep\/wp-json\/wp\/v2\/product_tag?post=37797"}],"curies":[{"name":"wp","href":"https:\/\/api.w.org\/{rel}","templated":true}]}}