{"id":37765,"date":"2025-08-19T15:22:05","date_gmt":"2025-08-19T13:22:05","guid":{"rendered":"https:\/\/nospr.org.pl\/sklep\/produkt\/nospr-kaspszyk-sabadus\/"},"modified":"2026-04-15T01:05:09","modified_gmt":"2026-04-14T23:05:09","slug":"nospr-kaspszyk-sabadus","status":"publish","type":"product","link":"https:\/\/nospr.org.pl\/sklep\/produkt\/nospr-kaspszyk-sabadus\/","title":{"rendered":"NOSPR \/  Kaspszyk \/ Sabadus \/ W\u015br\u00f3d szczyt\u00f3w i ob\u0142ok\u00f3w"},"content":{"rendered":"<\/p>\n<p><strong>Przed koncertem, o&nbsp;godz. 18.30, zapraszamy&nbsp;do sali kameralnej&nbsp;na spotkanie z&nbsp;red. Marcinem Majchrowskim (Program 2 Polskiego Radia), kt&oacute;ry&nbsp;om&oacute;wi wykonywane&nbsp;tego wieczoru utwory. Wej\u015bcie na prelekcj\u0119 jest bezp\u0142atne, do uczestnictwa w&nbsp;prelekcji uprawnia okazanie karty abonamentowej lub biletu na koncert.<\/strong><\/p>\n<hr \/>\n<p>4 grudnia 2025 roku \u015bwi\u0119towa\u0107 b\u0119dziemy 150. rocznic\u0119 urodzin wielkiego austriackiego poety Rainera Marii Rilkego. Z kolei 29 grudnia 2026 roku przypada 100. rocznica jego \u015bmierci. Te dwie daty zbiegn\u0105 si\u0119 w czasie z jubileuszem Narodowej Orkiestry Symfonicznej Polskiego Radia.&nbsp;&nbsp;<\/p>\n<p>90-lecie NOSPR to okazja szczeg&oacute;lna, dlatego w sezonie 2025\/2026 nie mo\u017ce zabrakn\u0105\u0107 prawykonania dzie\u0142a polskiego kompozytora. A trudno o osob\u0119 bardziej zwi\u0105zan\u0105 z nasz\u0105 orkiestr\u0105 i instytucj\u0105 ni\u017c Joanna Wnuk-Nazarowa, kt&oacute;ra przez 18 lat kierowa\u0142a NOSPR, potem za\u015b po\u015bwi\u0119ci\u0142a si\u0119 intensywnej pracy tw&oacute;rczej. Podczas koncertu us\u0142yszymy premierowo jej utw&oacute;r <em>Zwiastowanie<\/em> do s\u0142&oacute;w Rilkego na kontratenor, wielk\u0105 orkiestr\u0119 symfoniczn\u0105 i dawne instrumenty. W kompozycji wykorzystany zosta\u0142 wiersz Zwiastowanie (<em>Verk&uuml;ndigung<\/em>). To monolog archanio\u0142a Gabriela, kt&oacute;ry po d\u0142ugiej podr&oacute;\u017cy wyjawia Maryi, \u017ce zostanie Matk\u0105 Boga. Poetycka wizja uwidoczni si\u0119 w muzyce ju\u017c cho\u0107by za spraw\u0105 wyj\u0105tkowego sk\u0142adu wykonawc&oacute;w. Wielka orkiestra symfoniczna jawi\u0107 si\u0119 b\u0119dzie niczym kosmos, zesp&oacute;\u0142 muzyki dawnej przeniesie s\u0142uchaczy do izdebki Marii, a kontratenor za\u015bpiewa g\u0142osem archanio\u0142a Gabriela.&nbsp;<\/p>\n<p>W drugiej cz\u0119\u015bci koncertu wci\u0105\u017c pozostaniemy w nurcie muzyki programowej. <em>Symfonia alpejska<\/em> Richarda Straussa to opowie\u015b\u0107 o pi\u0119knie przyrody. W kompozycji tej, podzielonej na 22 odcinki, ukazany zosta\u0142 dzie\u0144 sp\u0119dzony w g&oacute;rach. Dzie\u0142o wyr&oacute;\u017cnia si\u0119 sugestywno\u015bci\u0105 w muzycznym odmalowaniu natury: Strauss sportretowa\u0142 tu zar&oacute;wno \u015bpiew ptak&oacute;w, jak i gwa\u0142town\u0105 burz\u0119. Efekty te uda\u0142o mu si\u0119 osi\u0105gn\u0105\u0107 za spraw\u0105 wyj\u0105tkowo du\u017cej obsady, ale tak\u017ce dzi\u0119ki wykorzystaniu nietypowych instrument&oacute;w, takich jak tuby wagnerowskie, hekelfon, krowie dzwonki czy maszyny na\u015bladuj\u0105ce odg\u0142osy grzmot&oacute;w i wiatru.<\/p>\n<p><strong>Julia Broniowska&nbsp;\/ NOSPR<\/strong><\/p>\n<p><strong>Czas trwania koncertu<\/strong>: ok. 90&nbsp;minut&nbsp;&nbsp;<\/p>\n<p><span><span><span><strong>Wszystko, co musisz wiedzie\u0107 przed wizyt\u0105 w&nbsp;NOSPR&nbsp;&ndash;&nbsp;<\/strong><a href=\"https:\/\/nospr.org.pl\/pl\/aktualnosci\/wszystko-co-musisz-wiedziec-przed-wizyta-w-nospr\"><strong>wskaz&oacute;wki dla uczestnik&oacute;w wydarze\u0144.<\/strong><\/a><\/span><\/span><\/span><\/p>\n<p><span><span><span>Prosimy o&nbsp;zapoznanie&nbsp;si\u0119 z&nbsp;informacjami dotycz\u0105cymi parking&oacute;w w&nbsp;Strefie Kultury&nbsp;&ndash;&nbsp;<a href=\"https:\/\/nospr.org.pl\/pl\/aktualnosci\/wazne-informacje-o-parkingach\"><strong>wa\u017cne informacje o&nbsp;parkingach<\/strong><\/a>.<\/span><\/span><\/span><\/p>\n","protected":false},"excerpt":{"rendered":"<p>Przed koncertem, o&nbsp;godz. 18.30, zapraszamy&nbsp;do sali kameralnej&nbsp;na spotkanie z&nbsp;red. Marcinem Majchrowskim (Program 2 Polskiego Radia), kt&oacute;ry&nbsp;om&oacute;wi wykonywane&nbsp;tego wieczoru utwory. Wej\u015bcie na prelekcj\u0119 jest bezp\u0142atne, do uczestnictwa w&nbsp;prelekcji uprawnia okazanie karty abonamentowej lub biletu na koncert. 4 grudnia 2025 roku \u015bwi\u0119towa\u0107 b\u0119dziemy 150. rocznic\u0119 urodzin wielkiego austriackiego poety Rainera Marii Rilkego. Z kolei 29 grudnia 2026 [&hellip;]<\/p>\n","protected":false},"featured_media":0,"template":"","meta":{"_acf_changed":false,"inline_featured_image":false},"product_brand":[],"product_cat":[2206],"product_tag":[],"class_list":{"0":"post-37765","1":"product","2":"type-product","3":"status-publish","5":"product_cat-cat_234","7":"first","8":"instock","9":"virtual","10":"purchasable","11":"product-type-simple"},"acf":[],"_links":{"self":[{"href":"https:\/\/nospr.org.pl\/sklep\/wp-json\/wp\/v2\/product\/37765","targetHints":{"allow":["GET"]}}],"collection":[{"href":"https:\/\/nospr.org.pl\/sklep\/wp-json\/wp\/v2\/product"}],"about":[{"href":"https:\/\/nospr.org.pl\/sklep\/wp-json\/wp\/v2\/types\/product"}],"wp:attachment":[{"href":"https:\/\/nospr.org.pl\/sklep\/wp-json\/wp\/v2\/media?parent=37765"}],"wp:term":[{"taxonomy":"product_brand","embeddable":true,"href":"https:\/\/nospr.org.pl\/sklep\/wp-json\/wp\/v2\/product_brand?post=37765"},{"taxonomy":"product_cat","embeddable":true,"href":"https:\/\/nospr.org.pl\/sklep\/wp-json\/wp\/v2\/product_cat?post=37765"},{"taxonomy":"product_tag","embeddable":true,"href":"https:\/\/nospr.org.pl\/sklep\/wp-json\/wp\/v2\/product_tag?post=37765"}],"curies":[{"name":"wp","href":"https:\/\/api.w.org\/{rel}","templated":true}]}}