{"id":37761,"date":"2025-08-19T15:14:05","date_gmt":"2025-08-19T13:14:05","guid":{"rendered":"https:\/\/nospr.org.pl\/sklep\/produkt\/wit-nospr-zwyciezca-konkursu-chopinowskiego\/"},"modified":"2025-10-24T19:29:12","modified_gmt":"2025-10-24T17:29:12","slug":"wit-nospr-zwyciezca-konkursu-chopinowskiego","status":"publish","type":"product","link":"https:\/\/nospr.org.pl\/sklep\/produkt\/wit-nospr-zwyciezca-konkursu-chopinowskiego\/","title":{"rendered":"NOSPR \/ Wit \/ Koncert z udzia\u0142em zwyci\u0119zcy Konkursu Chopinowskiego"},"content":{"rendered":"<\/p>\n<p data-olk-copy-source=\"MessageBody\">\n<p>Prosto z Warszawy do Katowic. Zaledwie kilka dni po og\u0142oszeniu werdyktu na estradzie NOSPR wyst\u0105pi Eric Lu &ndash; zwyci\u0119zca XIX Mi\u0119dzynarodowego Konkursu Pianistycznego im. Fryderyka Chopina. Artysta z towarzyszeniem orkiestry pod batut\u0105 maestro Antoniego Wita wykona dzie\u0142o, kt&oacute;re przypiecz\u0119towa\u0142o jego wygran\u0105 &ndash; wirtuozowski Koncert fortepianowy f-moll op. 21. Wiecz&oacute;r otworzy jednak recital finalisty tegorocznego konkursu, kt&oacute;ry r&oacute;wnie\u017c skrad\u0142 serca publiczno\u015bci. Gruzi\u0144ski pianista David Khrikuli zaprezentuje m.in. charakteryzuj\u0105c\u0105 si\u0119 rozbudowan\u0105 narracj\u0105 Fantazj\u0119 f-moll op. 49 oraz wyb&oacute;r mazurk&oacute;w z op. 56. To b\u0119dzie koncert, kt&oacute;ry po\u0142\u0105czy dwa odmienne, ale r&oacute;wnie fascynuj\u0105ce spojrzenia na muzyk\u0119 Chopina. Tego wydarzenia nie mo\u017cna przegapi\u0107!&nbsp;<\/p>\n<p>Trudno na muzycznej mapie znale\u017a\u0107 dzi\u015b bardziej presti\u017cowe wydarzenie ni\u017c Konkurs Chopinowski. Od prawie\u202f100 lat do walki o\u202fnajwy\u017cszy laur staj\u0105 tu najlepsi m\u0142odzi piani\u015bci z\u202fca\u0142ego \u015bwiata i\u202fwci\u0105\u017c zaskakuj\u0105 doskona\u0142ymi, wirtuozowskimi interpretacjami utwor&oacute;w Fryderyka Chopina. Ju\u017c sam udzia\u0142 w\u202fkonkursie to ogromne wyr&oacute;\u017cnienie, za\u015b zwyci\u0119stwo otwiera drzwi do mi\u0119dzynarodowej kariery. W tym roku zg\u0142osi\u0142o si\u0119 a\u017c 642 pianist&oacute;w! Jury eliminacji do konkursu g\u0142&oacute;wnego dopu\u015bci\u0142o 85 os&oacute;b z 20 kraj&oacute;w.&nbsp;<\/p>\n<p><strong>[Julia Broniowska]&nbsp;<\/strong><\/p>\n<p><strong>Czas trwania koncertu<\/strong>: ok. 110 minut<\/p>\n<p>Bilety na wszystkie planowane recitale laureat&oacute;w XIX Konkursu Chopinowskiego zosta\u0142y wyprzedane. Serdecznie zapraszamy na inne koncerty z udzia\u0142em wybitnych pianist&oacute;w:<\/p>\n<p>31.01.2026 <a href=\"https:\/\/nospr.org.pl\/pl\/kalendarz\/koncert-kameralny-anderszewski\">Anderszewski \/ Ca\u0142e \u017cycie w brzmieniu fortepianu<\/a><\/p>\n<p>03.03.2026 <a href=\"https:\/\/nospr.org.pl\/pl\/kalendarz\/rso-wien-alsop-liu\">RSO Wien \/ Alsop \/ Liu \/ Od Chopina do Bernsteina<\/a><\/p>\n<p data-delay=\"0\" data-scroll=\"fadeUp\">&nbsp;<\/p>\n<p data-delay=\"0\" data-scroll=\"fadeUp\"><strong>Wszystko, co musisz wiedzie\u0107 przed wizyt\u0105 w&nbsp;NOSPR&nbsp;&ndash;&nbsp;<\/strong><strong><a data-saferedirecturl=\"https:\/\/www.google.com\/url?q=https:\/\/nospr.org.pl\/pl\/aktualnosci\/wszystko-co-musisz-wiedziec-przed-wizyta-w-nospr&amp;source=gmail&amp;ust=1723197131387000&amp;usg=AOvVaw0kMCs8oxFkm9XaUCfC6DH5\" href=\"https:\/\/nospr.org.pl\/pl\/aktualnosci\/wszystko-co-musisz-wiedziec-przed-wizyta-w-nospr\" id=\"m_1070481786903339264OWAe5e18766-eadf-e987-1d68-0e1e53dd4c36\" rel=\"noopener noreferrer\" target=\"_blank\">wskaz&oacute;wki dla uczestnik&oacute;w wydarze\u0144<\/a><\/strong><strong>.<\/strong><\/p>\n<\/p>\n<p data-delay=\"0\" data-scroll=\"fadeUp\">Prosimy o&nbsp;zapoznanie&nbsp;si\u0119 z&nbsp;informacjami dotycz\u0105cymi parking&oacute;w w&nbsp;Strefie Kultury &ndash;<strong>&nbsp;<\/strong><strong><a data-saferedirecturl=\"https:\/\/www.google.com\/url?q=https:\/\/nospr.org.pl\/pl\/aktualnosci\/wazne-informacje-o-parkingach&amp;source=gmail&amp;ust=1723197131387000&amp;usg=AOvVaw1yPiY3uULhY_GTIGE_VJSo\" href=\"https:\/\/nospr.org.pl\/pl\/aktualnosci\/wazne-informacje-o-parkingach\" id=\"m_1070481786903339264OWA583604c9-0f4f-ad5b-11a4-dd99db6c3bd6\" rel=\"noopener noreferrer\" target=\"_blank\">wa\u017cne informacje o&nbsp;parkingach<\/a><\/strong><\/p>\n<p data-delay=\"0\" data-scroll=\"fadeUp\">&nbsp;<\/p>\n","protected":false},"excerpt":{"rendered":"<p>Prosto z Warszawy do Katowic. Zaledwie kilka dni po og\u0142oszeniu werdyktu na estradzie NOSPR wyst\u0105pi Eric Lu &ndash; zwyci\u0119zca XIX Mi\u0119dzynarodowego Konkursu Pianistycznego im. Fryderyka Chopina. Artysta z towarzyszeniem orkiestry pod batut\u0105 maestro Antoniego Wita wykona dzie\u0142o, kt&oacute;re przypiecz\u0119towa\u0142o jego wygran\u0105 &ndash; wirtuozowski Koncert fortepianowy f-moll op. 21. Wiecz&oacute;r otworzy jednak recital finalisty tegorocznego konkursu, [&hellip;]<\/p>\n","protected":false},"featured_media":0,"template":"","meta":{"_acf_changed":false,"inline_featured_image":false},"product_brand":[],"product_cat":[2251,2211],"product_tag":[],"class_list":{"0":"post-37761","1":"product","2":"type-product","3":"status-publish","5":"product_cat-cat_275","6":"product_cat-cat_247","8":"first","9":"instock","10":"virtual","11":"purchasable","12":"product-type-simple"},"acf":[],"_links":{"self":[{"href":"https:\/\/nospr.org.pl\/sklep\/wp-json\/wp\/v2\/product\/37761","targetHints":{"allow":["GET"]}}],"collection":[{"href":"https:\/\/nospr.org.pl\/sklep\/wp-json\/wp\/v2\/product"}],"about":[{"href":"https:\/\/nospr.org.pl\/sklep\/wp-json\/wp\/v2\/types\/product"}],"wp:attachment":[{"href":"https:\/\/nospr.org.pl\/sklep\/wp-json\/wp\/v2\/media?parent=37761"}],"wp:term":[{"taxonomy":"product_brand","embeddable":true,"href":"https:\/\/nospr.org.pl\/sklep\/wp-json\/wp\/v2\/product_brand?post=37761"},{"taxonomy":"product_cat","embeddable":true,"href":"https:\/\/nospr.org.pl\/sklep\/wp-json\/wp\/v2\/product_cat?post=37761"},{"taxonomy":"product_tag","embeddable":true,"href":"https:\/\/nospr.org.pl\/sklep\/wp-json\/wp\/v2\/product_tag?post=37761"}],"curies":[{"name":"wp","href":"https:\/\/api.w.org\/{rel}","templated":true}]}}