{"id":37420,"date":"2025-08-08T10:06:04","date_gmt":"2025-08-08T08:06:04","guid":{"rendered":"https:\/\/nospr.org.pl\/sklep\/produkt\/marcin-kydrynski-prezentuje-siesta-w-drodze-al-di-meola\/"},"modified":"2026-03-08T19:58:04","modified_gmt":"2026-03-08T18:58:04","slug":"marcin-kydrynski-prezentuje-siesta-w-drodze-al-di-meola","status":"publish","type":"product","link":"https:\/\/nospr.org.pl\/sklep\/produkt\/marcin-kydrynski-prezentuje-siesta-w-drodze-al-di-meola\/","title":{"rendered":"Marcin Kydry\u0144ski prezentuje SIESTA w drodze: Al Di Meola"},"content":{"rendered":"<p lang=\"PL-PL\" xml:lang=\"PL-PL\">Al Di Meola, ameryka\u0144ski gitarzysta, zaliczany do pionier&oacute;w jazzu, rocka i world music, prawdziwy gitarowy bohater i laureat wielu wyr&oacute;\u017cnie\u0144 w tej dziedzinie, 8 marca wyst\u0105pi w Katowicach!&nbsp;<\/p>\n<p lang=\"PL-PL\" xml:lang=\"PL-PL\">Al Di Meola jest pionierem \u0142\u0105cz\u0105cym \u015bwiatow\u0105 muzyk\u0119 jazzow\u0105 z innymi gatunkami muzycznymi. Prezentuje bogactwo odcieni flamenco, tanga, rytm&oacute;w brazylijskich i afryka\u0144skich. Jego fascynacja z\u0142o\u017con\u0105 synchronizacj\u0105 rytmiczn\u0105 w po\u0142\u0105czeniu z prowokacyjn\u0105 liryczn\u0105 melodi\u0105 i wyrafinowan\u0105 harmoni\u0105 s\u0105 sercem tworzonej przez niego muzyki w karierze, kt&oacute;ra trwa ju\u017c ponad cztery dekady i przynios\u0142a mu trzy z\u0142ote albumy i ponad sze\u015b\u0107 milion&oacute;w sprzedanych p\u0142yt na ca\u0142ym \u015bwiecie.&nbsp;<\/p>\n<p lang=\"PL-PL\" xml:lang=\"PL-PL\">Koncert odb\u0119dzie si\u0119 w ramach serii ekskluzywnych koncert&oacute;w z okazji 50-lecia pracy artystycznej i wydania nowego albumu &ldquo;twentyfour&rdquo;. <a href=\"https:\/\/aldimeola.lnk.to\/Twentyfour\" rel=\"noreferrer noopener\" target=\"_blank\">https:\/\/aldimeola.lnk.to\/Twentyfour<\/a>&nbsp;<\/p>\n<p lang=\"PL-PL\" xml:lang=\"PL-PL\">&ldquo;Od chwili, gdy w 1974 roku &ndash; niespe\u0142na dwudziestoletni &ndash; do\u0142\u0105czy\u0142 do kultowej dzi\u015b formacji Chicka Corei Return to Forever, Al Di Meola pozostaje nieodmiennie jedn\u0105 z najwa\u017cniejszych postaci muzyki improwizowanej. Jego r&oacute;\u017cnorodne projekty &ndash; od elektrycznego i elektryzuj\u0105cego Elegant Gypsy, przez trylogi\u0119 World Symphonia, gdzie wychodz\u0105c od argenty\u0144skiego tanga spl&oacute;t\u0142 ze sob\u0105 stubarwne tradycje wielu kultur, a\u017c po koncerty z orkiestrami ca\u0142ego \u015bwiata &ndash; \u0142\u0105czy natychmiast rozpoznawalny styl latynoskiej melodyki i ostatecznej wirtuozerii.&nbsp;<\/p>\n<p lang=\"PL-PL\" xml:lang=\"PL-PL\">W epoce, w kt&oacute;rej KA\u017bDY gra na gitarze, pozosta\u0107 przez p&oacute;\u0142 wieku niemo\u017cliw\u0105 do podrobienia ikon\u0105 tego instrumentu &ndash; wielkie wyzwanie.&nbsp;<\/p>\n<p lang=\"PL-PL\" xml:lang=\"PL-PL\">To zaszczyt, szcz\u0119\u015bcie i wielkie wzruszenie m&oacute;c, po czterdziestu pi\u0119ciu latach od dnia, w kt&oacute;rym zaw\u0142adn\u0105\u0142 moj\u0105 nastoletni\u0105 wyobra\u017ani\u0105, zaprosi\u0107 Arcymistrza na koncert w serii Siesty w Drodze&rdquo;.&nbsp;<\/p>\n<p lang=\"PL-PL\" xml:lang=\"PL-PL\"><strong>Marcin Kydry\u0144ski&nbsp;<\/strong><\/p>\n<p lang=\"PL-PL\" xml:lang=\"PL-PL\">&nbsp;<\/p>\n<p lang=\"PL-PL\" xml:lang=\"PL-PL\"><img decoding=\"async\" src=\"\/serdelia\/public\/ckeditor\/plugins\/uho_video\/icons\/uho_video.png\" \/><\/p>\n<p lang=\"PL-PL\" xml:lang=\"PL-PL\">[EMBED=https:\/\/open.spotify.com\/embed\/artist\/3bBWKHfpepPOychRNFzg4q?utm_source=generator]<\/p>\n<p lang=\"PL-PL\" xml:lang=\"PL-PL\"><strong>SIESTA w drodze&nbsp;<\/strong><\/p>\n<p lang=\"PL-PL\" xml:lang=\"PL-PL\">Za\u0142o\u017ceniem SIESTY w drodze jest prezentacja na \u017cywo artyst&oacute;w znanych z niedzielnych audycji Pora Siesty Marcina Kydry\u0144skiego oraz z bestsellerowych kompilacji Siesta (wydano ju\u017c XX edycji). Prowadz\u0105cym oraz dyrektorem artystycznym SIESTY w drodze jest Marcin Kydry\u0144ski, radiowiec, autor i kompozytor tekst&oacute;w, producent p\u0142yt i fotograf oraz wsp&oacute;\u0142organizator Siesta Festival w Gda\u0144sku.&nbsp;<\/p>\n<p lang=\"PL-PL\" xml:lang=\"PL-PL\">SIESTA w drodze go\u015bci\u0142a \u015bwiatowej s\u0142awy gwiazdy, takie jak: Pat Metheny, Bobby McFerrin &amp; Chick Corea czy Dianne Reeves. W projekcie pojawili si\u0119 tak\u017ce: Richard Bona, Ana Moura, Camane, Tito Paris, Sara Tavares, Lura, Mayra Andrade, Tcheka, Elida Almeida, Yami, Nancy Vieira, Lucibela, Marcio Farco czy Dino Di Santiago.&nbsp;<\/p>\n<p lang=\"PL-PL\" xml:lang=\"PL-PL\">W Sie\u015bcie przenikanie si\u0119 kultur; zacieranie granic przy jednoczesnym szacunku dla tradycji region&oacute;w; pojednanie ponad historycznymi podzia\u0142ami, to obok samej materii muzyki najcenniejsze warto\u015bci.&nbsp;<\/p>\n<p lang=\"PL-PL\" xml:lang=\"PL-PL\">Bookerem i organizatorem koncertu jest 4Music management &amp; booking.<\/p>\n<p lang=\"PL-PL\" xml:lang=\"PL-PL\"><strong>Czas trwania koncertu<\/strong>: ok. 90 minut<br \/>\nCzas trwania&nbsp;mo\u017ce ulec zmianie.&nbsp;<\/p>\n<p lang=\"PL-PL\" xml:lang=\"PL-PL\"><strong>Wszystko, co musisz wiedzie\u0107 przed wizyt\u0105 w&nbsp;NOSPR&nbsp;&ndash;&nbsp;<\/strong><strong><a data-saferedirecturl=\"https:\/\/www.google.com\/url?q=https:\/\/nospr.org.pl\/pl\/aktualnosci\/wszystko-co-musisz-wiedziec-przed-wizyta-w-nospr&amp;source=gmail&amp;ust=1723197131387000&amp;usg=AOvVaw0kMCs8oxFkm9XaUCfC6DH5\" href=\"https:\/\/nospr.org.pl\/pl\/aktualnosci\/wszystko-co-musisz-wiedziec-przed-wizyta-w-nospr\" id=\"m_1070481786903339264OWAe5e18766-eadf-e987-1d68-0e1e53dd4c36\" rel=\"noopener noreferrer\" target=\"_blank\">wskaz&oacute;wki dla uczestnik&oacute;w wydarze\u0144<\/a><\/strong><strong>.<\/strong><\/p>\n<p lang=\"PL-PL\" xml:lang=\"PL-PL\">Prosimy o&nbsp;zapoznanie&nbsp;si\u0119 z&nbsp;informacjami dotycz\u0105cymi parking&oacute;w w&nbsp;Strefie Kultury &ndash;<strong>&nbsp;<a data-saferedirecturl=\"https:\/\/www.google.com\/url?q=https:\/\/nospr.org.pl\/pl\/aktualnosci\/wazne-informacje-o-parkingach&amp;source=gmail&amp;ust=1723197131387000&amp;usg=AOvVaw1yPiY3uULhY_GTIGE_VJSo\" href=\"https:\/\/nospr.org.pl\/pl\/aktualnosci\/wazne-informacje-o-parkingach\" id=\"m_1070481786903339264OWA583604c9-0f4f-ad5b-11a4-dd99db6c3bd6\" rel=\"noopener noreferrer\" target=\"_blank\">wa\u017cne informacje o&nbsp;parkingach<\/a><\/strong><\/p>\n<p data-delay=\"0\" data-scroll=\"fadeUp\">&nbsp;<\/p>\n","protected":false},"excerpt":{"rendered":"<p>Al Di Meola, ameryka\u0144ski gitarzysta, zaliczany do pionier&oacute;w jazzu, rocka i world music, prawdziwy gitarowy bohater i laureat wielu wyr&oacute;\u017cnie\u0144 w tej dziedzinie, 8 marca wyst\u0105pi w Katowicach!&nbsp; Al Di Meola jest pionierem \u0142\u0105cz\u0105cym \u015bwiatow\u0105 muzyk\u0119 jazzow\u0105 z innymi gatunkami muzycznymi. Prezentuje bogactwo odcieni flamenco, tanga, rytm&oacute;w brazylijskich i afryka\u0144skich. Jego fascynacja z\u0142o\u017con\u0105 synchronizacj\u0105 rytmiczn\u0105 [&hellip;]<\/p>\n","protected":false},"featured_media":0,"template":"","meta":{"_acf_changed":false,"inline_featured_image":false},"product_brand":[],"product_cat":[2210],"product_tag":[],"class_list":{"0":"post-37420","1":"product","2":"type-product","3":"status-publish","5":"product_cat-cat_237","7":"first","8":"instock","9":"virtual","10":"purchasable","11":"product-type-simple"},"acf":[],"_links":{"self":[{"href":"https:\/\/nospr.org.pl\/sklep\/wp-json\/wp\/v2\/product\/37420","targetHints":{"allow":["GET"]}}],"collection":[{"href":"https:\/\/nospr.org.pl\/sklep\/wp-json\/wp\/v2\/product"}],"about":[{"href":"https:\/\/nospr.org.pl\/sklep\/wp-json\/wp\/v2\/types\/product"}],"wp:attachment":[{"href":"https:\/\/nospr.org.pl\/sklep\/wp-json\/wp\/v2\/media?parent=37420"}],"wp:term":[{"taxonomy":"product_brand","embeddable":true,"href":"https:\/\/nospr.org.pl\/sklep\/wp-json\/wp\/v2\/product_brand?post=37420"},{"taxonomy":"product_cat","embeddable":true,"href":"https:\/\/nospr.org.pl\/sklep\/wp-json\/wp\/v2\/product_cat?post=37420"},{"taxonomy":"product_tag","embeddable":true,"href":"https:\/\/nospr.org.pl\/sklep\/wp-json\/wp\/v2\/product_tag?post=37420"}],"curies":[{"name":"wp","href":"https:\/\/api.w.org\/{rel}","templated":true}]}}