{"id":25809,"date":"2025-03-11T15:44:13","date_gmt":"2025-03-11T14:44:13","guid":{"rendered":"https:\/\/nospr.org.pl\/sklep\/produkt\/chris-botti-2\/"},"modified":"2025-10-17T19:58:14","modified_gmt":"2025-10-17T17:58:14","slug":"chris-botti-2","status":"publish","type":"product","link":"https:\/\/nospr.org.pl\/sklep\/produkt\/chris-botti-2\/","title":{"rendered":"Chris Botti"},"content":{"rendered":"<p>Chris Botti powraca do Polski! Po sukcesie ubieg\u0142orocznej trasy koncertowej jeden z najpopularniejszych instrumentalist&oacute;w na \u015bwiecie og\u0142asza pi\u0119\u0107 jesiennych koncert&oacute;w w Polsce! Zdobywca Grammy, szczyt&oacute;w jazzowych list przeboj&oacute;w oraz licznych z\u0142otych, platynowych i diamentowych p\u0142yt wyst\u0119powa\u0142 u boku muzycznych legend, i z orkiestrami symfonicznymi na wielu presti\u017cowych scenach. W pa\u017adzierniku 2025 r. artysta zagra w najpi\u0119kniejszych salach koncertowych Katowic, Bielsko-Bia\u0142ej, Poznania, Wroc\u0142awia i Warszawy. Podczas 5 koncert&oacute;w w Polsce fani us\u0142ysz\u0105 m.in. utwory pierwszego od ponad dekady albumu artysty zatytu\u0142owanego &bdquo;Vol. 1&rdquo;.&nbsp;<\/p>\n<p>Przez blisko 3 dekady kariery, ameryka\u0144ski tr\u0119bacz wsp&oacute;\u0142pracowa\u0142 z najwi\u0119kszymi gwiazdami: Frankiem Sinatr\u0105, Areth\u0105 Franklin, Stingiem, Barbr\u0105 Streisand, Lady Gag\u0105, Tonym Bennettem, Stevenem Tylerem, Andre\u0105 Bocellim czy Herbie Hancockiem. Botti wielokrotnie wyst\u0119powa\u0142 w Polsce, r&oacute;wnie\u017c podczas wa\u017cnych dla historii naszego kraju wydarze\u0144 &ndash; np. w specjalnym widowisku inauguruj\u0105cym polsk\u0105 prezydencj\u0119 w Unii Europejskiej, muzyk wykona\u0142 te\u017c hejna\u0142 z wie\u017cy ko\u015bcio\u0142a Mariackiego w Krakowie. Ponadto artysta nieraz podkre\u015bla\u0142, \u017ce opr&oacute;cz Milesa Davisa ogromn\u0105 inspiracj\u0105 jest dla niego Tomasz Sta\u0144ko.&nbsp;<\/p>\n<p>Chris Botti ma na koncie 8 solowych p\u0142yt. Wydany jesieni\u0105 2023 roku album &bdquo;Vol. 1&rdquo; (Blue Note Records) to pod wieloma wzgl\u0119dami nowy pocz\u0105tek dla tr\u0119bacza. &bdquo;Sko\u0144czy\u0142em 60 lat w 2022 roku, w czasie, kt&oacute;ry wydawa\u0142 si\u0119 restartem dla tak wielu rzeczy na \u015bwiecie&rdquo; &ndash; m&oacute;wi Botti. &bdquo;Chcia\u0142em pozby\u0107 si\u0119 wszystkich orkiestrowych aran\u017cacji i go\u015bci specjalnych, by skupi\u0107 si\u0119 bardziej na mojej grze, grze mojego zespo\u0142u i tych jazzowych klasykach, kt&oacute;re zawsze uwielbiamy gra\u0107 na scenie&rdquo; &ndash; dodaje artysta.&nbsp;<\/p>\n<p>Album zosta\u0142 wyprodukowany przez legendarnego Davida Fostera, zdobywc\u0119 16 statuetek Grammy, kt&oacute;rego osza\u0142amiaj\u0105ca lista osi\u0105gni\u0119\u0107 obejmuje wsp&oacute;\u0142prac\u0119 m.in. z muzykami kultowej grupy The Beatles, Michaelem Jacksonem, Dian\u0105 Krall, Madonn\u0105, Herbie Hancockiem, Areth\u0105 Franklin i Dolly Parton.&nbsp;<\/p>\n<p><strong>Harmonogram koncert&oacute;w:<\/strong>&nbsp;<\/p>\n<p>17.10.2025 &ndash; Katowice \/ NOSPR&nbsp;<\/p>\n<p>18.10.2025 &ndash; Bielsko-Bia\u0142a \/ Cavatina Hall&nbsp;<\/p>\n<p>19.10.2025 &ndash; Pozna\u0144 \/ Sala Ziemi Congress Center&nbsp;&nbsp;<\/p>\n<p>20.10.2025 &ndash; Wroc\u0142aw \/ Narodowe Forum Muzyki&nbsp;<\/p>\n<p>21.10.2025 &ndash; Warszawa \/ Teatr Muzyczny Roma&nbsp;<\/p>\n<p>Organizatorem koncert&oacute;w jest pozna\u0144ska agencja koncertowa Good Taste Production. Regulamin wydarzenia:<strong> <\/strong><a href=\"http:\/\/www.goodtaste.pl\/regulamin\">www.goodtaste.pl\/regulamin<\/a>.<\/p>\n<p><em>Zakup bilet&oacute;w poza autoryzowanymi punktami sprzeda\u017cy (Facebook, aukcje internetowe itp.) stwarza ryzyko nabycia bilet&oacute;w nieoryginalnych lub niewa\u017cnych, kt&oacute;re uniemo\u017cliwi\u0105 wej\u015bcie na koncert.<\/em>&nbsp;<\/p>\n<p><strong>Czas trwania koncertu<\/strong>: ok. 120 minut<\/p>\n<\/p>\n<p><strong>Wszystko, co musisz wiedzie\u0107 przed wizyt\u0105 w NOSPR &ndash; <a href=\"https:\/\/nospr.org.pl\/pl\/aktualnosci\/wszystko-co-musisz-wiedziec-przed-wizyta-w-nospr\" rel=\"noreferrer noopener\" target=\"_blank\">wskaz&oacute;wki dla uczestnik&oacute;w wydarze\u0144<\/a>.&nbsp;<\/strong><span>&nbsp;<\/span><\/p>\n<p>Prosimy o&nbsp;zapoznanie&nbsp;si\u0119 z&nbsp;informacjami dotycz\u0105cymi parking&oacute;w w&nbsp;Strefie Kultury&nbsp;&ndash;&nbsp;<strong><a href=\"https:\/\/nospr.org.pl\/pl\/aktualnosci\/wazne-informacje-o-parkingach\" rel=\"noreferrer noopener\" target=\"_blank\">wa\u017cne informacje o&nbsp;parkingach<\/a>&nbsp;<\/strong><\/p>\n","protected":false},"excerpt":{"rendered":"<p>Chris Botti powraca do Polski! Po sukcesie ubieg\u0142orocznej trasy koncertowej jeden z najpopularniejszych instrumentalist&oacute;w na \u015bwiecie og\u0142asza pi\u0119\u0107 jesiennych koncert&oacute;w w Polsce! Zdobywca Grammy, szczyt&oacute;w jazzowych list przeboj&oacute;w oraz licznych z\u0142otych, platynowych i diamentowych p\u0142yt wyst\u0119powa\u0142 u boku muzycznych legend, i z orkiestrami symfonicznymi na wielu presti\u017cowych scenach. W pa\u017adzierniku 2025 r. artysta zagra w [&hellip;]<\/p>\n","protected":false},"featured_media":0,"template":"","meta":{"_acf_changed":false,"inline_featured_image":false},"product_brand":[],"product_cat":[2210],"product_tag":[],"class_list":{"0":"post-25809","1":"product","2":"type-product","3":"status-publish","5":"product_cat-cat_237","7":"first","8":"instock","9":"virtual","10":"purchasable","11":"product-type-simple"},"acf":[],"_links":{"self":[{"href":"https:\/\/nospr.org.pl\/sklep\/wp-json\/wp\/v2\/product\/25809","targetHints":{"allow":["GET"]}}],"collection":[{"href":"https:\/\/nospr.org.pl\/sklep\/wp-json\/wp\/v2\/product"}],"about":[{"href":"https:\/\/nospr.org.pl\/sklep\/wp-json\/wp\/v2\/types\/product"}],"wp:attachment":[{"href":"https:\/\/nospr.org.pl\/sklep\/wp-json\/wp\/v2\/media?parent=25809"}],"wp:term":[{"taxonomy":"product_brand","embeddable":true,"href":"https:\/\/nospr.org.pl\/sklep\/wp-json\/wp\/v2\/product_brand?post=25809"},{"taxonomy":"product_cat","embeddable":true,"href":"https:\/\/nospr.org.pl\/sklep\/wp-json\/wp\/v2\/product_cat?post=25809"},{"taxonomy":"product_tag","embeddable":true,"href":"https:\/\/nospr.org.pl\/sklep\/wp-json\/wp\/v2\/product_tag?post=25809"}],"curies":[{"name":"wp","href":"https:\/\/api.w.org\/{rel}","templated":true}]}}