{"id":24869,"date":"2025-03-03T09:30:28","date_gmt":"2025-03-03T08:30:28","guid":{"rendered":"https:\/\/nospr.org.pl\/sklep\/produkt\/kkn-kameralisci-nospr\/"},"modified":"2025-05-13T19:28:49","modified_gmt":"2025-05-13T17:28:49","slug":"kkn-kameralisci-nospr","status":"publish","type":"product","link":"https:\/\/nospr.org.pl\/sklep\/produkt\/kkn-kameralisci-nospr\/","title":{"rendered":"Festiwal Katowice Kultura Natura \/ Arkadia romantyczna \/ Kamerali\u015bci NOSPR \/ Schubert"},"content":{"rendered":"<\/p>\n<p><a href=\"https:\/\/nospr.org.pl\/pl\/program\/festiwal-katowice-kultura-natura\"><strong>Program Festiwalu Katowice Kultura Natura<\/strong><\/a><\/p>\n<p>[EMBED=https:\/\/open.spotify.com\/embed\/episode\/5cmjv09paPkDC1ambEGWuj\/video?utm_source=generator]<\/p>\n<p>W programie tegorocznego festiwalowego koncertu kameralnego znajdujemy jeden tylko utw&oacute;r: <em>Oktet F-dur<\/em> na klarnet, fagot, r&oacute;g, kwartet smyczkowy i kontrabas Franza Schuberta. Jeden, lecz za to jaki! Dzie\u0142o, o kt&oacute;rym \u015bmia\u0142o powiedzie\u0107 mo\u017cna, \u017ce wie\u0144czy nurt wiede\u0144skiej muzyki <em>da camera<\/em> w jej &bdquo;l\u017cejszej&rdquo; odmianie. Nurt ten znacz\u0105 liczne <em>divertimenti,<\/em> serenady, nokturny czy kasacje Haydna, Mozarta i Beethovena (nie wspominaj\u0105c tw&oacute;rc&oacute;w pomniejszych). Inspiracja wysz\u0142a od hrabiego Ferdinanda von Troyera, ochmistrza dworu arcyksi\u0119cia Rudolfa Habsburga, przy tym za\u015b podziwu godnego&hellip; klarnecisty! Arystokrata nieraz wykonywa\u0142 parti\u0119 klarnetu w popularnym w Wiedniu <em>Septecie Es-dur<\/em> Beethovena, lecz marzy\u0142 o nowym utworze &bdquo;do pary&rdquo;. Dla Schuberta wzorem sta\u0142 si\u0119 w\u0142a\u015bnie Beethovenowski <em>Septet<\/em>: skopiowa\u0142 jego formalne ramy (zamieniaj\u0105c jedynie pozycjami menuet i scherzo), doda\u0142 parti\u0119 drugich skrzypiec &ndash; i ramy te wype\u0142ni\u0142 ca\u0142kowicie w\u0142asn\u0105, do g\u0142\u0119bi &bdquo;schubertowsk\u0105&rdquo; muzyk\u0105. Cudownymi melodiami, zadziwiaj\u0105cymi harmoniami, tanecznymi rytmami &ndash; i atmosfer\u0105 z pewno\u015bci\u0105 bli\u017csz\u0105 podwiede\u0144skiemu w&oacute;wczas Grinzingowi ni\u017c cesarskiemu Wiedniowi. Kompozytor uko\u0144czy\u0142 <em>Oktet <\/em>1 marca 1824 roku (zapis w partyturze) i ju\u017c tego samego miesi\u0105ca w wiede\u0144skim pa\u0142acu Troyera odby\u0142o si\u0119 pierwsze wykonanie &ndash; z panem domu w roli g\u0142&oacute;wnej, podczas gdy prymariuszem smyczkowc&oacute;w by\u0142 Ignaz Schuppanzigh, &bdquo;etatowy&rdquo; skrzypek kameralista Beethovena. B\u0119d\u0105cy z pocz\u0105tkiem 1824 roku wyra\u017anie na fali Schubert w li\u015bcie do przyjaciela, malarza Leopolda Kupelwiesera, pisz\u0105c o uko\u0144czeniu dw&oacute;ch kwartet&oacute;w (oba genialne: <em>Rosamunda i \u015amier\u0107 i dziewczyna<\/em>) oraz <em>Oktetu<\/em>, dodawa\u0142: &bdquo;Chcia\u0142em sobie w ten spos&oacute;b utorowa\u0107 drog\u0119 do wielkiej symfonii&rdquo;. I wkr&oacute;tce rozpocz\u0105\u0142 prac\u0119 nad now\u0105 <em>Symfoni\u0105 C-dur<\/em>, kt&oacute;ra stanie si\u0119 jego odpowiedzi\u0105 na <em>Dziewi\u0105t\u0105<\/em> Beethovena. Nie us\u0142ysza\u0142 jej nigdy, lecz po latach potomni opatrzyli j\u0105 w\u0142a\u015bnie mianem <em>Wielkiej<\/em>.&nbsp;<\/p>\n<p><strong>Stanis\u0142aw Kosz&nbsp;<\/strong><\/p>\n<p><strong>Czas trwania koncertu<\/strong>: ok.<strong> <\/strong>60 minut<\/p>\n<p>[EMBED=https:\/\/e.issuu.com\/embed.html?d=broszura_festiwalowa_katowice_kultura_natura_echa&amp;u=polishnationalradiosymphonyorchestra]<\/p>\n<p>W sprzeda\u017cy dost\u0119pne s\u0105 Karnety Festiwalowe. Karnet&nbsp;na minimum cztery koncerty, zapewnia&nbsp;<strong>20% zni\u017cki&nbsp;<\/strong>od sumy cen bilet&oacute;w. Przy zakupie Karnetu na co najmniej sze\u015b\u0107 koncert&oacute;w zni\u017cka wynosi&nbsp;<strong>25%.&nbsp;<\/strong>Karnety dost\u0119pne s\u0105<strong>&nbsp;<\/strong>wy\u0142\u0105cznie w kasach NOSPR i poprzez rezerwacj\u0119 telefoniczn\u0105.<\/p>\n<\/p>\n<p>&nbsp;<\/p>\n<p>[PLIK=292]<\/p>\n<p>Na ka\u017cdy festiwalowy koncert obowi\u0105zuj\u0105 bilety w cenach normalnych oraz ulgowych. Posiadacze Katowickiej Karty Mieszka\u0144ca mog\u0105 skorzysta\u0107 z 20% zni\u017cki, r&oacute;wnie\u017c podczas zakupu bilet&oacute;w online.<\/p>\n<p><span><span><span><strong>Wi\u0119cej koncert&oacute;w w ramach Festiwalu Katowice Kultura Natura &#8211; <a href=\"https:\/\/nospr.org.pl\/pl\/kalendarz?cykle=festiwal-katowice-kultura-natura\">Kalendarz &#8211; NOSPR<\/a><\/strong><\/span><\/span><\/span><\/p>\n<\/p>\n<p data-delay=\"0\" data-scroll=\"fadeUp\"><strong>Prosimy o&nbsp;zapoznanie&nbsp;si\u0119 z&nbsp;informacjami dotycz\u0105cymi parking&oacute;w w&nbsp;Strefie Kultury &ndash;&nbsp;<\/strong><strong><a data-saferedirecturl=\"https:\/\/www.google.com\/url?q=https:\/\/nospr.org.pl\/pl\/aktualnosci\/wazne-informacje-o-parkingach&amp;source=gmail&amp;ust=1723197131387000&amp;usg=AOvVaw1yPiY3uULhY_GTIGE_VJSo\" href=\"https:\/\/nospr.org.pl\/pl\/aktualnosci\/wazne-informacje-o-parkingach\" id=\"m_1070481786903339264OWA583604c9-0f4f-ad5b-11a4-dd99db6c3bd6\" rel=\"noopener noreferrer\" target=\"_blank\">wa\u017cne informacje o&nbsp;parkingach<\/a><\/strong><\/p>\n<p data-delay=\"0\" data-scroll=\"fadeUp\"><strong>Wszystko, co musisz wiedzie\u0107 przed wizyt\u0105 w&nbsp;NOSPR&nbsp;&ndash;&nbsp;<\/strong><strong><a data-saferedirecturl=\"https:\/\/www.google.com\/url?q=https:\/\/nospr.org.pl\/pl\/aktualnosci\/wszystko-co-musisz-wiedziec-przed-wizyta-w-nospr&amp;source=gmail&amp;ust=1723197131387000&amp;usg=AOvVaw0kMCs8oxFkm9XaUCfC6DH5\" href=\"https:\/\/nospr.org.pl\/pl\/aktualnosci\/wszystko-co-musisz-wiedziec-przed-wizyta-w-nospr\" id=\"m_1070481786903339264OWAe5e18766-eadf-e987-1d68-0e1e53dd4c36\" rel=\"noopener noreferrer\" target=\"_blank\">wskaz&oacute;wki dla uczestnik&oacute;w wydarze\u0144<\/a><\/strong><strong>.<\/strong><\/p>\n","protected":false},"excerpt":{"rendered":"<p>Program Festiwalu Katowice Kultura Natura [EMBED=https:\/\/open.spotify.com\/embed\/episode\/5cmjv09paPkDC1ambEGWuj\/video?utm_source=generator] W programie tegorocznego festiwalowego koncertu kameralnego znajdujemy jeden tylko utw&oacute;r: Oktet F-dur na klarnet, fagot, r&oacute;g, kwartet smyczkowy i kontrabas Franza Schuberta. Jeden, lecz za to jaki! Dzie\u0142o, o kt&oacute;rym \u015bmia\u0142o powiedzie\u0107 mo\u017cna, \u017ce wie\u0144czy nurt wiede\u0144skiej muzyki da camera w jej &bdquo;l\u017cejszej&rdquo; odmianie. Nurt ten znacz\u0105 liczne divertimenti, [&hellip;]<\/p>\n","protected":false},"featured_media":0,"template":"","meta":{"_acf_changed":false,"inline_featured_image":false},"product_brand":[],"product_cat":[76],"product_tag":[],"class_list":{"0":"post-24869","1":"product","2":"type-product","3":"status-publish","5":"product_cat-cat_22","7":"first","8":"instock","9":"virtual","10":"purchasable","11":"product-type-simple"},"acf":[],"_links":{"self":[{"href":"https:\/\/nospr.org.pl\/sklep\/wp-json\/wp\/v2\/product\/24869","targetHints":{"allow":["GET"]}}],"collection":[{"href":"https:\/\/nospr.org.pl\/sklep\/wp-json\/wp\/v2\/product"}],"about":[{"href":"https:\/\/nospr.org.pl\/sklep\/wp-json\/wp\/v2\/types\/product"}],"wp:attachment":[{"href":"https:\/\/nospr.org.pl\/sklep\/wp-json\/wp\/v2\/media?parent=24869"}],"wp:term":[{"taxonomy":"product_brand","embeddable":true,"href":"https:\/\/nospr.org.pl\/sklep\/wp-json\/wp\/v2\/product_brand?post=24869"},{"taxonomy":"product_cat","embeddable":true,"href":"https:\/\/nospr.org.pl\/sklep\/wp-json\/wp\/v2\/product_cat?post=24869"},{"taxonomy":"product_tag","embeddable":true,"href":"https:\/\/nospr.org.pl\/sklep\/wp-json\/wp\/v2\/product_tag?post=24869"}],"curies":[{"name":"wp","href":"https:\/\/api.w.org\/{rel}","templated":true}]}}