{"id":23806,"date":"2025-02-20T11:00:15","date_gmt":"2025-02-20T10:00:15","guid":{"rendered":"https:\/\/nospr.org.pl\/sklep\/produkt\/andreas-vollenweider-and-friends\/"},"modified":"2025-10-22T20:00:15","modified_gmt":"2025-10-22T18:00:15","slug":"andreas-vollenweider-and-friends","status":"publish","type":"product","link":"https:\/\/nospr.org.pl\/sklep\/produkt\/andreas-vollenweider-and-friends\/","title":{"rendered":"Andreas Vollenweider &amp; Friends"},"content":{"rendered":"<p><strong>Z uwagi na du\u017ce zainteresowanie koncertem udost\u0119pniamy do sprzeda\u017cy ostatni\u0105 pul\u0119 miejsc (miejsca z ograniczon\u0105 widoczno\u015bci\u0105 na scen\u0119). Uprzejmie prosimy o uwzgl\u0119dnienie tej informacji podczas zakupu bilet&oacute;w.<\/strong><\/p>\n<h4>Andreas Vollenweider &amp; Friends 22 pa\u017adziernika w Katowicach, w ramach trasy CAVERNA MAGICA &#8211; REVISITED 2025!<\/h4>\n<p>&nbsp;<\/p>\n<p>22 pa\u017adziernika 2025 w NOSPR w Katowicach wyst\u0105pi Andreas Vollenweider, szwajcarski kompozytor, wirtuoz harfy i jeden z najs\u0142ynniejszych instrumentalist&oacute;w na \u015bwiecie. Artysta odwiedzi Polsk\u0119 w ramach trasy CAVERNA MAGICA &#8211; REVISITED 2025, ponownie prezentuj\u0105c publiczno\u015bci swoj\u0105 legendarn\u0105 muzyk\u0119 z czterech dekad!<\/p>\n<p>Od ponad 40 lat muzyka Andreasa Vollenweidera ma wyj\u0105tkowe znaczenie dla milion&oacute;w ludzi na ca\u0142ym \u015bwiecie. Jego tw&oacute;rczo\u015b\u0107 stanowi nie tylko \u017ar&oacute;d\u0142o nadziei i motywacji, lecz tak\u017ce umo\u017cliwia wejrzenie w g\u0142\u0105b osobistej &bdquo;CAVERNA MAGICA&rdquo;, w kt&oacute;rej to mo\u017cna odnale\u017a\u0107 now\u0105 si\u0142\u0119, pozytywn\u0105 energi\u0119 oraz harmoni\u0119.<\/p>\n<p>Mo\u017cna zada\u0107 pytanie &#8211; co w\u0142a\u015bciwie sprawia, \u017ce muzyka Andreasa Vollenweidera porusza serca milion&oacute;w ludzi na ca\u0142ym \u015bwiecie, utrzymuj\u0105c swoje g\u0142\u0119bokie znaczenie przez ponad czterdzie\u015bci lat? W \u015bwiecie, kt&oacute;ry widzia\u0142 niezliczone zmiany przez te wszystkie dekady, muzyka artysty pozostaje niezmiennym znakiem nadziei i pewno\u015bci, czego szczeg&oacute;lnie potrzebujemy teraz, w dynamicznie zmieniaj\u0105cej si\u0119 rzeczywisto\u015bci.<\/p>\n<p>&bdquo;<strong>Nie wiem, jak bym sobie poradzi\u0142 w tym cz\u0119sto przera\u017caj\u0105cym \u015bwiecie jako dziecko, gdyby nie muzyka<\/strong>&rdquo; &#8211; <strong>Andreas Vollenweider.<\/strong><\/p>\n<p>Od najwcze\u015bniejszego dzieci\u0144stwa muzyka by\u0142a dla niego strategi\u0105 przetrwania, a jej niesamowity wp\u0142yw zdaje si\u0119 przenosi\u0107 na tych, kt&oacute;rzy r&oacute;wnie\u017c potrzebuj\u0105 wsparcia. Zanurzenie si\u0119 w tym wyj\u0105tkowym \u015bwiecie d\u017awi\u0119ku wzbudza pozytywn\u0105 energi\u0119 i motywacj\u0119. To w\u0142a\u015bnie dzi\u0119ki temu Andreas Vollenweider, wraz ze swoj\u0105 tw&oacute;rczo\u015bci\u0105, sta\u0142 si\u0119 s\u0142awny na ca\u0142ym \u015bwiecie.<\/p>\n<p>Legendarny album &quot;<strong>CAVERNA MAGICA<\/strong>&quot; z 1983 roku stanowi ramy obecnego programu koncert&oacute;w, kt&oacute;ry zostanie uzupe\u0142niony o najwa\u017cniejsze utwory ze wszystkich dzie\u0142 Vollenweidera. Po raz kolejny doskonali muzycy odkryj\u0105 magi\u0119 tej muzyki: wzruszaj\u0105c\u0105, emocjonaln\u0105, spokojn\u0105, fascynuj\u0105co niezwyk\u0142\u0105, od lekkiej jak pi&oacute;rko do poruszaj\u0105co wirtuozerskiej, koj\u0105cej i pot\u0119\u017cnej jednocze\u015bnie.<\/p>\n<p><strong><\/strong><strong>Czas trwania koncertu<\/strong>: ok. 90 minut<br \/>\n&nbsp;<\/p>\n<p><strong>Wszystko, co musisz wiedzie\u0107 przed wizyt\u0105 w NOSPR &ndash; <a href=\"https:\/\/nospr.org.pl\/pl\/aktualnosci\/wszystko-co-musisz-wiedziec-przed-wizyta-w-nospr\" rel=\"noreferrer noopener\" target=\"_blank\">wskaz&oacute;wki dla uczestnik&oacute;w wydarze\u0144<\/a>.&nbsp;<\/strong><span>&nbsp;<\/span><\/p>\n<p>Prosimy o&nbsp;zapoznanie&nbsp;si\u0119 z&nbsp;informacjami dotycz\u0105cymi parking&oacute;w w&nbsp;Strefie Kultury&nbsp;&ndash;&nbsp;<strong><a href=\"https:\/\/nospr.org.pl\/pl\/aktualnosci\/wazne-informacje-o-parkingach\" rel=\"noreferrer noopener\" target=\"_blank\">wa\u017cne informacje o&nbsp;parkingach<\/a>&nbsp;<\/strong><\/p>\n","protected":false},"excerpt":{"rendered":"<p>Z uwagi na du\u017ce zainteresowanie koncertem udost\u0119pniamy do sprzeda\u017cy ostatni\u0105 pul\u0119 miejsc (miejsca z ograniczon\u0105 widoczno\u015bci\u0105 na scen\u0119). Uprzejmie prosimy o uwzgl\u0119dnienie tej informacji podczas zakupu bilet&oacute;w. Andreas Vollenweider &amp; Friends 22 pa\u017adziernika w Katowicach, w ramach trasy CAVERNA MAGICA &#8211; REVISITED 2025! &nbsp; 22 pa\u017adziernika 2025 w NOSPR w Katowicach wyst\u0105pi Andreas Vollenweider, szwajcarski [&hellip;]<\/p>\n","protected":false},"featured_media":0,"template":"","meta":{"_acf_changed":false,"inline_featured_image":false},"product_brand":[],"product_cat":[2210],"product_tag":[],"class_list":{"0":"post-23806","1":"product","2":"type-product","3":"status-publish","5":"product_cat-cat_237","7":"first","8":"instock","9":"virtual","10":"purchasable","11":"product-type-simple"},"acf":[],"_links":{"self":[{"href":"https:\/\/nospr.org.pl\/sklep\/wp-json\/wp\/v2\/product\/23806","targetHints":{"allow":["GET"]}}],"collection":[{"href":"https:\/\/nospr.org.pl\/sklep\/wp-json\/wp\/v2\/product"}],"about":[{"href":"https:\/\/nospr.org.pl\/sklep\/wp-json\/wp\/v2\/types\/product"}],"wp:attachment":[{"href":"https:\/\/nospr.org.pl\/sklep\/wp-json\/wp\/v2\/media?parent=23806"}],"wp:term":[{"taxonomy":"product_brand","embeddable":true,"href":"https:\/\/nospr.org.pl\/sklep\/wp-json\/wp\/v2\/product_brand?post=23806"},{"taxonomy":"product_cat","embeddable":true,"href":"https:\/\/nospr.org.pl\/sklep\/wp-json\/wp\/v2\/product_cat?post=23806"},{"taxonomy":"product_tag","embeddable":true,"href":"https:\/\/nospr.org.pl\/sklep\/wp-json\/wp\/v2\/product_tag?post=23806"}],"curies":[{"name":"wp","href":"https:\/\/api.w.org\/{rel}","templated":true}]}}