{"id":16889,"date":"2024-12-20T10:00:51","date_gmt":"2024-12-20T09:00:51","guid":{"rendered":"https:\/\/nospr.org.pl\/sklep\/produkt\/koncert-walentynkowy-5\/"},"modified":"2025-02-14T18:29:00","modified_gmt":"2025-02-14T17:29:00","slug":"koncert-walentynkowy-5","status":"publish","type":"product","link":"https:\/\/nospr.org.pl\/sklep\/produkt\/koncert-walentynkowy-5\/","title":{"rendered":"Ka\u017cdemu wolno kocha\u0107 \/ Walentynki w stylu retro"},"content":{"rendered":"<p>Szanowni Pa\u0144stwo, informujemy, \u017ce podczas koncertu b\u0119d\u0105 Pa\u0144stwo mogli skorzysta\u0107 oferty z&nbsp;baru kawowego znajduj\u0105cego si\u0119 w&nbsp;og&oacute;lnodost\u0119pnej przestrzeni NOSPR.<\/p>\n<p>A gdyby tak w walentynki nie i\u015b\u0107 z duchem czasu, tylko zanurzy\u0107 si\u0119 w tym, co minione?<\/p>\n<p>14 lutego podczas wyj\u0105tkowego wieczoru w NOSPR zabrzmi\u0105 melodie z pierwszych film&oacute;w d\u017awi\u0119kowych, niezapomniane kompozycje Jerzego Petersburskiego i Henryka Warsa. Nie zabraknie przeboj&oacute;w znanych z charakterystycznych interpretacji Mieczys\u0142awa Fogga, Hanki Ordon&oacute;wny czy Adama Astona!<\/p>\n<p>Lata 20. i 30. XX wieku to z\u0142ota era polskiej piosenki, a muzyka tego okresu przywodzi na my\u015bl jednoznaczne skojarzenia: elegancja, humor, nostalgiczny romantyzm. Wyj\u0105tkow\u0105 atmosfer\u0119 tamtego czasu przywo\u0142aj\u0105 na scenie sali koncertowej NOSPR doskonali muzycy i aktorzy. Utwory takie, jak <em>Ka\u017cdemu wolno kocha\u0107<\/em>, <em>Ju\u017c nie zapomnisz mnie<\/em>, <em>Tango milonga<\/em> czy <em>Um&oacute;wi\u0142em si\u0119 z ni\u0105 na dziewi\u0105t\u0105<\/em>, zabrzmi\u0105 w nowych, urzekaj\u0105cych aran\u017cacjach Paw\u0142a&nbsp;Steczka w wykonaniu orkiestry kameralnej NOSPR i zaproszonych artyst&oacute;w. Na scenie zobaczymy mi\u0119dzy innymi Dorot\u0119 Mi\u015bkiewicz, Wojciecha Myrczka, Dorot\u0119 Segd\u0119 i Cezarego \u017baka. To b\u0119dzie wiecz&oacute;r pe\u0142en r&oacute;\u017cnych odcieni mi\u0142o\u015bci.<\/p>\n<p>W walentynki daj si\u0119 porwa\u0107 romantycznej nostalgii.<\/p>\n<p><strong>Julia Broniowska<\/strong><\/p>\n<p><strong>Czas trwania koncertu<\/strong>: ok. 100 minut<\/p>\n<p><strong>Prosimy o&nbsp;zapoznanie&nbsp;si\u0119 z&nbsp;informacjami dotycz\u0105cymi parking&oacute;w w&nbsp;Strefie Kultury &ndash;&nbsp;<a data-saferedirecturl=\"https:\/\/www.google.com\/url?q=https:\/\/nospr.org.pl\/pl\/aktualnosci\/wazne-informacje-o-parkingach&amp;source=gmail&amp;ust=1723197131387000&amp;usg=AOvVaw1yPiY3uULhY_GTIGE_VJSo\" href=\"https:\/\/nospr.org.pl\/pl\/aktualnosci\/wazne-informacje-o-parkingach\" id=\"m_1070481786903339264OWA583604c9-0f4f-ad5b-11a4-dd99db6c3bd6\" rel=\"noopener noreferrer\" target=\"_blank\">wa\u017cne informacje o&nbsp;parkingach<\/a><\/strong><\/p>\n<p><strong>Wszystko, co musisz wiedzie\u0107 przed wizyt\u0105 w&nbsp;NOSPR&nbsp;&ndash;&nbsp;<\/strong><strong><a data-saferedirecturl=\"https:\/\/www.google.com\/url?q=https:\/\/nospr.org.pl\/pl\/aktualnosci\/wszystko-co-musisz-wiedziec-przed-wizyta-w-nospr&amp;source=gmail&amp;ust=1723197131387000&amp;usg=AOvVaw0kMCs8oxFkm9XaUCfC6DH5\" href=\"https:\/\/nospr.org.pl\/pl\/aktualnosci\/wszystko-co-musisz-wiedziec-przed-wizyta-w-nospr\" id=\"m_1070481786903339264OWAe5e18766-eadf-e987-1d68-0e1e53dd4c36\" rel=\"noopener noreferrer\" target=\"_blank\">wskaz&oacute;wki dla uczestnik&oacute;w wydarze\u0144<\/a><\/strong><strong>.<\/strong><\/p>\n","protected":false},"excerpt":{"rendered":"<p>Szanowni Pa\u0144stwo, informujemy, \u017ce podczas koncertu b\u0119d\u0105 Pa\u0144stwo mogli skorzysta\u0107 oferty z&nbsp;baru kawowego znajduj\u0105cego si\u0119 w&nbsp;og&oacute;lnodost\u0119pnej przestrzeni NOSPR. A gdyby tak w walentynki nie i\u015b\u0107 z duchem czasu, tylko zanurzy\u0107 si\u0119 w tym, co minione? 14 lutego podczas wyj\u0105tkowego wieczoru w NOSPR zabrzmi\u0105 melodie z pierwszych film&oacute;w d\u017awi\u0119kowych, niezapomniane kompozycje Jerzego Petersburskiego i Henryka Warsa. [&hellip;]<\/p>\n","protected":false},"featured_media":0,"template":"","meta":{"_acf_changed":false,"inline_featured_image":false},"product_brand":[],"product_cat":[114],"product_tag":[],"class_list":{"0":"post-16889","1":"product","2":"type-product","3":"status-publish","5":"product_cat-cat_155","7":"first","8":"instock","9":"virtual","10":"purchasable","11":"product-type-simple"},"acf":[],"_links":{"self":[{"href":"https:\/\/nospr.org.pl\/sklep\/wp-json\/wp\/v2\/product\/16889","targetHints":{"allow":["GET"]}}],"collection":[{"href":"https:\/\/nospr.org.pl\/sklep\/wp-json\/wp\/v2\/product"}],"about":[{"href":"https:\/\/nospr.org.pl\/sklep\/wp-json\/wp\/v2\/types\/product"}],"wp:attachment":[{"href":"https:\/\/nospr.org.pl\/sklep\/wp-json\/wp\/v2\/media?parent=16889"}],"wp:term":[{"taxonomy":"product_brand","embeddable":true,"href":"https:\/\/nospr.org.pl\/sklep\/wp-json\/wp\/v2\/product_brand?post=16889"},{"taxonomy":"product_cat","embeddable":true,"href":"https:\/\/nospr.org.pl\/sklep\/wp-json\/wp\/v2\/product_cat?post=16889"},{"taxonomy":"product_tag","embeddable":true,"href":"https:\/\/nospr.org.pl\/sklep\/wp-json\/wp\/v2\/product_tag?post=16889"}],"curies":[{"name":"wp","href":"https:\/\/api.w.org\/{rel}","templated":true}]}}