{"id":14672,"date":"2024-12-06T15:30:39","date_gmt":"2024-12-06T14:30:39","guid":{"rendered":"https:\/\/nospr.org.pl\/sklep\/produkt\/amsterdam-sinfonietta-candida-thompson-bruce-liu\/"},"modified":"2025-04-13T19:28:51","modified_gmt":"2025-04-13T17:28:51","slug":"amsterdam-sinfonietta-candida-thompson-bruce-liu","status":"publish","type":"product","link":"https:\/\/nospr.org.pl\/sklep\/produkt\/amsterdam-sinfonietta-candida-thompson-bruce-liu\/","title":{"rendered":"Amsterdam Sinfonietta \/ Candida Thompson \/ Bruce Liu (zmiana godziny koncertu)"},"content":{"rendered":"<\/p>\n<p><strong>Szanowni Pa\u0144stwo, informujemy, \u017ce:<\/strong><\/p>\n<ul>\n<li><strong>&nbsp;z powod&oacute;w organizacyjnych godzina rozpocz\u0119cia koncertu uleg\u0142a zmianie z 18:00 na 19:30;<\/strong><\/li>\n<li><strong>w pi\u0105tek 4 kwietnia o 10:00 udost\u0119pnimy ostatni\u0105 pul\u0119 bilet&oacute;w.<\/strong><\/li>\n<\/ul>\n<p>&nbsp;<\/p>\n<p>Na ten moment czekali wszyscy &ndash; Bruce Liu powraca do NOSPR!<\/p>\n<p>Kiedy w 2021 roku, kilka dni po spektakularnym zwyci\u0119stwie w XVIII Konkursie Chopinowskim, Bruce Liu pojawi\u0142 si\u0119 na estradzie NOSPR, z miejsca zyska\u0142 1800 nowych fan&oacute;w (wi\u0119cej os&oacute;b nie zmie\u015bci\u0142o si\u0119 na sali, cho\u0107, jak pami\u0119tamy, pr&oacute;bowa\u0142y!). Jednak je\u015bli uwzgl\u0119dnimy 300 000 widz&oacute;w transmisji online, mo\u017cemy powiedzie\u0107, \u017ce tamten koncert przypiecz\u0119towa\u0142 gwiazdorski status kanadyjskiego pianisty.<\/p>\n<p>Bruce Liu zagra\u0142 w&oacute;wczas <em>I Koncert fortepianowy e-moll<\/em>, kt&oacute;ry zapewni\u0142 mu zwyci\u0119stwo w konkursie. Tym razem zabrzmi drugi z Chopinowskich koncert&oacute;w &ndash; w tonacji f-moll. Zar&oacute;wno w <em>Koncercie<\/em>, jak i w rozpoczynaj\u0105cym wiecz&oacute;r <em>Andante spianato i Wielkim Polonezie Es-dur<\/em> towarzyszy\u0107 mu b\u0119dzie Amsterdam Sinfonietta prowadzona przez Candid\u0119 Thompson. Tych artyst&oacute;w r&oacute;wnie\u017c mo\u017cecie kojarzy\u0107 z plakat&oacute;w NOSPR sprzed paru lat: w 2020 roku zesp&oacute;\u0142 wraz ze swoj\u0105 liderk\u0105 mia\u0142 towarzyszy\u0107 braciom Jussen, jednak ich wyst\u0119p zosta\u0142 odwo\u0142any z powodu pandemii.<\/p>\n<p>Podczas kwietniowego koncertu holenderska orkiestra zaprezentuje si\u0119 r&oacute;wnie\u017c w <em>Souvenir de Florence<\/em> Czajkowskiego i przejmuj\u0105cej <em>Arii<\/em> Mieczys\u0142awa Wajnberga. To b\u0119dzie niepowtarzalny wiecz&oacute;r!<\/p>\n<p>Szymon Maliszewski<\/p>\n<\/p>\n<p><strong>Czas trwania koncertu (\u0142\u0105cznie z&nbsp;przerw\u0105):<\/strong>&nbsp;ok.&nbsp;120 minut<\/p>\n<h3><strong>Czeka nas wyj\u0105tkowe zako\u0144czenie wieczoru!<\/strong><\/h3>\n<p>Bruce Liu tu\u017c po koncercie b\u0119dzie podpisywa\u0142 p\u0142yty w foyer NOSPR.<\/p>\n<p><a href=\"https:\/\/nospr.org.pl\/pl\/program\/s1-2024-2025\" id=\"OWAc683e7b2-4a00-139c-0bc9-f7b8af7a0de2\" target=\"_blank\">Sprawd\u017a pozosta\u0142e ko<\/a><a href=\"https:\/\/nospr.org.pl\/pl\/program\/s1-2024-2025\" target=\"_blank\">ncerty tej serii<\/a><\/p>\n<p data-delay=\"0\" data-scroll=\"fadeUp\"><strong>Wszystko, co musisz wiedzie\u0107 przed wizyt\u0105 w&nbsp;NOSPR&nbsp;&ndash;&nbsp;<a href=\"https:\/\/nospr.org.pl\/pl\/aktualnosci\/wszystko-co-musisz-wiedziec-przed-wizyta-w-nospr\">wskaz&oacute;wki dla uczestnik&oacute;w wydarze\u0144<\/a>.<\/strong><\/p>\n<p data-delay=\"0\" data-scroll=\"fadeUp\">Prosimy o&nbsp;zapoznanie&nbsp;si\u0119 z&nbsp;informacjami dotycz\u0105cymi parking&oacute;w w&nbsp;Strefie Kultury&nbsp;&ndash;&nbsp;<a href=\"https:\/\/nospr.org.pl\/pl\/aktualnosci\/wazne-informacje-o-parkingach\">wa\u017cne informacje o&nbsp;parkingach<\/a><\/p>\n","protected":false},"excerpt":{"rendered":"<p>Szanowni Pa\u0144stwo, informujemy, \u017ce: &nbsp;z powod&oacute;w organizacyjnych godzina rozpocz\u0119cia koncertu uleg\u0142a zmianie z 18:00 na 19:30; w pi\u0105tek 4 kwietnia o 10:00 udost\u0119pnimy ostatni\u0105 pul\u0119 bilet&oacute;w. &nbsp; Na ten moment czekali wszyscy &ndash; Bruce Liu powraca do NOSPR! Kiedy w 2021 roku, kilka dni po spektakularnym zwyci\u0119stwie w XVIII Konkursie Chopinowskim, Bruce Liu pojawi\u0142 si\u0119 [&hellip;]<\/p>\n","protected":false},"featured_media":0,"template":"","meta":{"_acf_changed":false,"inline_featured_image":false},"product_brand":[],"product_cat":[121],"product_tag":[],"class_list":{"0":"post-14672","1":"product","2":"type-product","3":"status-publish","5":"product_cat-cat_166","7":"first","8":"instock","9":"virtual","10":"purchasable","11":"product-type-simple"},"acf":[],"_links":{"self":[{"href":"https:\/\/nospr.org.pl\/sklep\/wp-json\/wp\/v2\/product\/14672","targetHints":{"allow":["GET"]}}],"collection":[{"href":"https:\/\/nospr.org.pl\/sklep\/wp-json\/wp\/v2\/product"}],"about":[{"href":"https:\/\/nospr.org.pl\/sklep\/wp-json\/wp\/v2\/types\/product"}],"wp:attachment":[{"href":"https:\/\/nospr.org.pl\/sklep\/wp-json\/wp\/v2\/media?parent=14672"}],"wp:term":[{"taxonomy":"product_brand","embeddable":true,"href":"https:\/\/nospr.org.pl\/sklep\/wp-json\/wp\/v2\/product_brand?post=14672"},{"taxonomy":"product_cat","embeddable":true,"href":"https:\/\/nospr.org.pl\/sklep\/wp-json\/wp\/v2\/product_cat?post=14672"},{"taxonomy":"product_tag","embeddable":true,"href":"https:\/\/nospr.org.pl\/sklep\/wp-json\/wp\/v2\/product_tag?post=14672"}],"curies":[{"name":"wp","href":"https:\/\/api.w.org\/{rel}","templated":true}]}}